{"id":252540,"date":"2026-01-10T22:04:38","date_gmt":"2026-01-10T19:04:38","guid":{"rendered":"https:\/\/baldumarket.lt\/product\/aston-an07-regal-lewostronny\/"},"modified":"2026-02-11T18:31:39","modified_gmt":"2026-02-11T15:31:39","slug":"aston-an07-regal-lewostronny","status":"publish","type":"product","link":"https:\/\/baldumarket.lt\/lt\/product\/aston-an07-regal-lewostronny\/","title":{"rendered":"ASTON AN07 KAIR\u0116 LENTYNA"},"content":{"rendered":"<p>Kairiarankiams skirta \u201eAston\u201c kolekcijos lentyna, modelis AN07, yra puikus sprendimas ie\u0161kantiems funkcionalaus ir stilingo interjero papildymo. Ji si\u016blo tobul\u0105 eleganti\u0161ko dizaino, auk\u0161tos kokyb\u0117s meistri\u0161kumo ir prakti\u0161kumo derin\u012f. \u201eAston AN07\u201c suteikia daug prakti\u0161kos vietos \u012fvairiems daiktams laikyti, leisdama jums sutvarkyti knygas, dekoracijas ir kitus smulkius daiktus, suteikdama kambariui tvarkos ir harmonijos. Lentyn\u0105 galima suasmeninti papildomomis parinktimis, tokiomis kaip LED ap\u0161vietimas.<\/p>\n<p>Plotis 55 cm Gylis 39 cm Auk\u0161tis 197 cm Produkto svoris su pakuote 39,10 kg Gamintojo kodas \/ simbolis AN07 Kolekcijos pavadinimas ASTON Pavadinimas b2b sistemoje ASTON AN07 CREMONA \u0104\u017dUOLO\/KA\u0160MYRO L LENTYN\u0172 KOMPLEKTAS Produkt\u0173 pakuo\u010di\u0173 skai\u010dius 3 Stilius Moderni \u012franga Surinkimo instrukcijos \/ surinkimo priedai Surinkimas Savaranki\u0161kam surinkimui Korpuso spalva Kremonos \u0105\u017euolas \/ ka\u0161myras Korpuso med\u017eiaga \/ tipas \/ storis 16 mm baldin\u0117 plok\u0161t\u0117 Korpuso vir\u0161utin\u0117s dalies med\u017eiaga \/ tipas \/ storis 28 mm baldin\u0117 plok\u0161t\u0117 Korpuso apatin\u0117s dalies med\u017eiaga \/ tipas \/ storis 16 mm baldin\u0117 plok\u0161t\u0117 Korpuso pagrindo med\u017eiaga \/ tipas \/ storis 16 mm baldin\u0117 plok\u0161t\u0117 Lentynos spalva Kremonos \u0105\u017euolas Lentynos med\u017eiaga \/ tipas \/ storis 16 mm baldin\u0117 plok\u0161t\u0117 Lentyn\u0173 kiekis 3 Galin\u0117s sienel\u0117s med\u017eiaga \/ tipas \/ storis 2,5 mm HDF baldin\u0117 plok\u0161t\u0117 Matomos galin\u0117s sienel\u0117s dalies spalva kremonos \u0105\u017euolas Priekin\u0117s dalies spalva ka\u0161myras \/ kremonos \u0105\u017euolas Priekin\u0117s med\u017eiagos \/ tipas \/ storis 16 mm MDF baldin\u0117 plok\u0161t\u0117 \/ 16 mm baldin\u0117 plok\u0161t\u0117 Priekinis vyris \u2300 35 mm reguliuojamas trijose plok\u0161tumose Priekin\u0117 rankena \/ apdaila \/ spalva Frezuotas \/ ka\u0161myras \u0160velnaus u\u017edarymo dur\u0173 sistema Standartin\u0117 komplektacija Kojel\u0117 \/ apdaila \/ spalva Nereguliuojama \/ plastikin\u0117 \/ juoda Kojel\u0117s auk\u0161tis 120 mm Dureli\u0173 skai\u010dius 1 Atvir\u0173 ni\u0161\u0173 skai\u010dius 3 U\u017edar\u0173 ni\u0161\u0173 skai\u010dius 2<\/p>","protected":false},"excerpt":{"rendered":"<p>The left-handed shelf from the Aston collection, model AN07, is the perfect solution for those seeking a functional and stylish addition to their interior. It offers a perfect combination of elegant design, high-quality craftsmanship, and practicality. The Aston AN07 provides ample practical storage space for a variety of items, allowing you to organize books, decorations, [&hellip;]<\/p>","protected":false},"featured_media":252541,"comment_status":"open","ping_status":"open","template":"","meta":[],"product_brand":[],"product_cat":[9299,2457,1177],"product_tag":[],"class_list":{"0":"post-252540","1":"product","2":"type-product","3":"status-publish","4":"has-post-thumbnail","6":"product_cat-system-mebli-aston-liveo","7":"product_cat-liveo","8":"product_cat-wardrobes","10":"first","11":"instock","12":"purchasable","13":"product-type-simple"},"_links":{"self":[{"href":"https:\/\/baldumarket.lt\/lt\/wp-json\/wp\/v2\/product\/252540","targetHints":{"allow":["GET"]}}],"collection":[{"href":"https:\/\/baldumarket.lt\/lt\/wp-json\/wp\/v2\/product"}],"about":[{"href":"https:\/\/baldumarket.lt\/lt\/wp-json\/wp\/v2\/types\/product"}],"replies":[{"embeddable":true,"href":"https:\/\/baldumarket.lt\/lt\/wp-json\/wp\/v2\/comments?post=252540"}],"wp:featuredmedia":[{"embeddable":true,"href":"https:\/\/baldumarket.lt\/lt\/wp-json\/wp\/v2\/media\/252541"}],"wp:attachment":[{"href":"https:\/\/baldumarket.lt\/lt\/wp-json\/wp\/v2\/media?parent=252540"}],"wp:term":[{"taxonomy":"product_brand","embeddable":true,"href":"https:\/\/baldumarket.lt\/lt\/wp-json\/wp\/v2\/product_brand?post=252540"},{"taxonomy":"product_cat","embeddable":true,"href":"https:\/\/baldumarket.lt\/lt\/wp-json\/wp\/v2\/product_cat?post=252540"},{"taxonomy":"product_tag","embeddable":true,"href":"https:\/\/baldumarket.lt\/lt\/wp-json\/wp\/v2\/product_tag?post=252540"}],"curies":[{"name":"wp","href":"https:\/\/api.w.org\/{rel}","templated":true}]}}