{"id":252532,"date":"2026-01-10T22:04:34","date_gmt":"2026-01-10T19:04:34","guid":{"rendered":"https:\/\/baldumarket.lt\/product\/aston-an06-witryna-prawostronna\/"},"modified":"2026-02-11T18:31:40","modified_gmt":"2026-02-11T15:31:40","slug":"aston-an06-witryna-prawostronna","status":"publish","type":"product","link":"https:\/\/baldumarket.lt\/lt\/product\/aston-an06-witryna-prawostronna\/","title":{"rendered":"ASTON AN06 DE\u0160INYSIS PUS\u0116S LANGAS"},"content":{"rendered":"<p>\u201eAston AN06\u201c vitrina pasi\u017eymi ne tik eleganti\u0161ku dizainu ir funkcionalumu, bet ir daugybe papildom\u0173 parink\u010di\u0173 bei funkcij\u0173, kurios pavers j\u0105 j\u016bs\u0173 interjero traukos centru. Papildomas LED ap\u0161vietimas suteikia unikalaus \u017eavesio ir i\u0161skirtin\u0117s i\u0161vaizdos, sukurdamas maloni\u0105 atmosfer\u0105 kambaryje. Naudojant auk\u0161tos kokyb\u0117s laminuot\u0105 plok\u0161t\u0119, \u017eema \u201eAston\u201c vitrina u\u017etikrina ne tik patvarum\u0105 ir atsparum\u0105 pa\u017eeidimams, bet ir esteti\u0161k\u0105 i\u0161vaizd\u0105, kuri tarnaus daugel\u012f met\u0173. Gr\u016bdintas stiklas, naudojamas vitrinos priekiniame stikle, u\u017etikrina ne tik saugum\u0105, bet ir puik\u0173 skaidrum\u0105 bei elegancij\u0105, i\u0161ry\u0161kindamas vitrinos turin\u012f.<\/p>\n<p>Plotis 55 cm Gylis 39 cm Auk\u0161tis 197 cm Produkto svoris su pakuote 46,55 kg Gamintojo kodas \/ simbolis AN06 Kolekcijos pavadinimas ASTON Pavadinimas b2b sistemoje ASTON AN06 CREMONA \u0104\u017dUOLO\/KA\u0160MYRO VITRIN\u0116 PP KOMPLEKTAS Produkto pakuo\u010di\u0173 skai\u010dius 3 Stilius Moderni \u012franga Surinkimo instrukcijos \/ surinkimo priedai Surinkimas Savaranki\u0161kam surinkimui Korpuso spalva Kremonos \u0105\u017euolas \/ ka\u0161myras Korpuso med\u017eiaga \/ tipas \/ storis 16 mm baldin\u0117 plok\u0161t\u0117 Korpuso vir\u0161utin\u0117 dalis \/ tipas \/ storis 28 mm baldin\u0117 plok\u0161t\u0117 Korpuso med\u017eiagos apatin\u0117 dalis \/ tipas \/ storis 16 mm baldin\u0117 plok\u0161t\u0117 Korpuso med\u017eiagos pagrindas \/ tipas \/ storis 16 mm baldin\u0117 plok\u0161t\u0117 Lentynos spalva Kremonos \u0105\u017euolas Lentynos med\u017eiaga \/ tipas \/ storis 16 mm baldin\u0117 plok\u0161t\u0117 Lentyn\u0173 kiekis 1 Galin\u0117s sienel\u0117s med\u017eiaga \/ tipas \/ storis 2,5 mm HDF baldin\u0117 plok\u0161t\u0117 Matoma galin\u0117s sienel\u0117s dalis Kremonos \u0105\u017euolo spalva Priekin\u0117 spalva Ka\u0161myras \/ Kremonos \u0105\u017euolas Priekin\u0117 med\u017eiaga \/ tipas \/ storis 16 mm MDF baldin\u0117 plok\u0161t\u0117 \/ 16 mm baldin\u0117 plok\u0161t\u0117 Priekinis vyris \u2300 35 mm reguliuojamas trijose plok\u0161tumose Priekin\u0117 rankena \/ med\u017eiaga \/ spalva Frezuota \/ Ka\u0161myras Glaz\u016bruotos priekin\u0117s dalies med\u017eiaga \/ stiklo spalva Gr\u016bdintas \/ skaidrus Glaz\u016bruoto priekinio stiklo storis 4 mm Stiklin\u0117s lentynos stiklo spalva Skaidri Stiklin\u0117s lentynos stiklo storis 5 mm Stiklini\u0173 lentyn\u0173 kiekis 2 \u0160velnaus u\u017edarymo dureli\u0173 sistema Standartin\u0117 komplektacija Kojel\u0117 \/ med\u017eiaga \/ spalva Nereguliuojama \/ plastikin\u0117 \/ juoda Kojel\u0117s auk\u0161tis 120 mm Dureli\u0173 skai\u010dius 2 U\u017edar\u0173 ni\u0161\u0173 skai\u010dius u\u017e priekinio stiklo 3 U\u017edar\u0173 ni\u0161\u0173 skai\u010dius 2<\/p>","protected":false},"excerpt":{"rendered":"<p>\u201eAston AN06\u201c vitrina pasi\u017eymi ne tik eleganti\u0161ku dizainu ir funkcionalumu, bet ir daugybe papildom\u0173 parink\u010di\u0173 bei funkcij\u0173, kurios pavers j\u0105 j\u016bs\u0173 interjero traukos centru. Papildomas LED ap\u0161vietimas suteikia unikalaus \u017eavesio ir i\u0161skirtin\u0117s i\u0161vaizdos, sukurdamas maloni\u0105 atmosfer\u0105 kambaryje. Naudojant auk\u0161tos kokyb\u0117s laminuot\u0105 plok\u0161t\u0119, \u201eAston low [\u2026]\u201c<\/p>","protected":false},"featured_media":252533,"comment_status":"open","ping_status":"open","template":"","meta":[],"product_brand":[],"product_cat":[9299,2457,2006],"product_tag":[],"class_list":{"0":"post-252532","1":"product","2":"type-product","3":"status-publish","4":"has-post-thumbnail","6":"product_cat-system-mebli-aston-liveo","7":"product_cat-liveo","8":"product_cat-vitrines","10":"first","11":"instock","12":"purchasable","13":"product-type-simple"},"_links":{"self":[{"href":"https:\/\/baldumarket.lt\/lt\/wp-json\/wp\/v2\/product\/252532","targetHints":{"allow":["GET"]}}],"collection":[{"href":"https:\/\/baldumarket.lt\/lt\/wp-json\/wp\/v2\/product"}],"about":[{"href":"https:\/\/baldumarket.lt\/lt\/wp-json\/wp\/v2\/types\/product"}],"replies":[{"embeddable":true,"href":"https:\/\/baldumarket.lt\/lt\/wp-json\/wp\/v2\/comments?post=252532"}],"wp:featuredmedia":[{"embeddable":true,"href":"https:\/\/baldumarket.lt\/lt\/wp-json\/wp\/v2\/media\/252533"}],"wp:attachment":[{"href":"https:\/\/baldumarket.lt\/lt\/wp-json\/wp\/v2\/media?parent=252532"}],"wp:term":[{"taxonomy":"product_brand","embeddable":true,"href":"https:\/\/baldumarket.lt\/lt\/wp-json\/wp\/v2\/product_brand?post=252532"},{"taxonomy":"product_cat","embeddable":true,"href":"https:\/\/baldumarket.lt\/lt\/wp-json\/wp\/v2\/product_cat?post=252532"},{"taxonomy":"product_tag","embeddable":true,"href":"https:\/\/baldumarket.lt\/lt\/wp-json\/wp\/v2\/product_tag?post=252532"}],"curies":[{"name":"wp","href":"https:\/\/api.w.org\/{rel}","templated":true}]}}