{"id":252508,"date":"2026-01-10T22:04:24","date_gmt":"2026-01-10T19:04:24","guid":{"rendered":"https:\/\/baldumarket.lt\/product\/aston-an03-komoda\/"},"modified":"2026-02-11T18:31:40","modified_gmt":"2026-02-11T15:31:40","slug":"aston-an03-komoda","status":"publish","type":"product","link":"https:\/\/baldumarket.lt\/lt\/product\/aston-an03-komoda\/","title":{"rendered":"ASTON AN03 SKRYN\u0172 KOMODOS"},"content":{"rendered":"<p>\u201eAston AN03\u201c komoda derina modern\u0173 dizain\u0105 su funkcionalumu ir elegancija. Rafinuota i\u0161vaizda ir auk\u0161tos kokyb\u0117s meistri\u0161kumas daro j\u0105 puikiai tinkan\u010di\u0105 \u012fvairiems interjerams, suteikdama jai stiliaus ir klas\u0117s. Kruop\u0161\u010diai atkreipus d\u0117mes\u012f \u012f detales, komoda pagaminta i\u0161 auk\u0161tos kokyb\u0117s med\u017eiag\u0173, toki\u0173 kaip laminuotos med\u017eio dro\u017eli\u0173 plok\u0161t\u0117s ir MDF. Minimalistin\u012f, ta\u010diau ry\u0161k\u0173 dizain\u0105 apib\u016bdina paprastos, geometrin\u0117s formos ir subtiliai apdirbtos detal\u0117s, suteikian\u010dios jai unikalaus \u017eavesio. Eleganti\u0161ko ka\u0161myro\/kremonos \u0105\u017euolo atspalvio \u201eAston\u201c komod\u0105 galima pritaikyti pagal individualius pageidavimus ir kambario dekor\u0105. Ji puikiai tinka svetain\u0117ms, miegamiesiems, koridoriams ir biurams, nes suteikia prakti\u0161kos vietos daiktams laikyti ir elegancijos.<\/p>\n<p>Plotis 157 cm Gylis 39 cm Auk\u0161tis 87,5 cm Produkto svoris su pakuote 57,25 kg Gamintojo kodas \/ simbolis an03 Kolekcijos pavadinimas ASTON Pavadinimas b2b sistemoje ASTON AN03 CREMONA \u0104\u017dUOLO\/KA\u0160MYRO KOMOD\u0172 KOMPLEKTAS Produkto pakuo\u010di\u0173 skai\u010dius 3 Stilius Moderni \u012franga Surinkimo instrukcijos \/ surinkimo priedai Surinkimas Savaranki\u0161kam surinkimui Korpuso spalva Kremonos \u0105\u017euolas \/ ka\u0161myras Korpuso med\u017eiaga \/ tipas \/ storis 16 mm baldin\u0117 plok\u0161t\u0117 Korpuso vir\u0161utin\u0117s dalies \/ tipas \/ storis 28 mm baldin\u0117 plok\u0161t\u0117 Korpuso med\u017eiagos apatin\u0117 dalis \/ tipas \/ storis 16 mm baldin\u0117 plok\u0161t\u0117 Korpuso pagrindo \/ tipo \/ storis 16 mm baldin\u0117 plok\u0161t\u0117 Lentynos spalva Kremonos \u0105\u017euolas Lentynos med\u017eiaga \/ tipas \/ storis 16 mm baldin\u0117 plok\u0161t\u0117 Lentyn\u0173 kiekis 3 Galin\u0117s sienel\u0117s med\u017eiaga \/ tipas \/ storis 2,5 mm HDF baldin\u0117 plok\u0161t\u0117 Matoma galin\u0117s sienel\u0117s dalis Kremonos \u0105\u017euolo spalva Priekin\u0117s dalies spalva Ka\u0161myras \/ Kremonos \u0105\u017euolas Priekin\u0117 apdaila Med\u017eiaga \/ tipas \/ storis 16 mm MDF baldin\u0117 plok\u0161t\u0117 \/ 16 mm baldin\u0117 plok\u0161t\u0117 Priekinis vyris \u2300 35 mm reguliuojamas trijose plok\u0161tumose Priekin\u0117 dalis Rankena \/ apdaila \/ spalva Frezuotas \/ Ka\u0161myras Dur\u0173 atidarymo sistema Atidaroma spaud\u017eiant 1 priekin\u0117s durel\u0117s \u0160velnaus u\u017edarymo sistema Standartinis Pilno i\u0161traukimo stal\u010di\u0173 b\u0117geliai Kojel\u0117 \/ apdaila \/ spalva Nereguliuojama \/ plastikin\u0117 \/ juoda Kojel\u0117s auk\u0161tis 120 mm Papildoma koja \/ apdaila \/ spalva Reguliuojama vidurin\u0117 dalis \/ plastikin\u0117 \/ juoda Dureli\u0173 skai\u010dius 3 Stal\u010di\u0173 skai\u010dius 1 U\u017edar\u0173 ni\u0161\u0173 skai\u010dius 6<\/p>","protected":false},"excerpt":{"rendered":"<p>\u201eAston AN03\u201c komoda derina modern\u0173 dizain\u0105 su funkcionalumu ir elegancija. Rafinuota i\u0161vaizda ir auk\u0161tos kokyb\u0117s meistri\u0161kumas leid\u017eia jai puikiai der\u0117ti \u012fvairiuose interjeruose, suteikiant jai stiliaus ir klas\u0117s. Komoda, pagaminta kruop\u0161\u010diai atkreipiant d\u0117mes\u012f \u012f detales, pagaminta i\u0161 auk\u0161tos kokyb\u0117s med\u017eiag\u0173, toki\u0173 kaip laminuotos med\u017eio dro\u017eli\u0173 plok\u0161t\u0117s ir MDF. [\u2026]<\/p>","protected":false},"featured_media":252509,"comment_status":"open","ping_status":"open","template":"","meta":[],"product_brand":[],"product_cat":[9299,1173,2457],"product_tag":[],"class_list":{"0":"post-252508","1":"product","2":"type-product","3":"status-publish","4":"has-post-thumbnail","6":"product_cat-system-mebli-aston-liveo","7":"product_cat-chests-of-drawers","8":"product_cat-liveo","10":"first","11":"instock","12":"purchasable","13":"product-type-simple"},"_links":{"self":[{"href":"https:\/\/baldumarket.lt\/lt\/wp-json\/wp\/v2\/product\/252508","targetHints":{"allow":["GET"]}}],"collection":[{"href":"https:\/\/baldumarket.lt\/lt\/wp-json\/wp\/v2\/product"}],"about":[{"href":"https:\/\/baldumarket.lt\/lt\/wp-json\/wp\/v2\/types\/product"}],"replies":[{"embeddable":true,"href":"https:\/\/baldumarket.lt\/lt\/wp-json\/wp\/v2\/comments?post=252508"}],"wp:featuredmedia":[{"embeddable":true,"href":"https:\/\/baldumarket.lt\/lt\/wp-json\/wp\/v2\/media\/252509"}],"wp:attachment":[{"href":"https:\/\/baldumarket.lt\/lt\/wp-json\/wp\/v2\/media?parent=252508"}],"wp:term":[{"taxonomy":"product_brand","embeddable":true,"href":"https:\/\/baldumarket.lt\/lt\/wp-json\/wp\/v2\/product_brand?post=252508"},{"taxonomy":"product_cat","embeddable":true,"href":"https:\/\/baldumarket.lt\/lt\/wp-json\/wp\/v2\/product_cat?post=252508"},{"taxonomy":"product_tag","embeddable":true,"href":"https:\/\/baldumarket.lt\/lt\/wp-json\/wp\/v2\/product_tag?post=252508"}],"curies":[{"name":"wp","href":"https:\/\/api.w.org\/{rel}","templated":true}]}}