{"id":252492,"date":"2026-01-10T22:04:17","date_gmt":"2026-01-10T19:04:17","guid":{"rendered":"https:\/\/baldumarket.lt\/product\/aston-an01-rtv\/"},"modified":"2026-02-11T18:31:40","modified_gmt":"2026-02-11T15:31:40","slug":"aston-an01-rtv","status":"publish","type":"product","link":"https:\/\/baldumarket.lt\/lt\/product\/aston-an01-rtv\/","title":{"rendered":"ASTON AN01 RTV"},"content":{"rendered":"<p>\u201eAston AN01 RTV\u201c \u2013 stilingas ir funkcionalus sprendimas j\u016bs\u0173 svetainei. \u0160i serija, sukurta atsi\u017evelgiant \u012f modern\u0173 interjero dizain\u0105, derina minimalistin\u012f dizain\u0105 su auk\u0161tos kokyb\u0117s meistri\u0161kumu. \u201eAston AN01 RTV\u201c si\u016blo daug vietos \u012fvairiems daiktams laikyti, tod\u0117l lengva palaikyti tvark\u0105 j\u016bs\u0173 svetain\u0117je. Spintel\u0117 turi tiek atviras, tiek u\u017edaras lentynas, leid\u017eian\u010dias patogiai i\u0161d\u0117styti elektronik\u0105, medijos \u012frenginius ir dekoracijas. \u201eAston AN01 RTV\u201c yra puikus pasirinkimas tiems, kurie ie\u0161ko prakti\u0161k\u0173 ir stiling\u0173 sprendim\u0173 savo svetainei, sukurdami harmoning\u0105 ir patraukli\u0105 erdv\u0119 poilsiui ir atsipalaidavimui.<\/p>\n<p>Plotis 157 cm Gylis 39 cm Auk\u0161tis 60 cm Produkto svoris su pakuote 38,70 kg Gamintojo kodas \/ simbolis an01 Kolekcijos pavadinimas aston Pavadinimas b2b sistemoje ASTON AN01 CREMONA OAK\/CASHMERE RTV KPL Produkto pakuo\u010di\u0173 skai\u010dius 3 Stilius Moderni \u012franga Surinkimo instrukcijos \/ surinkimo priedai Surinkimas Savaranki\u0161kam surinkimui Korpuso spalva cremona \u0105\u017euolas \/ ka\u0161myras Korpuso vir\u0161utin\u0117s dalies med\u017eiaga \/ tipas \/ storis 28 mm bald\u0173 plok\u0161t\u0117 Korpuso apatin\u0117s dalies med\u017eiaga \/ tipas \/ storis 16 mm bald\u0173 plok\u0161t\u0117 Korpuso pagrindo med\u017eiaga \/ tipas \/ storis 16 mm bald\u0173 plok\u0161t\u0117 Lentynos spalva cremona \u0105\u017euolas Lentynos med\u017eiaga \/ tipas \/ storis 16 mm bald\u0173 plok\u0161t\u0117 Lentyn\u0173 kiekis 1 Galin\u0117s sienel\u0117s med\u017eiaga \/ tipas \/ storis 2,5 mm HDF bald\u0173 plok\u0161t\u0117 Matomos galin\u0117s sienel\u0117s dalies spalva cremona \u0105\u017euolas Priekin\u0117s dalies spalva ka\u0161myras \/ cremona \u0105\u017euolas Priekin\u0117s med\u017eiagos \/ tipas \/ storis 16 mm MDF bald\u0173 plok\u0161t\u0117 \/ 16 mm bald\u0173 plok\u0161t\u0117 Priekinis vyris \u2300 35 mm, reguliuojamas trijose plok\u0161tumose Priekin\u0117 rankena \/ apdaila \/ spalva Frezuotas \/ ka\u0161myras Skyl\u0117 RTV kabeliams \u2300 50 mm \u0160velnaus u\u017edarymo dureli\u0173 sistema Standartin\u0117 Kojel\u0117 \/ apdaila \/ spalva Nereguliuojama \/ plastikin\u0117 \/ juoda Kojel\u0117s auk\u0161tis 120 mm Papildoma koja \/ apdaila \/ spalva Reguliuojama vidurin\u0117 dalis \/ plastikin\u0117 \/ juoda Dureli\u0173 skai\u010dius 2 Atvir\u0173 ni\u0161\u0173 skai\u010dius 2 U\u017edar\u0173 ni\u0161\u0173 skai\u010dius 2<\/p>","protected":false},"excerpt":{"rendered":"<p>\u201eAston AN01 RTV\u201c \u2013 stilingas ir funkcionalus sprendimas j\u016bs\u0173 svetainei. \u0160i serija, sukurta atsi\u017evelgiant \u012f modern\u0173 interjero dizain\u0105, derina minimalistin\u012f dizain\u0105 su auk\u0161tos kokyb\u0117s meistri\u0161kumu. \u201eAston AN01 RTV\u201c si\u016blo daug vietos \u012fvairiems daiktams laikyti, tod\u0117l lengva palaikyti tvark\u0105 j\u016bs\u0173 svetain\u0117je. Spintel\u0117 turi tiek atvir\u0105, tiek [\u2026]<\/p>","protected":false},"featured_media":252493,"comment_status":"open","ping_status":"open","template":"","meta":[],"product_brand":[],"product_cat":[9299,2457,1175],"product_tag":[],"class_list":{"0":"post-252492","1":"product","2":"type-product","3":"status-publish","4":"has-post-thumbnail","6":"product_cat-system-mebli-aston-liveo","7":"product_cat-liveo","8":"product_cat-tv-stands","10":"first","11":"instock","12":"purchasable","13":"product-type-simple"},"_links":{"self":[{"href":"https:\/\/baldumarket.lt\/lt\/wp-json\/wp\/v2\/product\/252492","targetHints":{"allow":["GET"]}}],"collection":[{"href":"https:\/\/baldumarket.lt\/lt\/wp-json\/wp\/v2\/product"}],"about":[{"href":"https:\/\/baldumarket.lt\/lt\/wp-json\/wp\/v2\/types\/product"}],"replies":[{"embeddable":true,"href":"https:\/\/baldumarket.lt\/lt\/wp-json\/wp\/v2\/comments?post=252492"}],"wp:featuredmedia":[{"embeddable":true,"href":"https:\/\/baldumarket.lt\/lt\/wp-json\/wp\/v2\/media\/252493"}],"wp:attachment":[{"href":"https:\/\/baldumarket.lt\/lt\/wp-json\/wp\/v2\/media?parent=252492"}],"wp:term":[{"taxonomy":"product_brand","embeddable":true,"href":"https:\/\/baldumarket.lt\/lt\/wp-json\/wp\/v2\/product_brand?post=252492"},{"taxonomy":"product_cat","embeddable":true,"href":"https:\/\/baldumarket.lt\/lt\/wp-json\/wp\/v2\/product_cat?post=252492"},{"taxonomy":"product_tag","embeddable":true,"href":"https:\/\/baldumarket.lt\/lt\/wp-json\/wp\/v2\/product_tag?post=252492"}],"curies":[{"name":"wp","href":"https:\/\/api.w.org\/{rel}","templated":true}]}}