{"id":252489,"date":"2026-01-10T22:04:14","date_gmt":"2026-01-10T19:04:14","guid":{"rendered":"https:\/\/baldumarket.lt\/product\/aris-as15-szafka-nocna-uniwersalna-lewostronna-prawostronna\/"},"modified":"2026-02-11T18:31:40","modified_gmt":"2026-02-11T15:31:40","slug":"aris-as15-szafka-nocna-uniwersalna-lewostronna-prawostronna","status":"publish","type":"product","link":"https:\/\/baldumarket.lt\/lt\/product\/aris-as15-szafka-nocna-uniwersalna-lewostronna-prawostronna\/","title":{"rendered":"ARIS AS15 UNIVERSALI NAKTIN\u0116 SPINTEL\u0116 KAIR\u0116\/DE\u0160IN\u0116"},"content":{"rendered":"<p>Naktinis staliukas \u201eARIS AS15\u201c \u2013 tai \u012fsp\u016bdingas baldas, kuris puikiai papildys bet kur\u012f miegam\u0105j\u012f. Kompakti\u0161kas dizainas suteikia \u017eavesio ir funkcionalumo. Spintel\u0117s apa\u010dioje esantis stal\u010dius puikiai tinka smulkiems daiktams laikyti, o atvira ni\u0161a \u2013 m\u0117gstamai knygai ar plan\u0161etiniam kompiuteriui. Universalus i\u0161planavimas leid\u017eia pasirinkti, kaip norite surinkti spintel\u0119. \u0160i nepretenzinga, ta\u010diau labai funkcionali spintel\u0117 papuo\u0161 j\u016bs\u0173 miegam\u0105j\u012f. Ji patraukia d\u0117mes\u012f d\u0117l madingo spalv\u0173 derinio. Blizg\u016bs juodi fasadai kartu su med\u017eio ra\u0161tu ir lameli\u0173 efektu suteikia interjerui elegancijos. Auk\u0161tos juodos kojel\u0117s kartu su juodomis rankenomis paver\u010dia spintel\u0119 dekoratyvine detale. Spintel\u0117 puikiai dera su kitais \u201eARIS\u201c serijos baldais arba yra atskiras baldas, prisitaikantis prie j\u016bs\u0173 kambario interjero dizaino.<\/p>\n<p>Plotis 52 cm Gylis 39 cm Auk\u0161tis 50 cm Produkto svoris su pakuote 15,85 kg Gamintojo kodas \/ simbolis AS15 Kolekcijos pavadinimas ARIS Pavadinimas b2b sistemoje ARIS AS15 \u0104\u017dUOLO E\/JUODOS BLIZGOS NAKTIN\u0116S SPINTEL\u0116S KOMPLEKTAS Produkto pakuo\u010di\u0173 skai\u010dius 2 Stilius Moderni \u012franga Surinkimo instrukcijos \/ surinkimo priedai Surinkimui Savaranki\u0161kam surinkimui Korpuso spalva Evoke \u0105\u017euolas Korpuso med\u017eiaga \/ tipas \/ storis 16 mm baldin\u0117 plok\u0161t\u0117 Vir\u0161utin\u0117 korpuso apdaila \/ med\u017eiaga \/ tipas \/ storis 22 mm baldin\u0117 plok\u0161t\u0117 Apatin\u0117 korpuso apdaila \/ med\u017eiaga \/ tipas \/ storis 22 mm baldin\u0117 plok\u0161t\u0117 Galin\u0117s sienel\u0117s med\u017eiaga \/ tipas \/ storis 2,5 mm HDF baldin\u0117 plok\u0161t\u0117 Matomos galin\u0117s sienel\u0117s dalies spalva Juoda Priekin\u0117 spalva Evoke \u0105\u017euolas \/ juodas blizgus Priekin\u0117 med\u017eiaga \/ tipas \/ storis 16 mm baldin\u0117 plok\u0161t\u0117 Priekin\u0117 ranken\u0117l\u0117 \/ apdaila \/ spalva Plastikin\u0117 \/ juoda Pilno i\u0161traukimo stal\u010di\u0173 b\u0117geliai Kojel\u0117 \/ apdaila \/ spalva Reguliuojama \/ plastikin\u0117 \/ juoda Kojel\u0117s auk\u0161tis 110 mm Stal\u010di\u0173 skai\u010dius 1 Atvir\u0173 ni\u0161\u0173 skai\u010dius 1 Universalus korpusas kairinis \/ de\u0161ininis TAIP<\/p>","protected":false},"excerpt":{"rendered":"<p>ARIS AS15 naktinis staliukas \u2013 \u012fsp\u016bdingas baldas, kuris puikiai papildys bet kur\u012f miegam\u0105j\u012f. Kompakti\u0161kas dizainas suteikia \u017eavesio ir funkcionalumo. Spintel\u0117s apa\u010dioje esantis stal\u010dius puikiai tinka smulkiems daiktams laikyti, o atvira \u012fduba \u2013 m\u0117gstamai knygai ar plan\u0161etiniam kompiuteriui. Universalus i\u0161d\u0117stymas leid\u017eia [\u2026]<\/p>","protected":false},"featured_media":252490,"comment_status":"open","ping_status":"open","template":"","meta":[],"product_brand":[],"product_cat":[9298,1176,2457],"product_tag":[],"class_list":{"0":"post-252489","1":"product","2":"type-product","3":"status-publish","4":"has-post-thumbnail","6":"product_cat-system-mebli-aris-liveo","7":"product_cat-bedside-tables","8":"product_cat-liveo","10":"first","11":"instock","12":"purchasable","13":"product-type-simple"},"_links":{"self":[{"href":"https:\/\/baldumarket.lt\/lt\/wp-json\/wp\/v2\/product\/252489","targetHints":{"allow":["GET"]}}],"collection":[{"href":"https:\/\/baldumarket.lt\/lt\/wp-json\/wp\/v2\/product"}],"about":[{"href":"https:\/\/baldumarket.lt\/lt\/wp-json\/wp\/v2\/types\/product"}],"replies":[{"embeddable":true,"href":"https:\/\/baldumarket.lt\/lt\/wp-json\/wp\/v2\/comments?post=252489"}],"wp:featuredmedia":[{"embeddable":true,"href":"https:\/\/baldumarket.lt\/lt\/wp-json\/wp\/v2\/media\/252490"}],"wp:attachment":[{"href":"https:\/\/baldumarket.lt\/lt\/wp-json\/wp\/v2\/media?parent=252489"}],"wp:term":[{"taxonomy":"product_brand","embeddable":true,"href":"https:\/\/baldumarket.lt\/lt\/wp-json\/wp\/v2\/product_brand?post=252489"},{"taxonomy":"product_cat","embeddable":true,"href":"https:\/\/baldumarket.lt\/lt\/wp-json\/wp\/v2\/product_cat?post=252489"},{"taxonomy":"product_tag","embeddable":true,"href":"https:\/\/baldumarket.lt\/lt\/wp-json\/wp\/v2\/product_tag?post=252489"}],"curies":[{"name":"wp","href":"https:\/\/api.w.org\/{rel}","templated":true}]}}