{"id":252481,"date":"2026-01-10T22:04:10","date_gmt":"2026-01-10T19:04:10","guid":{"rendered":"https:\/\/baldumarket.lt\/product\/aris-as14-180-s-p-loze-z-pojemnikiem-na-posciel\/"},"modified":"2026-02-11T18:31:40","modified_gmt":"2026-02-11T15:31:40","slug":"aris-as14-180-s-p-loze-z-pojemnikiem-na-posciel","status":"publish","type":"product","link":"https:\/\/baldumarket.lt\/lt\/product\/aris-as14-180-s-p-loze-z-pojemnikiem-na-posciel\/","title":{"rendered":"ARIS AS14\/180 SP Lova su patalyn\u0117s d\u0117\u017ee"},"content":{"rendered":"<p>Lova ARIS AS14 si\u016blo komfort\u0105 ir patogum\u0105, derinam\u0105 su i\u0161skirtine, modernia i\u0161vaizda. Lova turi metalin\u012f r\u0117m\u0105 su hidraulinio pak\u0117limo funkcija, po kuriuo yra didelis patalyn\u0117s skyrius. \u0160is skyrius yra geriausias pasirinkimas ma\u017eam miegamajam; interjeras yra padalintas \u012f dvi dalis, tod\u0117l kiekvienas sve\u010dias turi savo viet\u0105 atsarginei patalynei. \u010ciu\u017einys ne\u012fskai\u010diuotas; j\u012f galima \u012fsigyti atskirai. Lova puikiai dera \u012f modernaus stiliaus erdves. Stilingas spalv\u0173 derinys paver\u010dia j\u0105 tikra ak\u012f traukian\u010dia detale. Be to, lovos r\u0117m\u0105 galima ap\u0161viesti LED juostele (u\u017e papildom\u0105 mokest\u012f), sukurian\u010dia subtil\u0173 \u0161vyt\u0117jim\u0105 ir romanti\u0161k\u0105 atmosfer\u0105. Juodi fasadai kartu su med\u017eio dekoru, praturtintu groteli\u0173 efektu, suteikia interjerui elegancijos. Lova, kuri\u0105 galima \u012fsigyti trij\u0173 dyd\u017ei\u0173: 140 cm, 160 cm ir 180 cm, puikiai tinka derinti su kitais ARIS serijos baldais arba kaip atskiras baldas, prisitaikantis prie j\u016bs\u0173 kambario interjero.<\/p>\n<p>Plotis 185 cm Ilgis 215 cm Auk\u0161tis 102 cm Miegamoji erdv\u0117 180 cm x 200 cm Produkto svoris su pakuote 121,90 kg Gamintojo kodas \/ simbolis AS14\/180S.P. Kolekcijos pavadinimas ARIS Pavadinimas b2b sistemoje ARIS AS14\/180 \u0104\u017dUOLO E\/JUODA LOVA 180 su talpa KPL Produkto pakuo\u010di\u0173 skai\u010dius 6 Stilius Modernus \u012eranga Surinkimo instrukcijos \/ surinkimo priedai Surinkimas Savaranki\u0161kam surinkimui Spalvos Evoke \u0105\u017euolas \/ juoda Vir\u0161utin\u0117s dalies med\u017eiaga \/ tipas \/ storis 16 mm bald\u0173 lenta \/ 22 mm bald\u0173 lenta \/ lentjuost\u0117s 18 mm MDF bald\u0173 lenta Kair\u0117s ir de\u0161in\u0117s pusi\u0173 med\u017eiaga \/ tipas \/ storis 22 mm bald\u0173 lenta Dugno med\u017eiaga \/ tipas \/ storis 22 mm bald\u0173 lenta Pagrindo med\u017eiaga \/ tipas \/ storis 16 mm bald\u0173 lenta Kojel\u0117 \/ med\u017eiaga \/ spalva Nereguliuojama \/ Bald\u0173 slydiklis \/ plastikas \/ juoda R\u0117mas Standartinis R\u0117mo med\u017eiaga Metalinis r\u0117mas \/ medin\u0117s lentjuost\u0117s R\u0117mo lentjuos\u010di\u0173 skai\u010dius 48 Patalyn\u0117 Standartinis Konteinerio tipas vidin\u0117 lovoje U\u017edar\u0173 ni\u0161\u0173 skai\u010dius 2<\/p>","protected":false},"excerpt":{"rendered":"<p>The ARIS AS14 bed offers comfort and convenience, combined with an exclusive, modern look. The bed features a metal frame with a hydraulic lift function, beneath which there is a large storage compartment for bedding. The storage compartment is the best choice for a small bedroom; the interior is divided in half, so each guest [&hellip;]<\/p>","protected":false},"featured_media":252482,"comment_status":"open","ping_status":"open","template":"","meta":[],"product_brand":[],"product_cat":[9298,505,2457],"product_tag":[],"class_list":{"0":"post-252481","1":"product","2":"type-product","3":"status-publish","4":"has-post-thumbnail","6":"product_cat-system-mebli-aris-liveo","7":"product_cat-bedroom-beds","8":"product_cat-liveo","10":"first","11":"instock","12":"purchasable","13":"product-type-simple"},"_links":{"self":[{"href":"https:\/\/baldumarket.lt\/lt\/wp-json\/wp\/v2\/product\/252481","targetHints":{"allow":["GET"]}}],"collection":[{"href":"https:\/\/baldumarket.lt\/lt\/wp-json\/wp\/v2\/product"}],"about":[{"href":"https:\/\/baldumarket.lt\/lt\/wp-json\/wp\/v2\/types\/product"}],"replies":[{"embeddable":true,"href":"https:\/\/baldumarket.lt\/lt\/wp-json\/wp\/v2\/comments?post=252481"}],"wp:featuredmedia":[{"embeddable":true,"href":"https:\/\/baldumarket.lt\/lt\/wp-json\/wp\/v2\/media\/252482"}],"wp:attachment":[{"href":"https:\/\/baldumarket.lt\/lt\/wp-json\/wp\/v2\/media?parent=252481"}],"wp:term":[{"taxonomy":"product_brand","embeddable":true,"href":"https:\/\/baldumarket.lt\/lt\/wp-json\/wp\/v2\/product_brand?post=252481"},{"taxonomy":"product_cat","embeddable":true,"href":"https:\/\/baldumarket.lt\/lt\/wp-json\/wp\/v2\/product_cat?post=252481"},{"taxonomy":"product_tag","embeddable":true,"href":"https:\/\/baldumarket.lt\/lt\/wp-json\/wp\/v2\/product_tag?post=252481"}],"curies":[{"name":"wp","href":"https:\/\/api.w.org\/{rel}","templated":true}]}}