{"id":252462,"date":"2026-01-10T22:04:00","date_gmt":"2026-01-10T19:04:00","guid":{"rendered":"https:\/\/baldumarket.lt\/product\/aris-as13-polka-wiszaca\/"},"modified":"2026-02-11T18:31:40","modified_gmt":"2026-02-11T15:31:40","slug":"aris-as13-polka-wiszaca","status":"publish","type":"product","link":"https:\/\/baldumarket.lt\/lt\/product\/aris-as13-polka-wiszaca\/","title":{"rendered":"ARIS AS13 PAKABINAME LENTYNA"},"content":{"rendered":"<p>ARIS AS13 lentyna yra funkcionalus ir \u012fdomios estetikos papildymas, puikiai i\u0161d\u0117liojantis dekoracijas ir nieku\u010dius. 148 cm ilgio lentyna suteikia papildomos erdv\u0117s ir dekoratyvini\u0173 element\u0173. Ji puikiai dera su kitais ARIS serijos baldais arba yra atskiras baldas, prisitaikantis prie j\u016bs\u0173 kambario dizaino.<\/p>\n<p>Plotis 148 cm Gylis 23,5 cm Auk\u0161tis 22 cm Produkto svoris su pakuote 9,65 kg Gamintojo kodas \/ simbolis AS13 Kolekcijos pavadinimas ARIS Pavadinimas b2b sistemoje ARIS AS13 \u0104\u017dUOLAS E\/JUODAS BLIZGUS LENTYN\u0172 KOMPLEKTAS Produkto pakuo\u010di\u0173 skai\u010dius 1 Stilius Modernus \u012eranga Surinkimo instrukcijos \/ surinkimo priedai Surinkimas Savaranki\u0161kam surinkimui Spalvos \u0104\u017euolo imitacija Korpuso med\u017eiaga \/ tipas \/ storis 16 mm bald\u0173 plok\u0161t\u0117 Korpuso vir\u0161utin\u0117s dalies med\u017eiaga \/ tipas \/ storis 22 mm bald\u0173 plok\u0161t\u0117 Korpuso \u012franga Reguliuojami bald\u0173 pakabos<\/p>","protected":false},"excerpt":{"rendered":"<p>ARIS AS13 lentyna yra funkcionalus priedas, pasi\u017eymintis \u012fdomia estetika, kurioje gra\u017eiai eksponuojamos dekoracijos ir nieku\u010diai. 148 cm ilgio lentyna suteikia papildomos erdv\u0117s ir dekoratyvini\u0173 variant\u0173. Ji puikiai dera su kitais ARIS serijos baldais arba kaip atskiras baldas, prisitaikantis prie j\u016bs\u0173 kambario dizaino. Plotis 148 cm Gylis [\u2026]<\/p>","protected":false},"featured_media":252414,"comment_status":"open","ping_status":"open","template":"","meta":[],"product_brand":[],"product_cat":[9298,1174,2457],"product_tag":[],"class_list":{"0":"post-252462","1":"product","2":"type-product","3":"status-publish","4":"has-post-thumbnail","6":"product_cat-system-mebli-aris-liveo","7":"product_cat-hanging-shelves","8":"product_cat-liveo","10":"first","11":"instock","12":"purchasable","13":"product-type-simple"},"_links":{"self":[{"href":"https:\/\/baldumarket.lt\/lt\/wp-json\/wp\/v2\/product\/252462","targetHints":{"allow":["GET"]}}],"collection":[{"href":"https:\/\/baldumarket.lt\/lt\/wp-json\/wp\/v2\/product"}],"about":[{"href":"https:\/\/baldumarket.lt\/lt\/wp-json\/wp\/v2\/types\/product"}],"replies":[{"embeddable":true,"href":"https:\/\/baldumarket.lt\/lt\/wp-json\/wp\/v2\/comments?post=252462"}],"wp:featuredmedia":[{"embeddable":true,"href":"https:\/\/baldumarket.lt\/lt\/wp-json\/wp\/v2\/media\/252414"}],"wp:attachment":[{"href":"https:\/\/baldumarket.lt\/lt\/wp-json\/wp\/v2\/media?parent=252462"}],"wp:term":[{"taxonomy":"product_brand","embeddable":true,"href":"https:\/\/baldumarket.lt\/lt\/wp-json\/wp\/v2\/product_brand?post=252462"},{"taxonomy":"product_cat","embeddable":true,"href":"https:\/\/baldumarket.lt\/lt\/wp-json\/wp\/v2\/product_cat?post=252462"},{"taxonomy":"product_tag","embeddable":true,"href":"https:\/\/baldumarket.lt\/lt\/wp-json\/wp\/v2\/product_tag?post=252462"}],"curies":[{"name":"wp","href":"https:\/\/api.w.org\/{rel}","templated":true}]}}