{"id":252461,"date":"2026-01-10T22:03:57","date_gmt":"2026-01-10T19:03:57","guid":{"rendered":"https:\/\/baldumarket.lt\/product\/aris-as12-polki-wewnetrzne-do-szafy-as11-2-szt\/"},"modified":"2026-02-11T18:31:41","modified_gmt":"2026-02-11T15:31:41","slug":"aris-as12-polki-wewnetrzne-do-szafy-as11-2-szt","status":"publish","type":"product","link":"https:\/\/baldumarket.lt\/lt\/product\/aris-as12-polki-wewnetrzne-do-szafy-as11-2-szt\/","title":{"rendered":"ARIS AS12 VIDIN\u0116S LENTYNOS SPINTELEI AS11 2 VNT"},"content":{"rendered":"<p>Dviej\u0173 dali\u0173 komplekte esan\u010dios lentynos ARIS AS12 yra papildomas ARIS AS11 spintos \u012frangos elementas, kurio \u012frengimas vertas d\u0117mesio, siekiant i\u0161pl\u0117sti jos funkcionalum\u0105.<\/p>\n<p>Plotis 77,5 cm Gylis 48 cm Auk\u0161tis 1,6 cm Produkto svoris su pakuote 8,30 kg Gamintojo kodas \/ simbolis AS12 Kolekcijos pavadinimas ARIS Pavadinimas b2b sistemoje ARIS AS12 \u0104\u017dUOLO E\/JUODOS BLIZGOS LENTYN\u0172 KOMPLEKTAS Produkto pakuo\u010di\u0173 skai\u010dius 1 \u012eranga Surinkimo instrukcijos \/ surinkimo priedai Surinkimas Savaranki\u0161kam surinkimui Lentynos spalva Evoke \u0105\u017euolas Lentynos apdailos med\u017eiaga \/ tipas \/ storis 16 mm baldin\u0117 plok\u0161t\u0117 Lentyn\u0173 kiekis 2<\/p>","protected":false},"excerpt":{"rendered":"<p>ARIS AS12 shelves in a set of two pieces are a complementary element of the ARIS AS11 wardrobe equipment, the installation of which is worth considering in order to expand its functionality. Width 77.5 cm Depth 48 cm Height 1.6 cm Product weight with packaging 8.30 kg Manufacturer&#8217;s code \/ symbol AS12 Collection name ARIS [&hellip;]<\/p>","protected":false},"featured_media":252453,"comment_status":"open","ping_status":"open","template":"","meta":[],"product_brand":[],"product_cat":[9251,9298,2457],"product_tag":[],"class_list":{"0":"post-252461","1":"product","2":"type-product","3":"status-publish","4":"has-post-thumbnail","6":"product_cat-musor","7":"product_cat-system-mebli-aris-liveo","8":"product_cat-liveo","10":"first","11":"instock","12":"purchasable","13":"product-type-simple"},"_links":{"self":[{"href":"https:\/\/baldumarket.lt\/lt\/wp-json\/wp\/v2\/product\/252461","targetHints":{"allow":["GET"]}}],"collection":[{"href":"https:\/\/baldumarket.lt\/lt\/wp-json\/wp\/v2\/product"}],"about":[{"href":"https:\/\/baldumarket.lt\/lt\/wp-json\/wp\/v2\/types\/product"}],"replies":[{"embeddable":true,"href":"https:\/\/baldumarket.lt\/lt\/wp-json\/wp\/v2\/comments?post=252461"}],"wp:featuredmedia":[{"embeddable":true,"href":"https:\/\/baldumarket.lt\/lt\/wp-json\/wp\/v2\/media\/252453"}],"wp:attachment":[{"href":"https:\/\/baldumarket.lt\/lt\/wp-json\/wp\/v2\/media?parent=252461"}],"wp:term":[{"taxonomy":"product_brand","embeddable":true,"href":"https:\/\/baldumarket.lt\/lt\/wp-json\/wp\/v2\/product_brand?post=252461"},{"taxonomy":"product_cat","embeddable":true,"href":"https:\/\/baldumarket.lt\/lt\/wp-json\/wp\/v2\/product_cat?post=252461"},{"taxonomy":"product_tag","embeddable":true,"href":"https:\/\/baldumarket.lt\/lt\/wp-json\/wp\/v2\/product_tag?post=252461"}],"curies":[{"name":"wp","href":"https:\/\/api.w.org\/{rel}","templated":true}]}}