{"id":252457,"date":"2026-01-10T22:03:53","date_gmt":"2026-01-10T19:03:53","guid":{"rendered":"https:\/\/baldumarket.lt\/product\/aris-as11-szafa-z-lustrem\/"},"modified":"2026-02-11T18:31:41","modified_gmt":"2026-02-11T15:31:41","slug":"aris-as11-szafa-z-lustrem","status":"publish","type":"product","link":"https:\/\/baldumarket.lt\/lt\/product\/aris-as11-szafa-z-lustrem\/","title":{"rendered":"ARIS AS11 Drabu\u017ein\u0117 su veidrod\u017eiu"},"content":{"rendered":"<p>Madinga ir prakti\u0161ka keturi\u0173 dur\u0173 spinta ARIS AS11 puikiai tinka miegamajam arba persirengimo kambariui. Trys b\u0117geliai leid\u017eia pakabinti mar\u0161kinius, kelnes, sijonus ir sukneles, tod\u0117l lengvai pasieksite atskirus garderobo daiktus. Trys erdv\u016bs stal\u010diai skirti aksesuarams ir apatiniams drabu\u017eiams susid\u0117ti. Spint\u0105 galima papildyti ARIS AS12 lentynomis, kurios palengvins j\u016bs\u0173 garderobo organizavim\u0105. Du veidrod\u017eiai priekyje ne tik vizualiai praver\u010dia, bet ir vizualiai padidina kambar\u012f. Spinta puikiai dera \u012f modernaus stiliaus erdves. Stilingi spalv\u0173 deriniai patraukia d\u0117mes\u012f. Blizg\u016bs juodi fasadai kartu su med\u017eio ra\u0161to apdaila ir lameli\u0173 efektu suteikia interjerui elegancijos. Auk\u0161tos juodos kojel\u0117s kartu su juodomis rankenomis paver\u010dia spint\u0105 dekoratyvine detale. Spinta puikiai dera su kitais ARIS serijos baldais arba yra atskiras baldas, leid\u017eiantis j\u0105 pritaikyti prie savo kambario interjero.<\/p>\n<p>Plotis 187,5 cm Gylis 54,5 cm Auk\u0161tis 205,5 cm Produkto svoris su pakuote 140,35 kg Gamintojo kodas \/ simbolis AS11 Kolekcijos pavadinimas ARIS Pavadinimas b2b sistemoje ARIS AS11 \u0104\u017dUOLAS E\/JUODAS BLIZGUS 4D SPINTEL\u0116S KOMPLEKTAS Produkt\u0173 pakuo\u010di\u0173 skai\u010dius 4 Stilius Modernus \u012eranga Surinkimo instrukcijos \/ surinkimo priedai Surinkimui Savaranki\u0161kam surinkimui Korpuso spalva Evoke \u0105\u017euolas Korpuso med\u017eiaga \/ tipas \/ storis 16 mm baldin\u0117 lenta Vir\u0161utinio korpuso med\u017eiaga \/ tipas \/ storis 22 mm baldin\u0117 lenta Apatinio korpuso med\u017eiaga \/ tipas \/ storis 22 mm baldin\u0117 lenta Galin\u0117s sienel\u0117s med\u017eiaga \/ tipas \/ storis 2,5 mm HDF baldin\u0117 lenta Matoma galin\u0117s sienel\u0117s dalis Juoda Priekin\u0117 spalva Evoke \u0105\u017euolas \/ juodas blizgus Priekin\u0117 med\u017eiaga \/ tipas \/ storis 16 mm baldin\u0117 lenta Priekin\u0117 dalis su veidrod\u017eiu TAIP Priekin\u0117 dalis su veidrod\u017eiu kiekis 2 Priekinis vyris \u2300 35 mm, reguliuojamas trijose plok\u0161tumose Priekin\u0117 rankena \/ apdaila \/ spalva Plastikas \/ juoda \u0160velniai u\u017esidaranti dur\u0173 sistema Standarti\u0161kai Pilnai i\u0161traukiami stal\u010di\u0173 b\u0117geliai Kojel\u0117 \/ apdaila \/ spalva Nereguliuojama \/ plastikin\u0117 \/ juoda Papildoma koja \/ apdaila \/ spalva Reguliuojamas vidurys \/ plastikinis \/ juodas Dureli\u0173 skai\u010dius 4 Stal\u010di\u0173 skai\u010dius 3 U\u017edar\u0173 ni\u0161\u0173 skai\u010dius Standarti\u0161kai 2 \/ i\u0161ple\u010diama iki 4 Korpuso \u012franga Standarti\u0161kai 3 pakabos<\/p>","protected":false},"excerpt":{"rendered":"<p>The fashionable and practical ARIS AS11 four-door wardrobe is perfect for a bedroom or dressing room. Three rails allow you to hang shirts, trousers, skirts, and dresses, allowing for easy access to individual wardrobe items. Three spacious drawers provide storage for accessories and underwear. The wardrobe can be equipped with additional ARIS AS12 shelves, making [&hellip;]<\/p>","protected":false},"featured_media":252446,"comment_status":"open","ping_status":"open","template":"","meta":[],"product_brand":[],"product_cat":[9298,2457,1177],"product_tag":[],"class_list":{"0":"post-252457","1":"product","2":"type-product","3":"status-publish","4":"has-post-thumbnail","6":"product_cat-system-mebli-aris-liveo","7":"product_cat-liveo","8":"product_cat-wardrobes","10":"first","11":"instock","12":"purchasable","13":"product-type-simple"},"_links":{"self":[{"href":"https:\/\/baldumarket.lt\/lt\/wp-json\/wp\/v2\/product\/252457","targetHints":{"allow":["GET"]}}],"collection":[{"href":"https:\/\/baldumarket.lt\/lt\/wp-json\/wp\/v2\/product"}],"about":[{"href":"https:\/\/baldumarket.lt\/lt\/wp-json\/wp\/v2\/types\/product"}],"replies":[{"embeddable":true,"href":"https:\/\/baldumarket.lt\/lt\/wp-json\/wp\/v2\/comments?post=252457"}],"wp:featuredmedia":[{"embeddable":true,"href":"https:\/\/baldumarket.lt\/lt\/wp-json\/wp\/v2\/media\/252446"}],"wp:attachment":[{"href":"https:\/\/baldumarket.lt\/lt\/wp-json\/wp\/v2\/media?parent=252457"}],"wp:term":[{"taxonomy":"product_brand","embeddable":true,"href":"https:\/\/baldumarket.lt\/lt\/wp-json\/wp\/v2\/product_brand?post=252457"},{"taxonomy":"product_cat","embeddable":true,"href":"https:\/\/baldumarket.lt\/lt\/wp-json\/wp\/v2\/product_cat?post=252457"},{"taxonomy":"product_tag","embeddable":true,"href":"https:\/\/baldumarket.lt\/lt\/wp-json\/wp\/v2\/product_tag?post=252457"}],"curies":[{"name":"wp","href":"https:\/\/api.w.org\/{rel}","templated":true}]}}