{"id":252454,"date":"2026-01-10T22:03:51","date_gmt":"2026-01-10T19:03:51","guid":{"rendered":"https:\/\/baldumarket.lt\/product\/aris-as10-szafa\/"},"modified":"2026-02-11T18:31:41","modified_gmt":"2026-02-11T15:31:41","slug":"aris-as10-szafa","status":"publish","type":"product","link":"https:\/\/baldumarket.lt\/lt\/product\/aris-as10-szafa\/","title":{"rendered":"ARIS AS10 drabu\u017ei\u0173 spintos"},"content":{"rendered":"<p>Dvidur\u0117 spinta ARIS AS10 \u2013 universalus baldas, puikiai tinkantis prie\u0161kambariui, miegamajam ar svetainei. Joje yra drabu\u017ei\u0173 kabykla, du erdv\u016bs stal\u010diai ir \u012fgilinta apatin\u0117 dalis, leid\u017eianti visk\u0105 susid\u0117ti vienoje vietoje. \u0160i spinta puikiai dera prie modernaus stiliaus erdvi\u0173. Stilingas spalv\u0173 derinys paver\u010dia j\u0105 tikrais ak\u012f traukian\u010diais akcentais. Blizg\u016bs juodi fasadai kartu su med\u017eio ra\u0161tu ir lameli\u0173 efektu suteikia interjerui elegancijos. Auk\u0161tos juodos kojel\u0117s kartu su juodomis rankenomis paver\u010dia spint\u0105 i\u0161skirtiniu baldu. Ji puikiai dera su kitais ARIS serijos baldais arba yra atskiras baldas, leid\u017eiantis pritaikyti erdv\u0119 pagal savo poreikius.<\/p>\n<p>Plotis 88,5 cm Gylis 54,5 cm Auk\u0161tis 194 cm Produkto svoris su pakuote 70,95 kg Gamintojo kodas \/ simbolis AS10 Kolekcijos pavadinimas ARIS Pavadinimas b2b sistemoje ARIS AS10 \u0104\u017dUOLAS E\/JUODA BLIZG\u0116 SPINTEL\u0116 2D KOMPLEKTAS Produkt\u0173 pakuo\u010di\u0173 skai\u010dius 3 Stilius Moderni \u012eranga Surinkimo instrukcijos \/ surinkimo priedai Surinkimas Savaranki\u0161kam surinkimui Korpuso spalva Evoke \u0105\u017euolas Korpuso apdailos med\u017eiaga \/ tipas \/ storis 16 mm baldin\u0117 lenta Vir\u0161utin\u0117 korpuso apdaila \/ med\u017eiaga \/ tipas \/ storis 22 mm baldin\u0117 lenta Apatin\u0117 korpuso apdaila \/ med\u017eiaga \/ tipas \/ storis 22 mm baldin\u0117 lenta Galin\u0117s sienel\u0117s apdailos med\u017eiaga \/ tipas \/ storis 2,5 mm HDF baldin\u0117 lenta Matoma galin\u0117s sienel\u0117s dalis Juoda Priekin\u0117 spalva Evoke \u0105\u017euolas \/ juoda blizgi Priekin\u0117s apdailos med\u017eiaga \/ tipas \/ storis 16 mm baldin\u0117 lenta Priekinis vyris \u2300 35 mm reguliuojamas trijose plok\u0161tumose Priekin\u0117 rankena \/ apdaila \/ spalva Plastikas \/ juoda \u0160velniai u\u017esidaranti dur\u0173 sistema Standartin\u0117 Pilno i\u0161traukimo stal\u010di\u0173 b\u0117geliai Kojel\u0117 \/ dizainas \/ spalva Reguliuojama \/ plastikin\u0117 \/ juoda Kojel\u0117s auk\u0161tis 110 mm Dureli\u0173 skai\u010dius 2 Stal\u010di\u0173 skai\u010dius 2 Skai\u010dius u\u017edar\u0173 ni\u0161\u0173 2 k\u0117bulo \u012franga Standartinis 1 pakabinamas karnizas<\/p>","protected":false},"excerpt":{"rendered":"<p>Dvidur\u0117 spinta \u201eARIS AS10\u201c \u2013 universalus baldas, puikiai tinkantis prie\u0161kambariui, miegamajam ar svetainei. Joje yra drabu\u017ei\u0173 kabykla, du erdv\u016bs stal\u010diai ir \u012fgilinta apatin\u0117 dalis, leid\u017eianti visk\u0105 susid\u0117ti vienoje vietoje. \u0160i spinta puikiai dera prie modernaus stiliaus erdvi\u0173. Stilingas spalv\u0173 derinys paver\u010dia j\u0105 tikra ak\u012f traukian\u010dia detale. [\u2026]<\/p>","protected":false},"featured_media":252436,"comment_status":"open","ping_status":"open","template":"","meta":[],"product_brand":[],"product_cat":[9298,2457,1177],"product_tag":[],"class_list":{"0":"post-252454","1":"product","2":"type-product","3":"status-publish","4":"has-post-thumbnail","6":"product_cat-system-mebli-aris-liveo","7":"product_cat-liveo","8":"product_cat-wardrobes","10":"first","11":"instock","12":"purchasable","13":"product-type-simple"},"_links":{"self":[{"href":"https:\/\/baldumarket.lt\/lt\/wp-json\/wp\/v2\/product\/252454","targetHints":{"allow":["GET"]}}],"collection":[{"href":"https:\/\/baldumarket.lt\/lt\/wp-json\/wp\/v2\/product"}],"about":[{"href":"https:\/\/baldumarket.lt\/lt\/wp-json\/wp\/v2\/types\/product"}],"replies":[{"embeddable":true,"href":"https:\/\/baldumarket.lt\/lt\/wp-json\/wp\/v2\/comments?post=252454"}],"wp:featuredmedia":[{"embeddable":true,"href":"https:\/\/baldumarket.lt\/lt\/wp-json\/wp\/v2\/media\/252436"}],"wp:attachment":[{"href":"https:\/\/baldumarket.lt\/lt\/wp-json\/wp\/v2\/media?parent=252454"}],"wp:term":[{"taxonomy":"product_brand","embeddable":true,"href":"https:\/\/baldumarket.lt\/lt\/wp-json\/wp\/v2\/product_brand?post=252454"},{"taxonomy":"product_cat","embeddable":true,"href":"https:\/\/baldumarket.lt\/lt\/wp-json\/wp\/v2\/product_cat?post=252454"},{"taxonomy":"product_tag","embeddable":true,"href":"https:\/\/baldumarket.lt\/lt\/wp-json\/wp\/v2\/product_tag?post=252454"}],"curies":[{"name":"wp","href":"https:\/\/api.w.org\/{rel}","templated":true}]}}