{"id":252450,"date":"2026-01-10T22:03:48","date_gmt":"2026-01-10T19:03:48","guid":{"rendered":"https:\/\/baldumarket.lt\/product\/aris-as09-regal-uniwersalny-lewostronny-prawostronny\/"},"modified":"2026-02-11T18:31:41","modified_gmt":"2026-02-11T15:31:41","slug":"aris-as09-regal-uniwersalny-lewostronny-prawostronny","status":"publish","type":"product","link":"https:\/\/baldumarket.lt\/lt\/product\/aris-as09-regal-uniwersalny-lewostronny-prawostronny\/","title":{"rendered":"ARIS AS09 UNIVERSALIOS LENTYNOS KAIR\u0116\/DE\u0160IN\u0116"},"content":{"rendered":"<p>ARIS AS09 L\/R knyg\u0173 lentyna puikiai tinka jaukiai svetain\u0117s, miegamojo ar jaunimo kambario erdvei. Knyg\u0173 lentynos erdv\u0117 padalinta \u012f u\u017edar\u0105 ir atvir\u0105 dalis. U\u017e dureli\u0173 pasl\u0117ptos lentynos gali b\u016bti naudojamos tekstil\u0117s gaminiams ar smulkiems aksesuarams, o dvi atviros ni\u0161os puikiai tinka knyg\u0173 kolekcijai ar dekoratyviniams daiktams eksponuoti. Ji universali, leid\u017eianti pasirinkti, ar durel\u0117s atsidaro \u012f de\u0161in\u0119, ar \u012f kair\u0119. Knyg\u0173 lentyna puikiai dera \u012f modernias erdves. Stilingas spalv\u0173 derinys patraukia d\u0117mes\u012f. Blizg\u016bs juodi fasadai kartu su med\u017eio ra\u0161tu ir lameli\u0173 efektu suteikia interjerui elegancijos. Auk\u0161tos juodos kojel\u0117s kartu su juodomis rankenomis paver\u010dia knyg\u0173 lentyn\u0105 dekoratyviniu elementu. Knyg\u0173 lentyna idealiai tinka derinti su kitais ARIS serijos baldais arba naudoti kaip atskir\u0105 bald\u0105, pritaikant j\u0105 prie savo kambario dizaino.<\/p>\n<p>Plotis 67,5 cm Gylis 39 cm Auk\u0161tis 194 cm Produkto svoris su pakuote 46,95 kg Gamintojo kodas \/ simbolis AS09 Kolekcijos pavadinimas ARIS Pavadinimas b2b sistemoje ARIS AS09 \u0104\u017dUOLAS JUODA BLIZG\u0116 VITRIN\u0116 LENTYNA K\/D KP Produkto pakuo\u010di\u0173 skai\u010dius 3 Stilius Modernus \u012eranga Surinkimo instrukcijos \/ surinkimo priedai Surinkimas Savaranki\u0161kam surinkimui Korpuso spalva Evoke \u0105\u017euolas Korpuso med\u017eiaga \/ tipas \/ storis 16 mm baldin\u0117 plok\u0161t\u0117 Vir\u0161utinio korpuso med\u017eiaga \/ tipas \/ storis 22 mm baldin\u0117 plok\u0161t\u0117 Apatinio korpuso med\u017eiaga \/ tipas \/ storis 22 mm baldin\u0117 plok\u0161t\u0117 Lentynos spalva Evoke \u0105\u017euolas Lentynos med\u017eiaga \/ tipas \/ storis 16 mm baldin\u0117 plok\u0161t\u0117 Lentyn\u0173 kiekis 2 Galin\u0117s sienel\u0117s med\u017eiaga \/ tipas \/ storis 2,5 mm HDF baldin\u0117 plok\u0161t\u0117 Matoma galin\u0117s sienel\u0117s dalis Juoda Priekin\u0117 spalva Evoke \u0105\u017euolas Priekin\u0117 med\u017eiaga \/ tipas \/ storis Lentos tipas 16 mm baldai Priekinis vyris \u2300 35 mm, reguliuojamas trijose plok\u0161tumose Priekin\u0117 rankena \/ apdaila \/ spalva Plastikas \/ juoda \u0160velnaus u\u017edarymo sistema Standartinis Kojel\u0117 \/ apdaila \/ spalva Reguliuojama \/ plastikin\u0117 \/ juoda Kojel\u0117s auk\u0161tis 110 mm Skai\u010dius Dur\u0173 skai\u010dius 3 Atvir\u0173 ni\u0161\u0173 skai\u010dius 2 U\u017edar\u0173 ni\u0161\u0173 skai\u010dius 3 Universalus korpusas (kairysis \/ de\u0161inysis) TAIP<\/p>","protected":false},"excerpt":{"rendered":"<p>The ARIS AS09 L\/R bookcase is perfect for the intimate space of a living room, bedroom, or youth room. The bookcase&#8217;s space is divided into closed and open sections. The shelves hidden behind the doors can be used for textiles or small accessories, while the two open niches are perfect for displaying a collection of [&hellip;]<\/p>","protected":false},"featured_media":252412,"comment_status":"open","ping_status":"open","template":"","meta":[],"product_brand":[],"product_cat":[9298,2457,1177],"product_tag":[],"class_list":{"0":"post-252450","1":"product","2":"type-product","3":"status-publish","4":"has-post-thumbnail","6":"product_cat-system-mebli-aris-liveo","7":"product_cat-liveo","8":"product_cat-wardrobes","10":"first","11":"instock","12":"purchasable","13":"product-type-simple"},"_links":{"self":[{"href":"https:\/\/baldumarket.lt\/lt\/wp-json\/wp\/v2\/product\/252450","targetHints":{"allow":["GET"]}}],"collection":[{"href":"https:\/\/baldumarket.lt\/lt\/wp-json\/wp\/v2\/product"}],"about":[{"href":"https:\/\/baldumarket.lt\/lt\/wp-json\/wp\/v2\/types\/product"}],"replies":[{"embeddable":true,"href":"https:\/\/baldumarket.lt\/lt\/wp-json\/wp\/v2\/comments?post=252450"}],"wp:featuredmedia":[{"embeddable":true,"href":"https:\/\/baldumarket.lt\/lt\/wp-json\/wp\/v2\/media\/252412"}],"wp:attachment":[{"href":"https:\/\/baldumarket.lt\/lt\/wp-json\/wp\/v2\/media?parent=252450"}],"wp:term":[{"taxonomy":"product_brand","embeddable":true,"href":"https:\/\/baldumarket.lt\/lt\/wp-json\/wp\/v2\/product_brand?post=252450"},{"taxonomy":"product_cat","embeddable":true,"href":"https:\/\/baldumarket.lt\/lt\/wp-json\/wp\/v2\/product_cat?post=252450"},{"taxonomy":"product_tag","embeddable":true,"href":"https:\/\/baldumarket.lt\/lt\/wp-json\/wp\/v2\/product_tag?post=252450"}],"curies":[{"name":"wp","href":"https:\/\/api.w.org\/{rel}","templated":true}]}}