{"id":252443,"date":"2026-01-10T22:03:43","date_gmt":"2026-01-10T19:03:43","guid":{"rendered":"https:\/\/baldumarket.lt\/product\/aris-as07-witryna-lewostronna\/"},"modified":"2026-02-11T18:31:41","modified_gmt":"2026-02-11T15:31:41","slug":"aris-as07-witryna-lewostronna","status":"publish","type":"product","link":"https:\/\/baldumarket.lt\/lt\/product\/aris-as07-witryna-lewostronna\/","title":{"rendered":"ARIS AS07 KAIR\u0116S PUS\u0116S VITRINA"},"content":{"rendered":"<p>Kairysis laisvai pastatomas ARIS AS07 vitrinos komplektas tiks beveik bet kokiam interjerui. Spintel\u0117 padalinta \u012f dvi dalis. Vir\u0161utin\u0117je dalyje yra stiklin\u0117s lentynos daiktams eksponuoti, kurias galima ap\u0161viesti pasirenkamu LED ap\u0161vietimu. Apatin\u0117je dalyje yra vietos smulkiems daiktams laikyti. Spintel\u0117 puikiai dera \u012f modernias erdves, patraukdama d\u0117mes\u012f madinga spalv\u0173 kombinacija. Blizg\u016bs juodi fasadai kartu su med\u017eio ra\u0161tu ir lameli\u0173 efektu suteikia interjerui elegancijos. Auk\u0161tos juodos kojel\u0117s kartu su juodomis rankenomis paver\u010dia spintel\u0119 dekoratyvine detale. Kairysis vitrinos komplektas idealiai tinka derinti su kitais ARIS serijos baldais arba naudoti kaip atskiras baldas, prisitaikantis prie j\u016bs\u0173 kambario interjero dizaino.<\/p>\n<p>Plotis 67,5 cm Gylis 39 cm Auk\u0161tis 194 cm Produkto svoris su pakuote 51,95 kg Gamintojo kodas \/ simbolis AS07 Kolekcijos pavadinimas ARIS Pavadinimas b2b sistemoje ARIS AS07 \u0104\u017dUOLAS E\/JUODA BLIZG\u0116 VITRIN\u0116 L KOMPLEKTAS Produkto pakuo\u010di\u0173 skai\u010dius 3 Stilius Moderni \u012franga Surinkimo instrukcijos \/ surinkimo priedai Surinkimas Savaranki\u0161kam surinkimui Korpuso spalva Evoke \u0105\u017euolas Korpuso med\u017eiaga \/ tipas \/ storis 16 mm baldin\u0117 plok\u0161t\u0117 Vir\u0161utinio korpuso med\u017eiaga \/ tipas \/ storis 22 mm baldin\u0117 plok\u0161t\u0117 Apatinio korpuso med\u017eiaga \/ tipas \/ storis 22 mm baldin\u0117 plok\u0161t\u0117 Lentynos spalva Evoke \u0105\u017euolas Lentynos med\u017eiaga \/ tipas \/ storis 16 mm baldin\u0117 plok\u0161t\u0117 Lentyn\u0173 kiekis 1 Galin\u0117s sienel\u0117s med\u017eiaga \/ tipas \/ storis 2,5 mm HDF baldin\u0117 plok\u0161t\u0117 Matoma galin\u0117s sienel\u0117s dalis Juoda Priekin\u0117 spalva Evoke \u0105\u017euolas \/ juoda blizgi Priekin\u0117 med\u017eiaga \/ tipas \/ storis Baldin\u0117 plok\u0161t\u0117 16 mm Priekinis vyris \u2300 35 mm, reguliuojamas trijose plok\u0161tumose Priekin\u0117 ranken\u0117l\u0117 \/ apdaila \/ spalva Plastikas \/ juoda Glaz\u016bruota priekin\u0117 apdaila \/ stiklo spalva Gr\u016bdintas \/ skaidrus Glaz\u016bruoto priekinio stiklo storis 4 mm Stiklin\u0117s lentynos stiklo spalva Skaidrus Stiklas Lentynos stiklo storis 5 mm Stiklini\u0173 lentyn\u0173 kiekis 2 \u0160velnaus u\u017edarymo dureli\u0173 sistema Standartin\u0117 komplektacija Kojel\u0117 \/ apdaila \/ spalva Reguliuojama \/ plastikin\u0117 \/ juoda Kojel\u0117s auk\u0161tis 110 mm Dureli\u0173 skai\u010dius 3 U\u017edar\u0173 ni\u0161\u0173 skai\u010dius u\u017e priekinio stiklo 3 U\u017edar\u0173 ni\u0161\u0173 skai\u010dius 2<\/p>","protected":false},"excerpt":{"rendered":"<p>The ARIS AS07 left-hand freestanding display cabinet will complement almost any interior. The cabinet is divided into two sections. The upper section features glass shelves for display, which can be illuminated with optional LED lighting. The lower section offers storage space for small items. The cabinet fits perfectly into modern spaces, attracting attention thanks to [&hellip;]<\/p>","protected":false},"featured_media":252444,"comment_status":"open","ping_status":"open","template":"","meta":[],"product_brand":[],"product_cat":[9298,2457,2006],"product_tag":[],"class_list":{"0":"post-252443","1":"product","2":"type-product","3":"status-publish","4":"has-post-thumbnail","6":"product_cat-system-mebli-aris-liveo","7":"product_cat-liveo","8":"product_cat-vitrines","10":"first","11":"instock","12":"purchasable","13":"product-type-simple"},"_links":{"self":[{"href":"https:\/\/baldumarket.lt\/lt\/wp-json\/wp\/v2\/product\/252443","targetHints":{"allow":["GET"]}}],"collection":[{"href":"https:\/\/baldumarket.lt\/lt\/wp-json\/wp\/v2\/product"}],"about":[{"href":"https:\/\/baldumarket.lt\/lt\/wp-json\/wp\/v2\/types\/product"}],"replies":[{"embeddable":true,"href":"https:\/\/baldumarket.lt\/lt\/wp-json\/wp\/v2\/comments?post=252443"}],"wp:featuredmedia":[{"embeddable":true,"href":"https:\/\/baldumarket.lt\/lt\/wp-json\/wp\/v2\/media\/252444"}],"wp:attachment":[{"href":"https:\/\/baldumarket.lt\/lt\/wp-json\/wp\/v2\/media?parent=252443"}],"wp:term":[{"taxonomy":"product_brand","embeddable":true,"href":"https:\/\/baldumarket.lt\/lt\/wp-json\/wp\/v2\/product_brand?post=252443"},{"taxonomy":"product_cat","embeddable":true,"href":"https:\/\/baldumarket.lt\/lt\/wp-json\/wp\/v2\/product_cat?post=252443"},{"taxonomy":"product_tag","embeddable":true,"href":"https:\/\/baldumarket.lt\/lt\/wp-json\/wp\/v2\/product_tag?post=252443"}],"curies":[{"name":"wp","href":"https:\/\/api.w.org\/{rel}","templated":true}]}}