{"id":252439,"date":"2026-01-10T22:03:40","date_gmt":"2026-01-10T19:03:40","guid":{"rendered":"https:\/\/baldumarket.lt\/product\/aris-as06-witryna-niska\/"},"modified":"2026-02-11T18:31:41","modified_gmt":"2026-02-11T15:31:41","slug":"aris-as06-witryna-niska","status":"publish","type":"product","link":"https:\/\/baldumarket.lt\/lt\/product\/aris-as06-witryna-niska\/","title":{"rendered":"ARIS AS06 \u017eema vitrina"},"content":{"rendered":"<p>ARIS AS06 vitrina puikiai tiks svetainei, darbo kambariui ar valgomajam, kurioje ant stiklin\u0117s lentynos bus eksponuojami dekoratyviniai daiktai, pavyzd\u017eiui, porcelianas, o stiklin\u0119 lentyn\u0105 galima papildomai ap\u0161viesti LED ap\u0161vietimu. Trij\u0173 dur\u0173 vitrina turi dvi rakinamas spinteles su prakti\u0161komis vidin\u0117mis lentynomis, kurios leis susitvarkyti b\u016btiniausius daiktus. Vitrina puikiai dera \u012f moderniu stiliumi dekoruotas erdves. Stilingas spalv\u0173 derinys traukia d\u0117mes\u012f. Blizg\u016bs juodi fasadai kartu su med\u017eio dekoru, praturtintu lameli\u0173 efektu, suteikia interjerui elegancijos. Auk\u0161tos juodos kojel\u0117s kartu su juodomis rankenomis paver\u010dia vitrin\u0105 dekoratyviniu elementu. Vitrina idealiai dera su kitais ARIS serijos baldais arba yra atskiras baldas, tod\u0117l galite j\u0105 pritaikyti prie savo kambario dizaino.<\/p>\n<p>Plotis 88,5 cm Gylis 39 cm Auk\u0161tis 139 cm Produkto svoris su pakuote 50,25 Gamintojo kodas \/ simbolis AS06 Kolekcijos pavadinimas ARIS Pavadinimas b2b sistemoje ARIS AS06 \u0104\u017dUOLO E\/JUODOS BLIZGOS VITRIN\u0116S SPINTEL\u0116S KOMPLEKTAS Produkto pakuo\u010di\u0173 skai\u010dius 3 Stilius Moderni \u012franga Surinkimo instrukcijos \/ surinkimo priedai Surinkimui Savaranki\u0161kam surinkimui Korpuso spalva Evoke \u0105\u017euolas Korpuso med\u017eiaga \/ tipas \/ storis 16 mm baldin\u0117 plok\u0161t\u0117 Vir\u0161utin\u0117 korpuso apdaila \/ med\u017eiaga \/ tipas \/ storis 22 mm baldin\u0117 plok\u0161t\u0117 Apatin\u0117 korpuso apdaila \/ med\u017eiaga \/ tipas \/ storis 22 mm baldin\u0117 plok\u0161t\u0117 Lentynos spalva Evoke \u0105\u017euolas Lentynos med\u017eiaga \/ tipas \/ storis 16 mm baldin\u0117 plok\u0161t\u0117 Lentyn\u0173 kiekis 3 Galin\u0117s sienel\u0117s med\u017eiaga \/ tipas \/ storis 2,5 mm HDF baldin\u0117 plok\u0161t\u0117 Matoma galin\u0117s sienel\u0117s dalis Juoda Priekin\u0117 spalva Evoke \u0105\u017euolas \/ juoda blizgi Priekin\u0117 med\u017eiaga \/ tipas \/ storis Baldin\u0117 plok\u0161t\u0117 16 mm Priekinis vyris \u2300 35 mm, reguliuojamas trijose plok\u0161tumose Priekin\u0117 ranken\u0117l\u0117 \/ apdaila \/ spalva Plastikas \/ juoda Glaz\u016bruota priekin\u0117 apdaila \/ stiklo spalva Gr\u016bdintas \/ skaidrus Glaz\u016bruoto priekinio stiklo storis 4 mm Stiklin\u0117s lentynos stiklo spalva Skaidrus Stiklas Lentynos stiklo storis 5 mm Stiklini\u0173 lentyn\u0173 kiekis 1 Dureli\u0173 atidarymo stumiant sistema 1 priekin\u0117s durys \u0160velnaus u\u017edarymo sistema Standartin\u0117 komplektacija Kojel\u0117 \/ apdaila \/ spalva Reguliuojama \/ plastikin\u0117 \/ juoda Kojel\u0117s auk\u0161tis 110 mm Dureli\u0173 skai\u010dius 3 U\u017edar\u0173 ni\u0161\u0173 skai\u010dius u\u017e priekinio stiklo 2 U\u017edar\u0173 ni\u0161\u0173 skai\u010dius 5<\/p>","protected":false},"excerpt":{"rendered":"<p>ARIS AS06 vitrina puikiai tiks svetainei, darbo kambariui ar valgomajam, kurioje ant stiklin\u0117s lentynos, kuri\u0105 galima papildomai ap\u0161viesti LED ap\u0161vietimu, bus eksponuojami dekoratyviniai daiktai, pavyzd\u017eiui, porcelianas. Trij\u0173 dur\u0173 vitrina turi dvi rakinamas spinteles su prakti\u0161komis vidin\u0117mis lentynomis, kurios leis susitvarkyti b\u016btiniausius daiktus. [\u2026]<\/p>","protected":false},"featured_media":252440,"comment_status":"open","ping_status":"open","template":"","meta":[],"product_brand":[],"product_cat":[9298,2457,2006],"product_tag":[],"class_list":{"0":"post-252439","1":"product","2":"type-product","3":"status-publish","4":"has-post-thumbnail","6":"product_cat-system-mebli-aris-liveo","7":"product_cat-liveo","8":"product_cat-vitrines","10":"first","11":"instock","12":"purchasable","13":"product-type-simple"},"_links":{"self":[{"href":"https:\/\/baldumarket.lt\/lt\/wp-json\/wp\/v2\/product\/252439","targetHints":{"allow":["GET"]}}],"collection":[{"href":"https:\/\/baldumarket.lt\/lt\/wp-json\/wp\/v2\/product"}],"about":[{"href":"https:\/\/baldumarket.lt\/lt\/wp-json\/wp\/v2\/types\/product"}],"replies":[{"embeddable":true,"href":"https:\/\/baldumarket.lt\/lt\/wp-json\/wp\/v2\/comments?post=252439"}],"wp:featuredmedia":[{"embeddable":true,"href":"https:\/\/baldumarket.lt\/lt\/wp-json\/wp\/v2\/media\/252440"}],"wp:attachment":[{"href":"https:\/\/baldumarket.lt\/lt\/wp-json\/wp\/v2\/media?parent=252439"}],"wp:term":[{"taxonomy":"product_brand","embeddable":true,"href":"https:\/\/baldumarket.lt\/lt\/wp-json\/wp\/v2\/product_brand?post=252439"},{"taxonomy":"product_cat","embeddable":true,"href":"https:\/\/baldumarket.lt\/lt\/wp-json\/wp\/v2\/product_cat?post=252439"},{"taxonomy":"product_tag","embeddable":true,"href":"https:\/\/baldumarket.lt\/lt\/wp-json\/wp\/v2\/product_tag?post=252439"}],"curies":[{"name":"wp","href":"https:\/\/api.w.org\/{rel}","templated":true}]}}