{"id":252434,"date":"2026-01-10T22:03:37","date_gmt":"2026-01-10T19:03:37","guid":{"rendered":"https:\/\/baldumarket.lt\/product\/aris-as05-szafka\/"},"modified":"2026-02-11T18:31:41","modified_gmt":"2026-02-11T15:31:41","slug":"aris-as05-szafka","status":"publish","type":"product","link":"https:\/\/baldumarket.lt\/lt\/product\/aris-as05-szafka\/","title":{"rendered":"ARIS AS05 SPINTEL\u0116"},"content":{"rendered":"<p>ARIS AS05 spintel\u0117 \u2013 tai nesenstantis ir funkcionalus baldas, kuris papuo\u0161 bet kok\u012f interjer\u0105, nesvarbu, ar tai ma\u017eas sve\u010di\u0173 kambarys, miegamasis, ar prie\u0161kambaris. Ji pad\u0117s sutvarkyti j\u016bs\u0173 namus ar but\u0105, suteikdama galimyb\u0119 laikyti \u012fvairius kasdienius daiktus. Ji turi atvir\u0105 dal\u012f knygoms ar nuotraukoms laikyti ir gra\u017eiai eksponuoti, o u\u017edar\u0105 dal\u012f su keturiomis erdviomis ni\u0161omis. \u0160i spintel\u0117 puikiai dera \u012f modernias erdves. Stilingas spalv\u0173 derinys paver\u010dia j\u0105 tikra ak\u012f traukian\u010dia detale. Blizg\u016bs juodi fasadai kartu su med\u017eio ra\u0161tu ir lameli\u0173 efektu suteikia interjerui elegancijos. Auk\u0161tos juodos kojel\u0117s kartu su juodomis rankenomis paver\u010dia spintel\u0119 i\u0161skirtine detale. Ji puikiai tinka derinti su kitais ARIS serijos baldais arba naudoti kaip atskiras baldas, leid\u017eiantis pritaikyti j\u016bs\u0173 kambario dizain\u0105.<\/p>\n<p>Plotis 88,5 cm Gylis 39 cm Auk\u0161tis 126 cm Produkto svoris su pakuote 40,05 kg Gamintojo kodas \/ simbolis AS05 Kolekcijos pavadinimas ARIS Pavadinimas b2b sistemoje ARIS AS05 \u0104\u017dUOLO E\/JUODOS BLIZGOS SPINTELI\u0172 KOMPLEKTAS Produkt\u0173 pakuo\u010di\u0173 skai\u010dius 2 Stilius Moderni \u012franga Surinkimo instrukcijos \/ surinkimo priedai Surinkimui Savaranki\u0161kam surinkimui Korpuso spalva Evoke \u0105\u017euolas Korpuso med\u017eiaga \/ tipas \/ storis 16 mm baldin\u0117 plok\u0161t\u0117 Vir\u0161utinio korpuso med\u017eiaga \/ tipas \/ storis 22 mm baldin\u0117 plok\u0161t\u0117 Apatinio korpuso med\u017eiaga \/ tipas \/ storis 22 mm baldin\u0117 plok\u0161t\u0117 Lentynos spalva Evoke \u0105\u017euolas Lentynos med\u017eiaga \/ tipas \/ storis 16 mm baldin\u0117 plok\u0161t\u0117 Lentyn\u0173 kiekis 3 Galin\u0117s sienel\u0117s med\u017eiaga \/ tipas \/ storis 2,5 mm HDF baldin\u0117 plok\u0161t\u0117 Matoma galin\u0117s sienel\u0117s dalis Juoda Priekin\u0117s spalvos Evoke \u0105\u017euolas \/ juodas blizgus Priekin\u0117s med\u017eiagos \/ tipas \/ storis Baldin\u0117 plok\u0161t\u0117 16 mm Priekinis vyris \u2300 35 mm, reguliuojamas trijose plok\u0161tumose Priekin\u0117 rankena \/ apdaila \/ spalva Plastikas \/ juoda Dur\u0173 atidarymo sistema atidaroma paspaudus 1 priekin\u0117s durys \u0160velnaus u\u017edarymo sistema Standarti\u0161kai Pilnai i\u0161traukiamos stal\u010di\u0173 b\u0117gel\u0117s Kojel\u0117 \/ apdaila \/ spalva Reguliuojama \/ plastikin\u0117 \/ Juodos Kojel\u0117s auk\u0161tis 110 mm Dureli\u0173 skai\u010dius 2 Atvir\u0173 ni\u0161\u0173 skai\u010dius 2 U\u017edar\u0173 ni\u0161\u0173 skai\u010dius 4<\/p>","protected":false},"excerpt":{"rendered":"<p>ARIS AS05 spintel\u0117 yra nesenstantis ir funkcionalus baldas, kuris papuo\u0161 bet kok\u012f interjer\u0105, nesvarbu, ar tai ma\u017eas sve\u010di\u0173 kambarys, miegamasis, ar prie\u0161kambaris. Ji pad\u0117s sutvarkyti j\u016bs\u0173 namus ar but\u0105, suteikdama galimyb\u0119 susid\u0117ti \u012fvairius kasdienius daiktus. Ji turi atvir\u0105 skyri\u0173 knygoms ar nuotraukoms laikyti ir gra\u017eiai eksponuoti, [\u2026]<\/p>","protected":false},"featured_media":252427,"comment_status":"open","ping_status":"open","template":"","meta":[],"product_brand":[],"product_cat":[9298,2457,1177],"product_tag":[],"class_list":{"0":"post-252434","1":"product","2":"type-product","3":"status-publish","4":"has-post-thumbnail","6":"product_cat-system-mebli-aris-liveo","7":"product_cat-liveo","8":"product_cat-wardrobes","10":"first","11":"instock","12":"purchasable","13":"product-type-simple"},"_links":{"self":[{"href":"https:\/\/baldumarket.lt\/lt\/wp-json\/wp\/v2\/product\/252434","targetHints":{"allow":["GET"]}}],"collection":[{"href":"https:\/\/baldumarket.lt\/lt\/wp-json\/wp\/v2\/product"}],"about":[{"href":"https:\/\/baldumarket.lt\/lt\/wp-json\/wp\/v2\/types\/product"}],"replies":[{"embeddable":true,"href":"https:\/\/baldumarket.lt\/lt\/wp-json\/wp\/v2\/comments?post=252434"}],"wp:featuredmedia":[{"embeddable":true,"href":"https:\/\/baldumarket.lt\/lt\/wp-json\/wp\/v2\/media\/252427"}],"wp:attachment":[{"href":"https:\/\/baldumarket.lt\/lt\/wp-json\/wp\/v2\/media?parent=252434"}],"wp:term":[{"taxonomy":"product_brand","embeddable":true,"href":"https:\/\/baldumarket.lt\/lt\/wp-json\/wp\/v2\/product_brand?post=252434"},{"taxonomy":"product_cat","embeddable":true,"href":"https:\/\/baldumarket.lt\/lt\/wp-json\/wp\/v2\/product_cat?post=252434"},{"taxonomy":"product_tag","embeddable":true,"href":"https:\/\/baldumarket.lt\/lt\/wp-json\/wp\/v2\/product_tag?post=252434"}],"curies":[{"name":"wp","href":"https:\/\/api.w.org\/{rel}","templated":true}]}}