{"id":252429,"date":"2026-01-10T22:03:34","date_gmt":"2026-01-10T19:03:34","guid":{"rendered":"https:\/\/baldumarket.lt\/product\/aris-as04-komoda\/"},"modified":"2026-02-11T18:31:41","modified_gmt":"2026-02-11T15:31:41","slug":"aris-as04-komoda","status":"publish","type":"product","link":"https:\/\/baldumarket.lt\/lt\/product\/aris-as04-komoda\/","title":{"rendered":"ARIS AS04 komoda su stal\u010diais"},"content":{"rendered":"<p>Komoda ARIS AS04 \u2013 tai universali komoda ir spintel\u0117s, pasi\u017eyminti minimalistiniu, moderniu dizainu, kuris skland\u017eiai dera prie beveik bet kokio interjero. Du erdv\u016bs stal\u010diai apatin\u0117je dalyje ir spintel\u0117 paver\u010dia j\u0105 erdvia ir prakti\u0161ka daikt\u0173 laikymo vieta. \u0160i komoda puikiai dera prie moderniu stiliumi dekoruot\u0173 erdvi\u0173. Ak\u012f traukiantis spalv\u0173 derinys traukia d\u0117mes\u012f. Blizg\u016bs juodi fasadai kartu su med\u017eio ra\u0161tu ir lameli\u0173 efektu suteikia interjerui elegancijos. Auk\u0161tos juodos kojel\u0117s kartu su juodomis rankenomis paver\u010dia komod\u0105 i\u0161skirtine detale. \u0160i komoda puikiai tinka derinti su kitais ARIS serijos baldais arba naudoti kaip atskir\u0105 bald\u0105, leid\u017eiant\u012f pritaikyti erdv\u0119 pagal savo poreikius.<\/p>\n<p>Plotis 124,5 cm Gylis 39 cm Auk\u0161tis 106 cm Produkto svoris su pakuote 56,45 kg Gamintojo kodas \/ simbolis AS04 Kolekcijos pavadinimas ARIS Pavadinimas b2b sistemoje ARIS AS04 \u0104\u017dUOLO E\/JUODOS BLIZGOS KOMODOS KOMPLEKTAS Produkto pakuo\u010di\u0173 skai\u010dius 3 Stilius Moderni \u012franga Surinkimo instrukcijos \/ surinkimo priedai Surinkimui Savaranki\u0161kam surinkimui Korpuso spalva Evoke \u0105\u017euolas Korpuso med\u017eiaga \/ tipas \/ storis 16 mm baldin\u0117 plok\u0161t\u0117 Korpuso vir\u0161utin\u0117s dalies \/ tipas \/ storis 22 mm baldin\u0117 plok\u0161t\u0117 Korpuso apatin\u0117s dalies \/ tipas \/ storis 22 mm baldin\u0117 plok\u0161t\u0117 Lentynos spalva Evoke \u0105\u017euolas Lentynos med\u017eiaga \/ tipas \/ storis 16 mm baldin\u0117 plok\u0161t\u0117 Lentyn\u0173 kiekis 1 Kar\u016bnin\u0117s lentynos kiekis 1 Galin\u0117s sienel\u0117s med\u017eiaga \/ tipas \/ storis 2,5 mm HDF baldin\u0117 plok\u0161t\u0117 Matoma galin\u0117s sienel\u0117s dalis Juoda Priekin\u0117 spalva Evoke \u0105\u017euolas \/ juodas blizgus Priekin\u0117 med\u017eiaga \/ tipas \/ storis 16 mm baldin\u0117 plok\u0161t\u0117 Priekinis vyris \u2300 35 mm, reguliuojamas trijose plok\u0161tumose Priekin\u0117 rankena \/ apdaila \/ spalva Plastikas \/ juoda \u0160velnaus u\u017edarymo dur\u0173 sistema Standarti\u0161kai Pilnai i\u0161traukiami stal\u010di\u0173 b\u0117geliai Kojel\u0117 \/ apdaila \/ spalva Reguliuojama \/ plastikin\u0117 \/ Juoda Kojel\u0117s auk\u0161tis 110 mm Dureli\u0173 skai\u010dius 3 Stal\u010di\u0173 skai\u010dius 2 U\u017edar\u0173 ni\u0161\u0173 skai\u010dius 4<\/p>","protected":false},"excerpt":{"rendered":"<p>Komoda ARIS AS04 \u2013 tai universali komoda ir spintel\u0117s, pasi\u017eyminti minimalistiniu, moderniu dizainu, kuris puikiai dera prie beveik bet kokio interjero. Du erdv\u016bs stal\u010diai apatin\u0117je dalyje ir spintel\u0117 sukuria erdv\u0173 ir prakti\u0161k\u0105 daikt\u0173 laikymo \u012frengin\u012f. \u0160i komoda puikiai dera su moderniu stiliumi dekoruotomis erdv\u0117mis [\u2026]<\/p>","protected":false},"featured_media":252430,"comment_status":"open","ping_status":"open","template":"","meta":[],"product_brand":[],"product_cat":[9298,1173,2457],"product_tag":[],"class_list":{"0":"post-252429","1":"product","2":"type-product","3":"status-publish","4":"has-post-thumbnail","6":"product_cat-system-mebli-aris-liveo","7":"product_cat-chests-of-drawers","8":"product_cat-liveo","10":"first","11":"instock","12":"purchasable","13":"product-type-simple"},"_links":{"self":[{"href":"https:\/\/baldumarket.lt\/lt\/wp-json\/wp\/v2\/product\/252429","targetHints":{"allow":["GET"]}}],"collection":[{"href":"https:\/\/baldumarket.lt\/lt\/wp-json\/wp\/v2\/product"}],"about":[{"href":"https:\/\/baldumarket.lt\/lt\/wp-json\/wp\/v2\/types\/product"}],"replies":[{"embeddable":true,"href":"https:\/\/baldumarket.lt\/lt\/wp-json\/wp\/v2\/comments?post=252429"}],"wp:featuredmedia":[{"embeddable":true,"href":"https:\/\/baldumarket.lt\/lt\/wp-json\/wp\/v2\/media\/252430"}],"wp:attachment":[{"href":"https:\/\/baldumarket.lt\/lt\/wp-json\/wp\/v2\/media?parent=252429"}],"wp:term":[{"taxonomy":"product_brand","embeddable":true,"href":"https:\/\/baldumarket.lt\/lt\/wp-json\/wp\/v2\/product_brand?post=252429"},{"taxonomy":"product_cat","embeddable":true,"href":"https:\/\/baldumarket.lt\/lt\/wp-json\/wp\/v2\/product_cat?post=252429"},{"taxonomy":"product_tag","embeddable":true,"href":"https:\/\/baldumarket.lt\/lt\/wp-json\/wp\/v2\/product_tag?post=252429"}],"curies":[{"name":"wp","href":"https:\/\/api.w.org\/{rel}","templated":true}]}}