{"id":252416,"date":"2026-01-10T22:03:27","date_gmt":"2026-01-10T19:03:27","guid":{"rendered":"https:\/\/baldumarket.lt\/product\/aris-as02-komoda\/"},"modified":"2026-02-11T18:31:41","modified_gmt":"2026-02-11T15:31:41","slug":"aris-as02-komoda","status":"publish","type":"product","link":"https:\/\/baldumarket.lt\/lt\/product\/aris-as02-komoda\/","title":{"rendered":"ARIS AS02 komoda su stal\u010diais"},"content":{"rendered":"<p>ARIS AS02 indauja puikiai tinka svetainei, bet taip pat gali b\u016bti naudojama nam\u0173 biure ar koridoriuje. Vir\u0161uje yra stal\u010dius ir dviguba, rakinama spintel\u0117 su lentyna. Viduje galite laikyti papildomus stalo \u012frankius, dokumentus ar nam\u0173 tekstil\u0119, o vir\u0161utin\u0117 lentyna puikiai tinka suvenyrams ir nieku\u010diams eksponuoti. Indauja puikiai dera prie moderni\u0173 erdvi\u0173. Stilingas spalv\u0173 derinys paver\u010dia j\u0105 tikra ak\u012f traukian\u010dia detale. Blizg\u016bs juodi fasadai kartu su med\u017eio ra\u0161tu ir lameli\u0173 efektu suteikia interjerui elegancijos. Auk\u0161tos juodos kojel\u0117s kartu su juodomis rankenomis paver\u010dia \u0161i\u0105 indauja i\u0161skirtine detale. Indauja puikiai dera su kitais ARIS serijos baldais arba yra atskiras baldas, leid\u017eiantis j\u0105 pritaikyti prie savo kambario interjero.<\/p>\n<p>Plotis 88,5 cm Gylis 39 cm Auk\u0161tis 84 cm Produkto svoris su pakuote 31,70 kg Gamintojo kodas \/ simbolis AS02 Kolekcijos pavadinimas ARIS Pavadinimas b2b sistemoje ARIS AS02 \u0104\u017dUOLO E\/JUODOS BLIZGOS KOMODOS KOMPLEKTAS Produkto pakuo\u010di\u0173 skai\u010dius 2 Stilius Moderni \u012eranga Surinkimo instrukcijos \/ surinkimo priedai Surinkimui Savaranki\u0161kam surinkimui Korpuso spalva Evoke \u0105\u017euolas Korpuso med\u017eiaga \/ tipas \/ storis 16 mm baldin\u0117 plok\u0161t\u0117 Vir\u0161utin\u0117 korpuso apdaila \/ med\u017eiaga \/ tipas \/ storis 22 mm baldin\u0117 plok\u0161t\u0117 Apatin\u0117 korpuso apdaila \/ med\u017eiaga \/ tipas \/ storis 22 mm baldin\u0117 plok\u0161t\u0117 Lentynos spalva Evoke \u0105\u017euolas Lentynos med\u017eiaga \/ tipas \/ storis 16 mm baldin\u0117 plok\u0161t\u0117 Kar\u016bnuotos lentynos kiekis 1 Galin\u0117s sienel\u0117s med\u017eiaga \/ tipas \/ storis 2,5 mm HDF baldin\u0117 plok\u0161t\u0117 Matoma galin\u0117s sienel\u0117s dalis Juoda Priekin\u0117 spalva Evoke \u0105\u017euolas \/ juodas blizgus Priekin\u0117 med\u017eiaga \/ tipas \/ storis Baldin\u0117 plok\u0161t\u0117 16 mm Priekinis vyris \u2300 35 mm, reguliuojamas trijose plok\u0161tumose Priekin\u0117 rankena \/ apdaila \/ spalva Plastikas \/ juoda Dur\u0173 atidarymo sistema Paspaudus atidaroma 1 priekin\u0117s durys \u0160velnaus u\u017edarymo sistema Standarti\u0161kai Pilnai i\u0161traukiamos stal\u010di\u0173 b\u0117gel\u0117s Kojel\u0117 \/ apdaila \/ spalva Reguliuojama \/ plastikin\u0117 \/ juoda Kojeli\u0173 auk\u0161tis 110 mm Dureli\u0173 skai\u010dius 2 Stal\u010di\u0173 skai\u010dius 1 U\u017edar\u0173 ni\u0161\u0173 skai\u010dius 2<\/p>","protected":false},"excerpt":{"rendered":"<p>ARIS AS02 indauja puikiai tinka svetainei, bet taip pat gali b\u016bti naudojama nam\u0173 biure ar koridoriuje. Ji turi stal\u010di\u0173 vir\u0161uje ir dvigub\u0105, rakinam\u0105 spintel\u0119 su lentyna. Viduje galite laikyti papildomus stalo \u012frankius, dokumentus ar nam\u0173 tekstil\u0119, o vir\u0161utin\u0117 lentyna puikiai tinka suvenyrams eksponuoti [\u2026]<\/p>","protected":false},"featured_media":252417,"comment_status":"open","ping_status":"open","template":"","meta":[],"product_brand":[],"product_cat":[9298,1173,2457],"product_tag":[],"class_list":{"0":"post-252416","1":"product","2":"type-product","3":"status-publish","4":"has-post-thumbnail","6":"product_cat-system-mebli-aris-liveo","7":"product_cat-chests-of-drawers","8":"product_cat-liveo","10":"first","11":"instock","12":"purchasable","13":"product-type-simple"},"_links":{"self":[{"href":"https:\/\/baldumarket.lt\/lt\/wp-json\/wp\/v2\/product\/252416","targetHints":{"allow":["GET"]}}],"collection":[{"href":"https:\/\/baldumarket.lt\/lt\/wp-json\/wp\/v2\/product"}],"about":[{"href":"https:\/\/baldumarket.lt\/lt\/wp-json\/wp\/v2\/types\/product"}],"replies":[{"embeddable":true,"href":"https:\/\/baldumarket.lt\/lt\/wp-json\/wp\/v2\/comments?post=252416"}],"wp:featuredmedia":[{"embeddable":true,"href":"https:\/\/baldumarket.lt\/lt\/wp-json\/wp\/v2\/media\/252417"}],"wp:attachment":[{"href":"https:\/\/baldumarket.lt\/lt\/wp-json\/wp\/v2\/media?parent=252416"}],"wp:term":[{"taxonomy":"product_brand","embeddable":true,"href":"https:\/\/baldumarket.lt\/lt\/wp-json\/wp\/v2\/product_brand?post=252416"},{"taxonomy":"product_cat","embeddable":true,"href":"https:\/\/baldumarket.lt\/lt\/wp-json\/wp\/v2\/product_cat?post=252416"},{"taxonomy":"product_tag","embeddable":true,"href":"https:\/\/baldumarket.lt\/lt\/wp-json\/wp\/v2\/product_tag?post=252416"}],"curies":[{"name":"wp","href":"https:\/\/api.w.org\/{rel}","templated":true}]}}