{"id":252408,"date":"2026-01-10T22:03:22","date_gmt":"2026-01-10T19:03:22","guid":{"rendered":"https:\/\/baldumarket.lt\/product\/aris-as01-rtv\/"},"modified":"2026-02-11T18:31:42","modified_gmt":"2026-02-11T15:31:42","slug":"aris-as01-rtv","status":"publish","type":"product","link":"https:\/\/baldumarket.lt\/lt\/product\/aris-as01-rtv\/","title":{"rendered":"ARIS AS01 RTV"},"content":{"rendered":"<p>ARIS AS01 televizoriaus staliukas \u2013 tai plati televizoriaus spintel\u0117, kuri pad\u0117s sutvarkyti j\u016bs\u0173 svetain\u0119. Gerai suplanuota erdv\u0117 suteikia daug vietos elektronikai ir kitiems b\u016btiniausiems daiktams. Jame yra du erdv\u016bs stal\u010diai, u\u017edaras skyrius ir dvi atviros ni\u0161os. \u0160is spintel\u0117 puikiai tinka moderniu stiliumi dekoruotoms erdv\u0117ms. Stilingas spalv\u0173 derinys paver\u010dia j\u012f tikru ak\u012f traukian\u010diu akcentu. Blizg\u016bs juodi fasadai kartu su med\u017eio ra\u0161tu ir lameli\u0173 efektu suteikia interjerui elegancijos. Auk\u0161tos juodos kojel\u0117s kartu su juodomis rankenomis paver\u010dia televizoriaus staliuk\u0105 i\u0161skirtiniu akcentu. Televizoriaus staliukas puikiai dera su AS13 lentyna ar kitais ARIS serijos baldais arba kaip atskiras \u012frenginys, leid\u017eiantis pritaikyti erdv\u0119 pagal savo poreikius.<\/p>\n<p>Plotis 148 cm Gylis 39 cm Auk\u0161tis 53 cm Produkto svoris su pakuote 39,25 kg Gamintojo kodas \/ simbolis AS01 Kolekcijos pavadinimas ARIS Pavadinimas b2b sistemoje ARIS AS01 \u0104\u017dUOLAS E\/JUODA BLIZG\u0116 RTV KPL Produkto pakuo\u010di\u0173 skai\u010dius 3 Stilius Moderni \u012franga Surinkimo instrukcijos \/ surinkimo priedai Surinkimui Savaranki\u0161kam surinkimui Korpuso spalva Evoke \u0105\u017euolas Korpuso med\u017eiaga \/ tipas \/ storis 16 mm bald\u0173 plok\u0161t\u0117 Vir\u0161utinio korpuso med\u017eiaga \/ tipas \/ storis 22 mm bald\u0173 plok\u0161t\u0117 Apatinio korpuso med\u017eiaga \/ tipas \/ storis 22 mm bald\u0173 plok\u0161t\u0117 Galin\u0117s sienel\u0117s med\u017eiaga \/ tipas \/ storis 2,5 mm HDF bald\u0173 plok\u0161t\u0117 Matoma galin\u0117s sienel\u0117s dalis Juoda Priekin\u0117 spalva Evoke \u0105\u017euolas \/ juoda blizgi Priekin\u0117 med\u017eiaga \/ tipas \/ storis 16 mm bald\u0173 plok\u0161t\u0117 Priekinis vyris \u2300 35 mm, reguliuojamas trijose plok\u0161tumose Priekin\u0117 rankena \/ med\u017eiaga \/ spalva Plastikas \/ juoda Skyl\u0117 RTV laidams \u2300 50 mm Dur\u0173 atidarymo sistema atidaroma paspaudus 1 priekin\u0117s durys Pilno i\u0161traukimo stal\u010diaus b\u0117geliai Kojel\u0117 \/ apdaila \/ spalva Reguliuojama \/ plastikin\u0117 \/ juoda Kojel\u0117s auk\u0161tis 110 mm Papildoma koja \/ apdaila \/ spalva Reguliuojama vidurinis \/ plastikinis \/ juodas Dureli\u0173 skai\u010dius 1 Stal\u010di\u0173 skai\u010dius 2 Atvir\u0173 ni\u0161\u0173 skai\u010dius 2 U\u017edar\u0173 ni\u0161\u0173 skai\u010dius 1<\/p>","protected":false},"excerpt":{"rendered":"<p>ARIS AS01 televizoriaus spintel\u0117 yra plati televizoriaus spintel\u0117, kuri pad\u0117s sutvarkyti j\u016bs\u0173 svetain\u0117s zon\u0105. Jos gerai suplanuota erdv\u0117 suteikia daug vietos elektronikai ir kitiems b\u016btiniausiems daiktams. Ji turi du erdvius stal\u010dius, u\u017edar\u0105 skyri\u0173 ir dvi atviras ni\u0161as. \u0160is spintel\u0117 puikiai tinka moderniu stiliumi dekoruotoms erdv\u0117ms. Stilinga spalva [\u2026]<\/p>","protected":false},"featured_media":252409,"comment_status":"open","ping_status":"open","template":"","meta":[],"product_brand":[],"product_cat":[9298,2457,1175],"product_tag":[],"class_list":{"0":"post-252408","1":"product","2":"type-product","3":"status-publish","4":"has-post-thumbnail","6":"product_cat-system-mebli-aris-liveo","7":"product_cat-liveo","8":"product_cat-tv-stands","10":"first","11":"instock","12":"purchasable","13":"product-type-simple"},"_links":{"self":[{"href":"https:\/\/baldumarket.lt\/lt\/wp-json\/wp\/v2\/product\/252408","targetHints":{"allow":["GET"]}}],"collection":[{"href":"https:\/\/baldumarket.lt\/lt\/wp-json\/wp\/v2\/product"}],"about":[{"href":"https:\/\/baldumarket.lt\/lt\/wp-json\/wp\/v2\/types\/product"}],"replies":[{"embeddable":true,"href":"https:\/\/baldumarket.lt\/lt\/wp-json\/wp\/v2\/comments?post=252408"}],"wp:featuredmedia":[{"embeddable":true,"href":"https:\/\/baldumarket.lt\/lt\/wp-json\/wp\/v2\/media\/252409"}],"wp:attachment":[{"href":"https:\/\/baldumarket.lt\/lt\/wp-json\/wp\/v2\/media?parent=252408"}],"wp:term":[{"taxonomy":"product_brand","embeddable":true,"href":"https:\/\/baldumarket.lt\/lt\/wp-json\/wp\/v2\/product_brand?post=252408"},{"taxonomy":"product_cat","embeddable":true,"href":"https:\/\/baldumarket.lt\/lt\/wp-json\/wp\/v2\/product_cat?post=252408"},{"taxonomy":"product_tag","embeddable":true,"href":"https:\/\/baldumarket.lt\/lt\/wp-json\/wp\/v2\/product_tag?post=252408"}],"curies":[{"name":"wp","href":"https:\/\/api.w.org\/{rel}","templated":true}]}}