{"id":252391,"date":"2026-01-10T18:23:40","date_gmt":"2026-01-10T15:23:40","guid":{"rendered":"https:\/\/baldumarket.lt\/product\/polkotapczan-lenart-bed-concept-bc-01-pionowy-140-kaszmir\/"},"modified":"2026-02-11T18:31:42","modified_gmt":"2026-02-11T15:31:42","slug":"polkotapczan-lenart-bed-concept-bc-01-pionowy-140-kaszmir","status":"publish","type":"product","link":"https:\/\/baldumarket.lt\/lt\/product\/polkotapczan-lenart-bed-concept-bc-01-pionowy-140-kaszmir\/","title":{"rendered":"Lenart BED CONCEPT BC-01 vertikali sienin\u0117 lova 140 ka\u0161myro"},"content":{"rendered":"<p>Basic<br \/>\nModelio pavadinimas: BC-01<br \/>\nKolekcijos pavadinimas: BED CONCEPT<br \/>\nSpalva: Ka\u0161myras<br \/>\nBald\u0173 tipas: Vertikali sienin\u0117 lova<br \/>\nModelio charakteristikos: 1D<br \/>\nModelio svoris: 149,0 kg<br \/>\nSurinkimas: Reikalingas surinkimas<\/p>\n<p>Aukso medalio laim\u0117tojas Poznan\u0117s tarptautin\u0117je mug\u0117je \u2013 Pripa\u017eintas u\u017e kokyb\u0119 ir inovacijas, BC-01 modelis 2019 m. Poznan\u0117s tarptautin\u0117je mug\u0117je buvo apdovanotas aukso medaliu, patvirtinan\u010diu jo modern\u0173 charakter\u012f ir rafinuot\u0105 dizain\u0105. Tai puikus pasirinkimas tiek poroms, tiek vieni\u0161iems \u017emon\u0117ms, norintiems patogios 140 cm plo\u010dio lovos neprarandant vertingos gyvenamosios erdv\u0117s.<\/p>","protected":false},"excerpt":{"rendered":"<p>Basic Model Name: BC-01 Collection Name: BED CONCEPT Color: Cashmere Furniture Type: Vertical Wall Bed Model Characteristics: 1D Model Weight: 149.0 kg Assembly: Assembly Required Gold Medalist at the Pozna\u0144 International Fair \u2013 Recognized for its quality and innovation, the BC-01 model was awarded the 2019 Gold Medal at the Pozna\u0144 International Fair, confirming its [&hellip;]<\/p>","protected":false},"featured_media":252392,"comment_status":"open","ping_status":"open","template":"","meta":[],"product_brand":[],"product_cat":[505,2454,9196],"product_tag":[],"class_list":{"0":"post-252391","1":"product","2":"type-product","3":"status-publish","4":"has-post-thumbnail","6":"product_cat-bedroom-beds","7":"product_cat-lenart","8":"product_cat-furniture-system-bed-concept-lenart","10":"first","11":"instock","12":"purchasable","13":"product-type-simple"},"_links":{"self":[{"href":"https:\/\/baldumarket.lt\/lt\/wp-json\/wp\/v2\/product\/252391","targetHints":{"allow":["GET"]}}],"collection":[{"href":"https:\/\/baldumarket.lt\/lt\/wp-json\/wp\/v2\/product"}],"about":[{"href":"https:\/\/baldumarket.lt\/lt\/wp-json\/wp\/v2\/types\/product"}],"replies":[{"embeddable":true,"href":"https:\/\/baldumarket.lt\/lt\/wp-json\/wp\/v2\/comments?post=252391"}],"wp:featuredmedia":[{"embeddable":true,"href":"https:\/\/baldumarket.lt\/lt\/wp-json\/wp\/v2\/media\/252392"}],"wp:attachment":[{"href":"https:\/\/baldumarket.lt\/lt\/wp-json\/wp\/v2\/media?parent=252391"}],"wp:term":[{"taxonomy":"product_brand","embeddable":true,"href":"https:\/\/baldumarket.lt\/lt\/wp-json\/wp\/v2\/product_brand?post=252391"},{"taxonomy":"product_cat","embeddable":true,"href":"https:\/\/baldumarket.lt\/lt\/wp-json\/wp\/v2\/product_cat?post=252391"},{"taxonomy":"product_tag","embeddable":true,"href":"https:\/\/baldumarket.lt\/lt\/wp-json\/wp\/v2\/product_tag?post=252391"}],"curies":[{"name":"wp","href":"https:\/\/api.w.org\/{rel}","templated":true}]}}