{"id":252375,"date":"2026-01-10T18:23:34","date_gmt":"2026-01-10T15:23:34","guid":{"rendered":"https:\/\/baldumarket.lt\/product\/polkotapczan-lenart-bed-concept-bc-12-pionowy-160-bialy\/"},"modified":"2026-02-11T18:31:42","modified_gmt":"2026-02-11T15:31:42","slug":"polkotapczan-lenart-bed-concept-bc-12-pionowy-160-bialy","status":"publish","type":"product","link":"https:\/\/baldumarket.lt\/lt\/product\/polkotapczan-lenart-bed-concept-bc-12-pionowy-160-bialy\/","title":{"rendered":"Lenart BED CONCEPT BC-12 vertikali sienin\u0117 lova 160 cm balta"},"content":{"rendered":"<p>Basic<br \/>\nK\u016bno pavadinimas: BC-12<br \/>\nKolekcijos pavadinimas: BED CONCEPT<br \/>\nSpalva: balta<br \/>\nBald\u0173 tipas: Vertikali sienin\u0117 lova<br \/>\nK\u016bno charakteristikos: 1D<br \/>\nK\u016bno svoris: 165,0 kg<br \/>\nSurinkimas: Reikalingas surinkimas<\/p>\n<p>Poznan\u0117s mug\u0117s aukso medalio laim\u0117tojas \u2013 pripa\u017eintas u\u017e kokyb\u0119 ir inovacijas \u2013 buvo apdovanotas 2019 m. Poznan\u0117s tarptautin\u0117s mug\u0117s aukso medaliu, patvirtinan\u010diu jo modern\u0173 charakter\u012f ir rafinuot\u0105 dizain\u0105. Tai puikus pasirinkimas tiek poroms, tiek vieni\u0161iems asmenims, norintiems patogios 160 cm plo\u010dio lovos neprarandant vertingos gyvenamosios erdv\u0117s.<\/p>","protected":false},"excerpt":{"rendered":"<p>Basic Body Name: BC-12 Collection Name: BED CONCEPT Color: White Furniture Type: Vertical Wall Bed Body Characteristics: 1D Body Weight: 165.0 kg Assembly: Assembly Required The Pozna\u0144 Fair Gold Medalist \u2013 recognized for its quality and innovation \u2013 was awarded the 2019 Pozna\u0144 International Fair Gold Medal, confirming its modern character and refined design. It [&hellip;]<\/p>","protected":false},"featured_media":252376,"comment_status":"open","ping_status":"open","template":"","meta":[],"product_brand":[],"product_cat":[505,2454,9196],"product_tag":[],"class_list":{"0":"post-252375","1":"product","2":"type-product","3":"status-publish","4":"has-post-thumbnail","6":"product_cat-bedroom-beds","7":"product_cat-lenart","8":"product_cat-furniture-system-bed-concept-lenart","10":"first","11":"instock","12":"purchasable","13":"product-type-simple"},"_links":{"self":[{"href":"https:\/\/baldumarket.lt\/lt\/wp-json\/wp\/v2\/product\/252375","targetHints":{"allow":["GET"]}}],"collection":[{"href":"https:\/\/baldumarket.lt\/lt\/wp-json\/wp\/v2\/product"}],"about":[{"href":"https:\/\/baldumarket.lt\/lt\/wp-json\/wp\/v2\/types\/product"}],"replies":[{"embeddable":true,"href":"https:\/\/baldumarket.lt\/lt\/wp-json\/wp\/v2\/comments?post=252375"}],"wp:featuredmedia":[{"embeddable":true,"href":"https:\/\/baldumarket.lt\/lt\/wp-json\/wp\/v2\/media\/252376"}],"wp:attachment":[{"href":"https:\/\/baldumarket.lt\/lt\/wp-json\/wp\/v2\/media?parent=252375"}],"wp:term":[{"taxonomy":"product_brand","embeddable":true,"href":"https:\/\/baldumarket.lt\/lt\/wp-json\/wp\/v2\/product_brand?post=252375"},{"taxonomy":"product_cat","embeddable":true,"href":"https:\/\/baldumarket.lt\/lt\/wp-json\/wp\/v2\/product_cat?post=252375"},{"taxonomy":"product_tag","embeddable":true,"href":"https:\/\/baldumarket.lt\/lt\/wp-json\/wp\/v2\/product_tag?post=252375"}],"curies":[{"name":"wp","href":"https:\/\/api.w.org\/{rel}","templated":true}]}}