{"id":252271,"date":"2026-01-10T18:22:43","date_gmt":"2026-01-10T15:22:43","guid":{"rendered":"https:\/\/baldumarket.lt\/product\/polkotapczan-lenart-bed-concept-bc-02-pionowy-120-bialy-polysk\/"},"modified":"2026-02-11T18:31:44","modified_gmt":"2026-02-11T15:31:44","slug":"polkotapczan-lenart-bed-concept-bc-02-pionowy-120-bialy-polysk","status":"publish","type":"product","link":"https:\/\/baldumarket.lt\/lt\/product\/polkotapczan-lenart-bed-concept-bc-02-pionowy-120-bialy-polysk\/","title":{"rendered":"Lenart BED CONCEPT BC-02 vertikali sienin\u0117 lova 120 cm blizgi balta"},"content":{"rendered":"<p>Basic<br \/>\nModelio pavadinimas: BC-02<br \/>\nKolekcijos pavadinimas: BED CONCEPT<br \/>\nSpalva: balta \/ blizgi balta<br \/>\nBald\u0173 tipas: Vertikali sienin\u0117 lova<br \/>\nModelio charakteristikos: 1D<br \/>\nModelio svoris: 137,0 kg<br \/>\nSurinkimas: Reikalingas surinkimas<\/p>\n<p>Aukso medalio laim\u0117tojas Poznan\u0117s tarptautin\u0117je mug\u0117je \u2013 Pripa\u017eintas u\u017e kokyb\u0119 ir inovacijas, BC-02 modelis 2019 m. Poznan\u0117s tarptautin\u0117je mug\u0117je buvo apdovanotas aukso medaliu, patvirtinan\u010diu jo modern\u0173 charakter\u012f ir rafinuot\u0105 dizain\u0105. Tai puikus pasirinkimas tiek poroms, tiek vieni\u0161iems \u017emon\u0117ms, norintiems patogios 120 cm plo\u010dio lovos neprarandant vertingos gyvenamosios erdv\u0117s.<\/p>","protected":false},"excerpt":{"rendered":"<p>Bazinis modelio pavadinimas: BC-02 Kolekcijos pavadinimas: BED CONCEPT Spalva: Balta \/ Blizgi balta Bald\u0173 tipas: Vertikali sienin\u0117 lova Modelio charakteristikos: 1D Modelis Svoris: 137,0 kg Surinkimas: Reikalingas surinkimas Aukso medalio laim\u0117tojas Poznan\u0117s tarptautin\u0117je mug\u0117je \u2013 Pripa\u017eintas u\u017e kokyb\u0119 ir inovacijas, BC-02 modelis buvo apdovanotas 2019 m. aukso medaliu Poznan\u0117s tarptautin\u0117je [\u2026]<\/p>","protected":false},"featured_media":252272,"comment_status":"open","ping_status":"open","template":"","meta":[],"product_brand":[],"product_cat":[9251],"product_tag":[],"class_list":{"0":"post-252271","1":"product","2":"type-product","3":"status-publish","4":"has-post-thumbnail","6":"product_cat-musor","8":"first","9":"instock","10":"purchasable","11":"product-type-simple"},"_links":{"self":[{"href":"https:\/\/baldumarket.lt\/lt\/wp-json\/wp\/v2\/product\/252271","targetHints":{"allow":["GET"]}}],"collection":[{"href":"https:\/\/baldumarket.lt\/lt\/wp-json\/wp\/v2\/product"}],"about":[{"href":"https:\/\/baldumarket.lt\/lt\/wp-json\/wp\/v2\/types\/product"}],"replies":[{"embeddable":true,"href":"https:\/\/baldumarket.lt\/lt\/wp-json\/wp\/v2\/comments?post=252271"}],"wp:featuredmedia":[{"embeddable":true,"href":"https:\/\/baldumarket.lt\/lt\/wp-json\/wp\/v2\/media\/252272"}],"wp:attachment":[{"href":"https:\/\/baldumarket.lt\/lt\/wp-json\/wp\/v2\/media?parent=252271"}],"wp:term":[{"taxonomy":"product_brand","embeddable":true,"href":"https:\/\/baldumarket.lt\/lt\/wp-json\/wp\/v2\/product_brand?post=252271"},{"taxonomy":"product_cat","embeddable":true,"href":"https:\/\/baldumarket.lt\/lt\/wp-json\/wp\/v2\/product_cat?post=252271"},{"taxonomy":"product_tag","embeddable":true,"href":"https:\/\/baldumarket.lt\/lt\/wp-json\/wp\/v2\/product_tag?post=252271"}],"curies":[{"name":"wp","href":"https:\/\/api.w.org\/{rel}","templated":true}]}}