{"id":252255,"date":"2026-01-10T18:22:36","date_gmt":"2026-01-10T15:22:36","guid":{"rendered":"https:\/\/baldumarket.lt\/product\/toaletka-kosmetyczna-z-szufladami-trend-ts-09-2s-oswietlenie-led-bez-piaskowy-czarny\/"},"modified":"2026-02-11T18:31:44","modified_gmt":"2026-02-11T15:31:44","slug":"toaletka-kosmetyczna-z-szufladami-trend-ts-09-2s-oswietlenie-led-bez-piaskowy-czarny","status":"publish","type":"product","link":"https:\/\/baldumarket.lt\/lt\/product\/toaletka-kosmetyczna-z-szufladami-trend-ts-09-2s-oswietlenie-led-bez-piaskowy-czarny\/","title":{"rendered":"TREND TS-09 2S kosmetinis tualetinis staliukas su stal\u010diais | LED ap\u0161vietimas | sm\u0117lio spalvos, juoda"},"content":{"rendered":"<p>Kolekcija: TREND miegamasis<br \/>\nModelis: TS-09 2S<br \/>\nSpalva: sm\u0117lio spalvos \/ juoda<br \/>\nMatmenys: Plotis: 112 cm<br \/>\nAuk\u0161tis: 78 cm<br \/>\nGylis: 40 cm<br \/>\nMatmen\u0173 tolerancija \u00b12%<br \/>\nDizainas: Modernus, grioveli\u0173 formos kosmetinis staliukas<br \/>\nNesenstan\u010dios ir subtilios spalvos<br \/>\nKorpusas ir priekin\u0117 dalis pagaminti i\u0161 patvarios laminuotos plok\u0161t\u0117s<br \/>\nOptimali daikt\u0173 laikymo vieta: 2 stal\u010diai<br \/>\nApa\u010dioje montuojama atidaroma kreipian\u010dioji su sinchronizatoriumi<br \/>\n\u012e komplekt\u0105 \u012feina atmosferinis LED ap\u0161vietimas (A++ LED juostel\u0117)<br \/>\nJuodos metalin\u0117s kojel\u0117s<br \/>\nNaujas produktas, gamykloje supakuotas, skirtas savaranki\u0161kam surinkimui<\/p>","protected":false},"excerpt":{"rendered":"<p>Kolekcija: TREND Miegamasis Modelis: TS-09 2S Spalva: Sm\u0117lio sm\u0117lio \/ juoda Matmenys: Plotis: 112 cm Auk\u0161tis: 78 cm Gylis: 40 cm Matmen\u0173 tolerancija \u00b12% Dizainas: Modernus, grioveli\u0173 ra\u0161tas kosmetinei spintelei Nesenstan\u010dios ir subtilios spalvos Korpusas ir priekin\u0117 dalis pagaminti i\u0161 patvarios laminuotos plok\u0161t\u0117s Optimali daikt\u0173 laikymo vieta: 2 stal\u010diai Apa\u010dioje montuojama atidaroma b\u0117gel\u0117 su sinchronizatoriumi Atmosferinis LED ap\u0161vietimas [\u2026]<\/p>","protected":false},"featured_media":252256,"comment_status":"open","ping_status":"open","template":"","meta":[],"product_brand":[],"product_cat":[9268,1237,2454],"product_tag":[],"class_list":{"0":"post-252255","1":"product","2":"type-product","3":"status-publish","4":"has-post-thumbnail","6":"product_cat-furniture-system-trend-lenart","7":"product_cat-dressing-tables","8":"product_cat-lenart","10":"first","11":"instock","12":"purchasable","13":"product-type-simple"},"_links":{"self":[{"href":"https:\/\/baldumarket.lt\/lt\/wp-json\/wp\/v2\/product\/252255","targetHints":{"allow":["GET"]}}],"collection":[{"href":"https:\/\/baldumarket.lt\/lt\/wp-json\/wp\/v2\/product"}],"about":[{"href":"https:\/\/baldumarket.lt\/lt\/wp-json\/wp\/v2\/types\/product"}],"replies":[{"embeddable":true,"href":"https:\/\/baldumarket.lt\/lt\/wp-json\/wp\/v2\/comments?post=252255"}],"wp:featuredmedia":[{"embeddable":true,"href":"https:\/\/baldumarket.lt\/lt\/wp-json\/wp\/v2\/media\/252256"}],"wp:attachment":[{"href":"https:\/\/baldumarket.lt\/lt\/wp-json\/wp\/v2\/media?parent=252255"}],"wp:term":[{"taxonomy":"product_brand","embeddable":true,"href":"https:\/\/baldumarket.lt\/lt\/wp-json\/wp\/v2\/product_brand?post=252255"},{"taxonomy":"product_cat","embeddable":true,"href":"https:\/\/baldumarket.lt\/lt\/wp-json\/wp\/v2\/product_cat?post=252255"},{"taxonomy":"product_tag","embeddable":true,"href":"https:\/\/baldumarket.lt\/lt\/wp-json\/wp\/v2\/product_tag?post=252255"}],"curies":[{"name":"wp","href":"https:\/\/api.w.org\/{rel}","templated":true}]}}