{"id":252239,"date":"2026-01-10T18:22:28","date_gmt":"2026-01-10T15:22:28","guid":{"rendered":"https:\/\/baldumarket.lt\/product\/szafka-na-buty-z-siedziskiem-trend-tg-05-1k-oswietlenie-led-bez-piaskowy-czarny\/"},"modified":"2026-02-11T18:31:44","modified_gmt":"2026-02-11T15:31:44","slug":"szafka-na-buty-z-siedziskiem-trend-tg-05-1k-oswietlenie-led-bez-piaskowy-czarny","status":"publish","type":"product","link":"https:\/\/baldumarket.lt\/lt\/product\/szafka-na-buty-z-siedziskiem-trend-tg-05-1k-oswietlenie-led-bez-piaskowy-czarny\/","title":{"rendered":"TREND TG-05 1K bat\u0173 spintel\u0117 su s\u0117dyne | LED ap\u0161vietimas | sm\u0117lio spalvos, juoda"},"content":{"rendered":"<p>Kolekcija: TREND Drabu\u017ein\u0117<br \/>\nModelis: TG-05 1K<br \/>\nSpalva: sm\u0117lio spalvos \/ juoda<br \/>\nMatmenys: Plotis: 101 cm<br \/>\nAuk\u0161tis: 52 cm<br \/>\nGylis: 38 cm<br \/>\nMatmen\u0173 tolerancija \u00b12%<br \/>\nDizainas: Moderni prie\u0161kambario bat\u0173 spintel\u0117<br \/>\nNesenstan\u010dios ir subtilios spalvos<br \/>\nDekoratyvus ir stilingas frezuotas fasadas<br \/>\nMink\u0161ta apmu\u0161ta s\u0117dyn\u0117<br \/>\nKorpusas ir priekin\u0117 dalis pagaminti i\u0161 patvarios laminuotos plok\u0161t\u0117s<br \/>\nOptimaliai organizuota sand\u0117liavimo erdv\u0117<br \/>\n\u012e komplekt\u0105 \u012feina atmosferinis LED ap\u0161vietimas (LED A++ profilis)<br \/>\nEfektyv\u016bs pasl\u0117pti u\u017espaud\u017eiami vyriai<br \/>\nPatogus atidarymas su paspaudimo sistema<br \/>\nJuodos metalin\u0117s kojel\u0117s<br \/>\nNaujas produktas, gamykloje supakuotas, skirtas savaranki\u0161kam surinkimui<\/p>","protected":false},"excerpt":{"rendered":"<p>Kolekcija: TREND Drabu\u017ein\u0117 Modelis: TG-05 1K Spalva: Sm\u0117lio sm\u0117lio \/ juoda Matmenys: Plotis: 101 cm Auk\u0161tis: 52 cm Gylis: 38 cm Matmen\u0173 tolerancija \u00b12% Dizainas: Moderni prie\u0161kambario bat\u0173 spintel\u0117 Nesenstan\u010dios ir subtilios spalvos Dekoratyvus ir stilingas frezuotas priekis Mink\u0161ta apmu\u0161ta s\u0117dyn\u0117 Korpusas ir priekis pagaminti i\u0161 patvarios laminuotos plok\u0161t\u0117s Optimaliai organizuota daikt\u0173 laikymo vieta Atmosferinis LED [\u2026]<\/p>","protected":false},"featured_media":252240,"comment_status":"open","ping_status":"open","template":"","meta":[],"product_brand":[],"product_cat":[9268,2454,1997],"product_tag":[],"class_list":{"0":"post-252239","1":"product","2":"type-product","3":"status-publish","4":"has-post-thumbnail","6":"product_cat-furniture-system-trend-lenart","7":"product_cat-lenart","8":"product_cat-shoe-cabinets","10":"first","11":"instock","12":"purchasable","13":"product-type-simple"},"_links":{"self":[{"href":"https:\/\/baldumarket.lt\/lt\/wp-json\/wp\/v2\/product\/252239","targetHints":{"allow":["GET"]}}],"collection":[{"href":"https:\/\/baldumarket.lt\/lt\/wp-json\/wp\/v2\/product"}],"about":[{"href":"https:\/\/baldumarket.lt\/lt\/wp-json\/wp\/v2\/types\/product"}],"replies":[{"embeddable":true,"href":"https:\/\/baldumarket.lt\/lt\/wp-json\/wp\/v2\/comments?post=252239"}],"wp:featuredmedia":[{"embeddable":true,"href":"https:\/\/baldumarket.lt\/lt\/wp-json\/wp\/v2\/media\/252240"}],"wp:attachment":[{"href":"https:\/\/baldumarket.lt\/lt\/wp-json\/wp\/v2\/media?parent=252239"}],"wp:term":[{"taxonomy":"product_brand","embeddable":true,"href":"https:\/\/baldumarket.lt\/lt\/wp-json\/wp\/v2\/product_brand?post=252239"},{"taxonomy":"product_cat","embeddable":true,"href":"https:\/\/baldumarket.lt\/lt\/wp-json\/wp\/v2\/product_cat?post=252239"},{"taxonomy":"product_tag","embeddable":true,"href":"https:\/\/baldumarket.lt\/lt\/wp-json\/wp\/v2\/product_tag?post=252239"}],"curies":[{"name":"wp","href":"https:\/\/api.w.org\/{rel}","templated":true}]}}