{"id":252231,"date":"2026-01-10T18:22:21","date_gmt":"2026-01-10T15:22:21","guid":{"rendered":"https:\/\/baldumarket.lt\/product\/wieszak-na-sciane-trend-tg-06-bez-piaskowy-czarny\/"},"modified":"2026-02-11T18:31:44","modified_gmt":"2026-02-11T15:31:44","slug":"wieszak-na-sciane-trend-tg-06-bez-piaskowy-czarny","status":"publish","type":"product","link":"https:\/\/baldumarket.lt\/lt\/product\/wieszak-na-sciane-trend-tg-06-bez-piaskowy-czarny\/","title":{"rendered":"TREND TG-06 sieninis pakabukas | Sm\u0117lio spalvos, juoda"},"content":{"rendered":"<p>Kolekcija: TREND Drabu\u017ein\u0117<br \/>\nModelis: TG-06<br \/>\nSpalva: sm\u0117lio spalvos \/ juoda<br \/>\nMatmenys: Plotis: 50 \/ 26 cm<br \/>\n\u016agis: 132 cm<br \/>\nGylis: 27 cm<br \/>\nMatmen\u0173 tolerancija \u00b12%<br \/>\nDizainas: Modernus frezuotas prie sienos tvirtinamas palt\u0173 kabykla<br \/>\nNesenstan\u010dios ir subtilios spalvos<br \/>\nDekoratyvus ir stilingas frezavimas<br \/>\nKorpusas ir priekin\u0117 dalis pagaminti i\u0161 patvarios laminuotos plok\u0161t\u0117s<br \/>\nNaujas produktas, gamykloje supakuotas, skirtas savaranki\u0161kam surinkimui<\/p>","protected":false},"excerpt":{"rendered":"<p>Kolekcija: TREND Drabu\u017ein\u0117 Modelis: TG-06 Spalva: Sm\u0117lio sm\u0117lio \/ juoda Matmenys: Plotis: 50 \/ 26 cm Auk\u0161tis: 132 cm Gylis: 27 cm Matmen\u0173 tolerancija \u00b12% Dizainas: Modernus frezuotas prie sienos tvirtinamas palt\u0173 kabykla Nesenstan\u010dios ir subtilios spalvos Dekoratyvus ir stilingas frezavimas Korpusas ir priekin\u0117 dalis pagaminti i\u0161 patvarios laminuotos plok\u0161t\u0117s Naujas produktas, gamykloje supakuotas, skirtas savaranki\u0161kam surinkimui<\/p>","protected":false},"featured_media":252232,"comment_status":"open","ping_status":"open","template":"","meta":[],"product_brand":[],"product_cat":[9268,1931,2454],"product_tag":[],"class_list":{"0":"post-252231","1":"product","2":"type-product","3":"status-publish","4":"has-post-thumbnail","6":"product_cat-furniture-system-trend-lenart","7":"product_cat-hangers","8":"product_cat-lenart","10":"first","11":"instock","12":"purchasable","13":"product-type-simple"},"_links":{"self":[{"href":"https:\/\/baldumarket.lt\/lt\/wp-json\/wp\/v2\/product\/252231","targetHints":{"allow":["GET"]}}],"collection":[{"href":"https:\/\/baldumarket.lt\/lt\/wp-json\/wp\/v2\/product"}],"about":[{"href":"https:\/\/baldumarket.lt\/lt\/wp-json\/wp\/v2\/types\/product"}],"replies":[{"embeddable":true,"href":"https:\/\/baldumarket.lt\/lt\/wp-json\/wp\/v2\/comments?post=252231"}],"wp:featuredmedia":[{"embeddable":true,"href":"https:\/\/baldumarket.lt\/lt\/wp-json\/wp\/v2\/media\/252232"}],"wp:attachment":[{"href":"https:\/\/baldumarket.lt\/lt\/wp-json\/wp\/v2\/media?parent=252231"}],"wp:term":[{"taxonomy":"product_brand","embeddable":true,"href":"https:\/\/baldumarket.lt\/lt\/wp-json\/wp\/v2\/product_brand?post=252231"},{"taxonomy":"product_cat","embeddable":true,"href":"https:\/\/baldumarket.lt\/lt\/wp-json\/wp\/v2\/product_cat?post=252231"},{"taxonomy":"product_tag","embeddable":true,"href":"https:\/\/baldumarket.lt\/lt\/wp-json\/wp\/v2\/product_tag?post=252231"}],"curies":[{"name":"wp","href":"https:\/\/api.w.org\/{rel}","templated":true}]}}