{"id":252215,"date":"2026-01-10T18:22:13","date_gmt":"2026-01-10T15:22:13","guid":{"rendered":"https:\/\/baldumarket.lt\/product\/regal-drewniany-ollie-ol-02-52x193x40-dab-olejowany-czarny\/"},"modified":"2026-02-11T18:31:44","modified_gmt":"2026-02-11T15:31:44","slug":"regal-drewniany-ollie-ol-02-52x193x40-dab-olejowany-czarny","status":"publish","type":"product","link":"https:\/\/baldumarket.lt\/lt\/product\/regal-drewniany-ollie-ol-02-52x193x40-dab-olejowany-czarny\/","title":{"rendered":"OLLIE OL-02 medin\u0117 lentyna | 52x193x40 | Alyvuotas \u0105\u017euolas, juoda"},"content":{"rendered":"<p>Kolekcija: OLLI<br \/>\nModelis: OL-02 1S<br \/>\nSpalva: Alyvuotas \u0105\u017euolas \/ Juoda<br \/>\nMatmenys: Plotis: 52 cm<br \/>\n\u016agis: 193 cm<br \/>\nGylis: 40 cm<br \/>\nMatmen\u0173 tolerancija \u00b12%<br \/>\nDizainas: dizainerio sukurta lentyn\u0173 sistema biurui, darbo kambariui, svetainei ar miegamajam<br \/>\n\u012erengtos tvirtos lentynos ir stal\u010dius smulkiems daiktams<br \/>\nNesenstanti spalv\u0173 gama: nat\u016bralus \u0105\u017euolo atspalvis ir juodi akcentai<br \/>\nKorpusas ir priekin\u0117 dalis pagaminti i\u0161 patvarios laminuotos plok\u0161t\u0117s<br \/>\nJuodos PVC rankenos<br \/>\nStabilizuojan\u010dios slydimo kojel\u0117s<br \/>\nNaujas produktas, gamykloje supakuotas, skirtas savaranki\u0161kam surinkimui<\/p>","protected":false},"excerpt":{"rendered":"<p>Kolekcija: OLLIE Modelis: OL-02 1S Spalva: Alyvuotas \u0105\u017euolas \/ juoda Matmenys: Plotis: 52 cm Auk\u0161tis: 193 cm Gylis: 40 cm Matmen\u0173 tolerancija \u00b12% Dizainas: Dizainerio sukurta lentyn\u0173 sistema biurui, darbo kambariui, svetainei ar miegamajam \u012erengta tvirtomis lentynomis ir stal\u010diumi smulkiems daiktams Nesenstanti spalv\u0173 gama: nat\u016bralus \u0105\u017euolo atspalvis ir juodi akcentai Korpusas [\u2026]<\/p>","protected":false},"featured_media":252216,"comment_status":"open","ping_status":"open","template":"","meta":[],"product_brand":[],"product_cat":[9254,2454,1987],"product_tag":[],"class_list":{"0":"post-252215","1":"product","2":"type-product","3":"status-publish","4":"has-post-thumbnail","6":"product_cat-furniture-system-ollie-lenart","7":"product_cat-lenart","8":"product_cat-shelving-units","10":"first","11":"instock","12":"purchasable","13":"product-type-simple"},"_links":{"self":[{"href":"https:\/\/baldumarket.lt\/lt\/wp-json\/wp\/v2\/product\/252215","targetHints":{"allow":["GET"]}}],"collection":[{"href":"https:\/\/baldumarket.lt\/lt\/wp-json\/wp\/v2\/product"}],"about":[{"href":"https:\/\/baldumarket.lt\/lt\/wp-json\/wp\/v2\/types\/product"}],"replies":[{"embeddable":true,"href":"https:\/\/baldumarket.lt\/lt\/wp-json\/wp\/v2\/comments?post=252215"}],"wp:featuredmedia":[{"embeddable":true,"href":"https:\/\/baldumarket.lt\/lt\/wp-json\/wp\/v2\/media\/252216"}],"wp:attachment":[{"href":"https:\/\/baldumarket.lt\/lt\/wp-json\/wp\/v2\/media?parent=252215"}],"wp:term":[{"taxonomy":"product_brand","embeddable":true,"href":"https:\/\/baldumarket.lt\/lt\/wp-json\/wp\/v2\/product_brand?post=252215"},{"taxonomy":"product_cat","embeddable":true,"href":"https:\/\/baldumarket.lt\/lt\/wp-json\/wp\/v2\/product_cat?post=252215"},{"taxonomy":"product_tag","embeddable":true,"href":"https:\/\/baldumarket.lt\/lt\/wp-json\/wp\/v2\/product_tag?post=252215"}],"curies":[{"name":"wp","href":"https:\/\/api.w.org\/{rel}","templated":true}]}}