{"id":252207,"date":"2026-01-10T18:22:10","date_gmt":"2026-01-10T15:22:10","guid":{"rendered":"https:\/\/baldumarket.lt\/product\/regal-drewniany-niski-ollie-ol-03-108x121x40-dab-olejowany-czarny\/"},"modified":"2026-02-11T18:31:44","modified_gmt":"2026-02-11T15:31:44","slug":"regal-drewniany-niski-ollie-ol-03-108x121x40-dab-olejowany-czarny","status":"publish","type":"product","link":"https:\/\/baldumarket.lt\/lt\/product\/regal-drewniany-niski-ollie-ol-03-108x121x40-dab-olejowany-czarny\/","title":{"rendered":"\u017dema medin\u0117 lentyna OLLIE OL-03 | 108x121x40 | Alyvuotas \u0105\u017euolas, juoda"},"content":{"rendered":"<p>Kolekcija: OLLI<br \/>\nModelis: OL-03 2D<br \/>\nSpalva: Alyvuotas \u0105\u017euolas \/ Juoda<br \/>\nMatmenys: Plotis: 108 cm<br \/>\n\u016agis: 121 cm<br \/>\nGylis: 40 cm<br \/>\nMatmen\u0173 tolerancija \u00b12%<br \/>\nDizainas: dizainerio sukurta \u017eema lentyna biurui, darbo kambariui, svetainei ar miegamajam<br \/>\n\u012erengtos tvirtos lentynos ir spintel\u0117<br \/>\nNesenstanti spalv\u0173 gama: nat\u016bralus \u0105\u017euolo atspalvis ir juodi akcentai<br \/>\nKorpusas ir priekin\u0117 dalis pagaminti i\u0161 patvarios laminuotos plok\u0161t\u0117s<br \/>\nJuodos PVC rankenos<br \/>\nStabilizuojan\u010dios slydimo kojel\u0117s<br \/>\nNaujas produktas, gamykloje supakuotas, skirtas savaranki\u0161kam surinkimui<\/p>","protected":false},"excerpt":{"rendered":"<p>Collection: OLLIE Model: OL-03 2D Color: Oiled Oak \/ Black Dimensions: Width: 108 cm Height: 121 cm Depth: 40 cm Dimension tolerance \u00b12% Design: Designer low shelf for an office, study, living room, or bedroom Equipped with sturdy shelves and a cabinet Timeless color scheme: natural oak shade and black accents Body and front made [&hellip;]<\/p>","protected":false},"featured_media":252208,"comment_status":"open","ping_status":"open","template":"","meta":[],"product_brand":[],"product_cat":[9254,2454,1987],"product_tag":[],"class_list":{"0":"post-252207","1":"product","2":"type-product","3":"status-publish","4":"has-post-thumbnail","6":"product_cat-furniture-system-ollie-lenart","7":"product_cat-lenart","8":"product_cat-shelving-units","10":"first","11":"instock","12":"purchasable","13":"product-type-simple"},"_links":{"self":[{"href":"https:\/\/baldumarket.lt\/lt\/wp-json\/wp\/v2\/product\/252207","targetHints":{"allow":["GET"]}}],"collection":[{"href":"https:\/\/baldumarket.lt\/lt\/wp-json\/wp\/v2\/product"}],"about":[{"href":"https:\/\/baldumarket.lt\/lt\/wp-json\/wp\/v2\/types\/product"}],"replies":[{"embeddable":true,"href":"https:\/\/baldumarket.lt\/lt\/wp-json\/wp\/v2\/comments?post=252207"}],"wp:featuredmedia":[{"embeddable":true,"href":"https:\/\/baldumarket.lt\/lt\/wp-json\/wp\/v2\/media\/252208"}],"wp:attachment":[{"href":"https:\/\/baldumarket.lt\/lt\/wp-json\/wp\/v2\/media?parent=252207"}],"wp:term":[{"taxonomy":"product_brand","embeddable":true,"href":"https:\/\/baldumarket.lt\/lt\/wp-json\/wp\/v2\/product_brand?post=252207"},{"taxonomy":"product_cat","embeddable":true,"href":"https:\/\/baldumarket.lt\/lt\/wp-json\/wp\/v2\/product_cat?post=252207"},{"taxonomy":"product_tag","embeddable":true,"href":"https:\/\/baldumarket.lt\/lt\/wp-json\/wp\/v2\/product_tag?post=252207"}],"curies":[{"name":"wp","href":"https:\/\/api.w.org\/{rel}","templated":true}]}}