{"id":252199,"date":"2026-01-10T18:22:07","date_gmt":"2026-01-10T15:22:07","guid":{"rendered":"https:\/\/baldumarket.lt\/product\/regal-biurko-ollie-ol-04-108x193x40-dab-olejowany-czarny\/"},"modified":"2026-02-11T18:31:44","modified_gmt":"2026-02-11T15:31:44","slug":"regal-biurko-ollie-ol-04-108x193x40-dab-olejowany-czarny","status":"publish","type":"product","link":"https:\/\/baldumarket.lt\/lt\/product\/regal-biurko-ollie-ol-04-108x193x40-dab-olejowany-czarny\/","title":{"rendered":"OLLIE OL-04 Knyg\u0173 lentyna\/Ra\u0161omasis stalas | 108x193x40 | Alyvuotas \u0105\u017euolas, juoda"},"content":{"rendered":"<p>Kolekcija: OLLI<br \/>\nModelis: OL-04<br \/>\nSpalva: Alyvuotas \u0105\u017euolas \/ juoda<br \/>\nMatmenys: Plotis: 108 cm<br \/>\n\u016agis: 193 cm<br \/>\nGylis: 40 cm<br \/>\nMatmen\u0173 tolerancija \u00b12%<br \/>\nDizainas: dizainerio sukurta knyg\u0173 lentyna \/ ra\u0161omasis stalas su lentynomis biurui, darbo kambariui, svetainei ar miegamajam<br \/>\nNesenstanti spalv\u0173 gama: nat\u016bralus \u0105\u017euolo atspalvis ir juodi akcentai<br \/>\nKorpusas ir priekin\u0117 dalis pagaminti i\u0161 patvarios laminuotos plok\u0161t\u0117s<br \/>\nSlydimo kojel\u0117s stabilizuoja vis\u0105 \u012frengin\u012f<br \/>\nNaujas, gamykloje supakuotas, reikalingas savaranki\u0161kas surinkimas<\/p>","protected":false},"excerpt":{"rendered":"<p>Kolekcija: OLLIE Modelis: OL-04 Spalva: Alyvuotas \u0105\u017euolas\/juoda Matmenys: Plotis: 108 cm Auk\u0161tis: 193 cm Gylis: 40 cm Matmen\u0173 tolerancija \u00b12% Dizainas: Dizainerio knyg\u0173 lentyna\/stalas su lentynomis biurui, darbo kambariui, svetainei ar miegamajam Nesenstanti spalv\u0173 gama: nat\u016bralus \u0105\u017euolo atspalvis ir juodi akcentai Korpusas ir priekis pagaminti i\u0161 patvarios laminuotos plok\u0161t\u0117s Slankiojan\u010dios kojel\u0117s stabilizuoja vis\u0105 [\u2026]<\/p>","protected":false},"featured_media":252200,"comment_status":"open","ping_status":"open","template":"","meta":[],"product_brand":[],"product_cat":[9254,1312,2454],"product_tag":[],"class_list":{"0":"post-252199","1":"product","2":"type-product","3":"status-publish","4":"has-post-thumbnail","6":"product_cat-furniture-system-ollie-lenart","7":"product_cat-desks","8":"product_cat-lenart","10":"first","11":"instock","12":"purchasable","13":"product-type-simple"},"_links":{"self":[{"href":"https:\/\/baldumarket.lt\/lt\/wp-json\/wp\/v2\/product\/252199","targetHints":{"allow":["GET"]}}],"collection":[{"href":"https:\/\/baldumarket.lt\/lt\/wp-json\/wp\/v2\/product"}],"about":[{"href":"https:\/\/baldumarket.lt\/lt\/wp-json\/wp\/v2\/types\/product"}],"replies":[{"embeddable":true,"href":"https:\/\/baldumarket.lt\/lt\/wp-json\/wp\/v2\/comments?post=252199"}],"wp:featuredmedia":[{"embeddable":true,"href":"https:\/\/baldumarket.lt\/lt\/wp-json\/wp\/v2\/media\/252200"}],"wp:attachment":[{"href":"https:\/\/baldumarket.lt\/lt\/wp-json\/wp\/v2\/media?parent=252199"}],"wp:term":[{"taxonomy":"product_brand","embeddable":true,"href":"https:\/\/baldumarket.lt\/lt\/wp-json\/wp\/v2\/product_brand?post=252199"},{"taxonomy":"product_cat","embeddable":true,"href":"https:\/\/baldumarket.lt\/lt\/wp-json\/wp\/v2\/product_cat?post=252199"},{"taxonomy":"product_tag","embeddable":true,"href":"https:\/\/baldumarket.lt\/lt\/wp-json\/wp\/v2\/product_tag?post=252199"}],"curies":[{"name":"wp","href":"https:\/\/api.w.org\/{rel}","templated":true}]}}