{"id":252191,"date":"2026-01-10T18:22:03","date_gmt":"2026-01-10T15:22:03","guid":{"rendered":"https:\/\/baldumarket.lt\/product\/regal-drewniany-ollie-ol-05-88x193x35-dab-olejowany-czarny\/"},"modified":"2026-02-11T18:31:44","modified_gmt":"2026-02-11T15:31:44","slug":"regal-drewniany-ollie-ol-05-88x193x35-dab-olejowany-czarny","status":"publish","type":"product","link":"https:\/\/baldumarket.lt\/lt\/product\/regal-drewniany-ollie-ol-05-88x193x35-dab-olejowany-czarny\/","title":{"rendered":"OLLIE OL-05 medin\u0117 lentyna | 88x193x35 | Alyvuotas \u0105\u017euolas, juoda"},"content":{"rendered":"<p>Kolekcija: OLLI<br \/>\nModelis: OL-05<br \/>\nSpalva: Alyvuotas \u0105\u017euolas \/ Juoda<br \/>\nMatmenys: Plotis: 88 cm<br \/>\n\u016agis: 193 cm<br \/>\nGylis: 35 cm<br \/>\nMatmen\u0173 tolerancija \u00b12%<br \/>\nDizainas: dizainerio sukurta lentyn\u0173 sistema biurui, darbo kambariui, svetainei ar miegamajam<br \/>\nNesenstanti spalv\u0173 gama: nat\u016bralus \u0105\u017euolo atspalvis ir juodi akcentai<br \/>\nKorpusas ir priekin\u0117 dalis pagaminti i\u0161 patvarios laminuotos plok\u0161t\u0117s<br \/>\nSlydimo kojel\u0117s stabilizuoja \u012frengin\u012f<br \/>\nNaujas, gamykloje supakuotas, reikalingas savaranki\u0161kas surinkimas<\/p>","protected":false},"excerpt":{"rendered":"<p>Kolekcija: OLLIE Modelis: OL-05 Spalva: Alyvuotas \u0105\u017euolas \/ Juoda Matmenys: Plotis: 88 cm Auk\u0161tis: 193 cm Gylis: 35 cm Matmen\u0173 tolerancija \u00b12% Dizainas: Dizainerio sukurta lentyn\u0173 sistema biurui, darbo kambariui, svetainei ar miegamajam Nesenstanti spalv\u0173 gama: nat\u016bralus \u0105\u017euolo atspalvis ir juodi akcentai Korpusas ir priekis pagaminti i\u0161 patvarios laminuotos plok\u0161t\u0117s Slystan\u010dios kojel\u0117s stabilizuoja [\u2026]<\/p>","protected":false},"featured_media":252192,"comment_status":"open","ping_status":"open","template":"","meta":[],"product_brand":[],"product_cat":[9254,2454,1987],"product_tag":[],"class_list":{"0":"post-252191","1":"product","2":"type-product","3":"status-publish","4":"has-post-thumbnail","6":"product_cat-furniture-system-ollie-lenart","7":"product_cat-lenart","8":"product_cat-shelving-units","10":"first","11":"instock","12":"purchasable","13":"product-type-simple"},"_links":{"self":[{"href":"https:\/\/baldumarket.lt\/lt\/wp-json\/wp\/v2\/product\/252191","targetHints":{"allow":["GET"]}}],"collection":[{"href":"https:\/\/baldumarket.lt\/lt\/wp-json\/wp\/v2\/product"}],"about":[{"href":"https:\/\/baldumarket.lt\/lt\/wp-json\/wp\/v2\/types\/product"}],"replies":[{"embeddable":true,"href":"https:\/\/baldumarket.lt\/lt\/wp-json\/wp\/v2\/comments?post=252191"}],"wp:featuredmedia":[{"embeddable":true,"href":"https:\/\/baldumarket.lt\/lt\/wp-json\/wp\/v2\/media\/252192"}],"wp:attachment":[{"href":"https:\/\/baldumarket.lt\/lt\/wp-json\/wp\/v2\/media?parent=252191"}],"wp:term":[{"taxonomy":"product_brand","embeddable":true,"href":"https:\/\/baldumarket.lt\/lt\/wp-json\/wp\/v2\/product_brand?post=252191"},{"taxonomy":"product_cat","embeddable":true,"href":"https:\/\/baldumarket.lt\/lt\/wp-json\/wp\/v2\/product_cat?post=252191"},{"taxonomy":"product_tag","embeddable":true,"href":"https:\/\/baldumarket.lt\/lt\/wp-json\/wp\/v2\/product_tag?post=252191"}],"curies":[{"name":"wp","href":"https:\/\/api.w.org\/{rel}","templated":true}]}}