{"id":252183,"date":"2026-01-10T18:21:59","date_gmt":"2026-01-10T15:21:59","guid":{"rendered":"https:\/\/baldumarket.lt\/product\/biurko-drewniane-ollie-ol-06-dab-olejowany-kaszmir-czarny\/"},"modified":"2026-02-11T18:31:44","modified_gmt":"2026-02-11T15:31:44","slug":"biurko-drewniane-ollie-ol-06-dab-olejowany-kaszmir-czarny","status":"publish","type":"product","link":"https:\/\/baldumarket.lt\/lt\/product\/biurko-drewniane-ollie-ol-06-dab-olejowany-kaszmir-czarny\/","title":{"rendered":"OLLIE OL-06 medinis ra\u0161omasis stalas | Alyvuotas \u0105\u017euolas, ka\u0161myras, juoda"},"content":{"rendered":"<p>Kolekcija: OLLI<br \/>\nModelis: OL-06 2S<br \/>\nSpalva: Alyvuotas \u0105\u017euolas \/ Ka\u0161myras \/ Juoda<br \/>\nMatmenys: Plotis: 131 cm<br \/>\nAuk\u0161tis: 79 cm<br \/>\nGylis: 56 cm<br \/>\nMatmen\u0173 tolerancija \u00b12%<br \/>\nDizainas: dizainerio ra\u0161omasis stalas biurui, svetainei ar miegamajam<br \/>\nPrakti\u0161ki ka\u0161myro spalvos stal\u010diai smulkiems daiktams ir biuro reikmenims<br \/>\nNovatori\u0161kos rutulini\u0173 guoli\u0173 slydimo slydyklos<br \/>\nNesenstanti spalv\u0173 gama: nat\u016bralus \u0105\u017euolo atspalvis ir juodi akcentai<br \/>\nKorpusas ir priekin\u0117 dalis pagaminti i\u0161 patvarios laminuotos plok\u0161t\u0117s<br \/>\nSlydimo kojel\u0117s stabilizuoja vis\u0105 \u012frengin\u012f<br \/>\nNaujas, gamykloje supakuotas, reikalingas savaranki\u0161kas surinkimas<\/p>","protected":false},"excerpt":{"rendered":"<p>Kolekcija: OLLIE Modelis: OL-06 2S Spalva: Alyvuotas \u0105\u017euolas \/ Ka\u0161myras \/ Juoda Matmenys: Plotis: 131 cm Auk\u0161tis: 79 cm Gylis: 56 cm Matmen\u0173 tolerancija \u00b12% Dizainas: Dizainerio stiliaus stalas biurui, svetainei ar miegamajam Prakti\u0161ki ka\u0161myro spalvos stal\u010diai smulkiems daiktams ir biuro reikmenims Novatori\u0161kos rutulini\u0173 guoli\u0173 b\u0117geliai Nesenstanti spalv\u0173 gama: nat\u016bralus \u0105\u017euolo atspalvis ir juoda [\u2026]<\/p>","protected":false},"featured_media":252184,"comment_status":"open","ping_status":"open","template":"","meta":[],"product_brand":[],"product_cat":[9254,1312,2454],"product_tag":[],"class_list":{"0":"post-252183","1":"product","2":"type-product","3":"status-publish","4":"has-post-thumbnail","6":"product_cat-furniture-system-ollie-lenart","7":"product_cat-desks","8":"product_cat-lenart","10":"first","11":"instock","12":"purchasable","13":"product-type-simple"},"_links":{"self":[{"href":"https:\/\/baldumarket.lt\/lt\/wp-json\/wp\/v2\/product\/252183","targetHints":{"allow":["GET"]}}],"collection":[{"href":"https:\/\/baldumarket.lt\/lt\/wp-json\/wp\/v2\/product"}],"about":[{"href":"https:\/\/baldumarket.lt\/lt\/wp-json\/wp\/v2\/types\/product"}],"replies":[{"embeddable":true,"href":"https:\/\/baldumarket.lt\/lt\/wp-json\/wp\/v2\/comments?post=252183"}],"wp:featuredmedia":[{"embeddable":true,"href":"https:\/\/baldumarket.lt\/lt\/wp-json\/wp\/v2\/media\/252184"}],"wp:attachment":[{"href":"https:\/\/baldumarket.lt\/lt\/wp-json\/wp\/v2\/media?parent=252183"}],"wp:term":[{"taxonomy":"product_brand","embeddable":true,"href":"https:\/\/baldumarket.lt\/lt\/wp-json\/wp\/v2\/product_brand?post=252183"},{"taxonomy":"product_cat","embeddable":true,"href":"https:\/\/baldumarket.lt\/lt\/wp-json\/wp\/v2\/product_cat?post=252183"},{"taxonomy":"product_tag","embeddable":true,"href":"https:\/\/baldumarket.lt\/lt\/wp-json\/wp\/v2\/product_tag?post=252183"}],"curies":[{"name":"wp","href":"https:\/\/api.w.org\/{rel}","templated":true}]}}