{"id":252175,"date":"2026-01-10T18:21:48","date_gmt":"2026-01-10T15:21:48","guid":{"rendered":"https:\/\/baldumarket.lt\/product\/stolik-kawowy-okragly-rotto-rt-07-66cm-dab-vincenza\/"},"modified":"2026-02-11T18:31:45","modified_gmt":"2026-02-11T15:31:45","slug":"stolik-kawowy-okragly-rotto-rt-07-66cm-dab-vincenza","status":"publish","type":"product","link":"https:\/\/baldumarket.lt\/lt\/product\/stolik-kawowy-okragly-rotto-rt-07-66cm-dab-vincenza\/","title":{"rendered":"ROTTO RT-07 apvalus kavos staliukas 66 cm | Vincenza \u0105\u017euolas"},"content":{"rendered":"<p>Kolekcija: ROTTO<br \/>\nModelis: RT-07 66CM<br \/>\nSpalva: Vincenza \u0105\u017euolas<br \/>\nMatmenys: Stalvir\u0161io skersmuo: 66 cm<br \/>\nAuk\u0161tis: 43 cm<br \/>\nMatmen\u0173 tolerancija \u00b12%<br \/>\nDizainas: apvalus japoni\u0161ko stiliaus kavos staliukas<br \/>\nMinimalistinis dizainas<br \/>\nNat\u016brali spalva ir juodos detal\u0117s<br \/>\n\u0160velniai suapvalinti kra\u0161tai<br \/>\nKorpusas ir priekin\u0117 dalis pagaminti i\u0161 patvarios laminuotos plok\u0161t\u0117s<br \/>\nMink\u0161tas pagrindas\/koja su dekoratyvin\u0117mis juostel\u0117mis<br \/>\nNaujas produktas, gamykloje supakuotas, skirtas savaranki\u0161kam surinkimui<\/p>","protected":false},"excerpt":{"rendered":"<p>Kolekcija: ROTTO Modelis: RT-07 66CM Spalva: Vincenza \u0105\u017euolas Matmenys: Stalvir\u0161io skersmuo: 66 cm Auk\u0161tis: 43 cm Matmen\u0173 tolerancija \u00b12% Dizainas: Apvalus japoni\u0161ko stiliaus kavos staliukas Minimalistinis dizainas Nat\u016brali spalva ir juodos detal\u0117s \u0160velniai u\u017eapvalinti kra\u0161tai Korpusas ir priekis pagaminti i\u0161 patvarios laminuotos plok\u0161t\u0117s Mink\u0161tas pagrindas\/koja su dekoratyvin\u0117mis lentjuost\u0117mis Naujas produktas, gamykloje supakuotas, skirtas savaranki\u0161kam surinkimui<\/p>","protected":false},"featured_media":252176,"comment_status":"open","ping_status":"open","template":"","meta":[],"product_brand":[],"product_cat":[9272,866,2454],"product_tag":[],"class_list":{"0":"post-252175","1":"product","2":"type-product","3":"status-publish","4":"has-post-thumbnail","6":"product_cat-furniture-system-rotto-lenart","7":"product_cat-coffee-tables","8":"product_cat-lenart","10":"first","11":"instock","12":"purchasable","13":"product-type-simple"},"_links":{"self":[{"href":"https:\/\/baldumarket.lt\/lt\/wp-json\/wp\/v2\/product\/252175","targetHints":{"allow":["GET"]}}],"collection":[{"href":"https:\/\/baldumarket.lt\/lt\/wp-json\/wp\/v2\/product"}],"about":[{"href":"https:\/\/baldumarket.lt\/lt\/wp-json\/wp\/v2\/types\/product"}],"replies":[{"embeddable":true,"href":"https:\/\/baldumarket.lt\/lt\/wp-json\/wp\/v2\/comments?post=252175"}],"wp:featuredmedia":[{"embeddable":true,"href":"https:\/\/baldumarket.lt\/lt\/wp-json\/wp\/v2\/media\/252176"}],"wp:attachment":[{"href":"https:\/\/baldumarket.lt\/lt\/wp-json\/wp\/v2\/media?parent=252175"}],"wp:term":[{"taxonomy":"product_brand","embeddable":true,"href":"https:\/\/baldumarket.lt\/lt\/wp-json\/wp\/v2\/product_brand?post=252175"},{"taxonomy":"product_cat","embeddable":true,"href":"https:\/\/baldumarket.lt\/lt\/wp-json\/wp\/v2\/product_cat?post=252175"},{"taxonomy":"product_tag","embeddable":true,"href":"https:\/\/baldumarket.lt\/lt\/wp-json\/wp\/v2\/product_tag?post=252175"}],"curies":[{"name":"wp","href":"https:\/\/api.w.org\/{rel}","templated":true}]}}