{"id":252159,"date":"2026-01-10T18:21:33","date_gmt":"2026-01-10T15:21:33","guid":{"rendered":"https:\/\/baldumarket.lt\/product\/biurko-match-mk-01-dab-jasny-bezowy\/"},"modified":"2026-02-11T18:31:45","modified_gmt":"2026-02-11T15:31:45","slug":"biurko-match-mk-01-dab-jasny-bezowy","status":"publish","type":"product","link":"https:\/\/baldumarket.lt\/lt\/product\/biurko-match-mk-01-dab-jasny-bezowy\/","title":{"rendered":"MATCH MK-01 ra\u0161omasis stalas | \u0160viesaus \u0105\u017euolo, sm\u0117lio spalvos"},"content":{"rendered":"<p>Kolekcija: MATCH<br \/>\nModelis: MK-01<br \/>\nSpalva: \u0161viesus \u0105\u017euolas \/ sm\u0117lio spalvos<br \/>\nMatmenys: I\u0161sam\u016bs matmenys pagal br\u0117\u017ein\u012f<br \/>\nKonstrukcija: R\u0117mo indeksas: MK1DB<br \/>\nR\u0117mo charakteristikos: 3 s<br \/>\nK\u016bno svoris: 30 kg<br \/>\nStal\u010di\u0173 skai\u010dius: 3<br \/>\nStal\u010diaus b\u0117gelis: Rutulinis guolis<br \/>\nKojel\u0117s\/koja: \u0105\u017euolo kojos<br \/>\nAp\u0161vietimas \u012ftrauktas: Ne<br \/>\nStalvir\u0161is: laminuota med\u017eio dro\u017eli\u0173 plok\u0161t\u0117; 22 mm ir ABS; 1,00 mm<br \/>\nNaujas produktas, gamykloje supakuotas, skirtas savaranki\u0161kam surinkimui<\/p>","protected":false},"excerpt":{"rendered":"<p>Kolekcija: MATCH Modelis: MK-01 Spalva: \u0160viesaus \u0105\u017euolo \/ sm\u0117lio spalvos Matmenys: Detal\u016bs matmenys pagal br\u0117\u017ein\u012f Dizainas: R\u0117mo indeksas: MK1DB R\u0117mo charakteristikos: 3s Korpuso svoris: 30 kg Stal\u010di\u0173 skai\u010dius: 3 Stal\u010diaus b\u0117gelis: Rutulinis guolis Kojel\u0117\/koja: \u0104\u017euolo kojel\u0117s Ap\u0161vietimas: Ne Stalvir\u0161is: Laminuota med\u017eio dro\u017eli\u0173 plok\u0161t\u0117; 22 mm ir ABS; 1,00 mm Naujas produktas, supakuotas gamykloje, skirtas savaranki\u0161kam surinkimui<\/p>","protected":false},"featured_media":252160,"comment_status":"open","ping_status":"open","template":"","meta":[],"product_brand":[],"product_cat":[9256,1312,2454],"product_tag":[],"class_list":{"0":"post-252159","1":"product","2":"type-product","3":"status-publish","4":"has-post-thumbnail","6":"product_cat-furniture-system-match-lenart","7":"product_cat-desks","8":"product_cat-lenart","10":"first","11":"instock","12":"purchasable","13":"product-type-simple"},"_links":{"self":[{"href":"https:\/\/baldumarket.lt\/lt\/wp-json\/wp\/v2\/product\/252159","targetHints":{"allow":["GET"]}}],"collection":[{"href":"https:\/\/baldumarket.lt\/lt\/wp-json\/wp\/v2\/product"}],"about":[{"href":"https:\/\/baldumarket.lt\/lt\/wp-json\/wp\/v2\/types\/product"}],"replies":[{"embeddable":true,"href":"https:\/\/baldumarket.lt\/lt\/wp-json\/wp\/v2\/comments?post=252159"}],"wp:featuredmedia":[{"embeddable":true,"href":"https:\/\/baldumarket.lt\/lt\/wp-json\/wp\/v2\/media\/252160"}],"wp:attachment":[{"href":"https:\/\/baldumarket.lt\/lt\/wp-json\/wp\/v2\/media?parent=252159"}],"wp:term":[{"taxonomy":"product_brand","embeddable":true,"href":"https:\/\/baldumarket.lt\/lt\/wp-json\/wp\/v2\/product_brand?post=252159"},{"taxonomy":"product_cat","embeddable":true,"href":"https:\/\/baldumarket.lt\/lt\/wp-json\/wp\/v2\/product_cat?post=252159"},{"taxonomy":"product_tag","embeddable":true,"href":"https:\/\/baldumarket.lt\/lt\/wp-json\/wp\/v2\/product_tag?post=252159"}],"curies":[{"name":"wp","href":"https:\/\/api.w.org\/{rel}","templated":true}]}}