{"id":252151,"date":"2026-01-10T18:21:10","date_gmt":"2026-01-10T15:21:10","guid":{"rendered":"https:\/\/baldumarket.lt\/product\/biurko-match-mw-01-bialy-dab-jasny\/"},"modified":"2026-02-11T18:31:45","modified_gmt":"2026-02-11T15:31:45","slug":"biurko-match-mw-01-bialy-dab-jasny","status":"publish","type":"product","link":"https:\/\/baldumarket.lt\/lt\/product\/biurko-match-mw-01-bialy-dab-jasny\/","title":{"rendered":"MATCH MW-01 ra\u0161omasis stalas | Balta, \u0161viesaus \u0105\u017euolo"},"content":{"rendered":"<p>Kolekcija: MATCH<br \/>\nModelis: MW-01<br \/>\nSpalva: balta \/ \u0161viesus \u0105\u017euolas<br \/>\nMatmenys: I\u0161sam\u016bs matmenys pagal br\u0117\u017ein\u012f<br \/>\nDizainas: Modelio kodas: MW1BID<br \/>\nModelio charakteristikos: 1s<br \/>\nModelio svoris: 26 kg<br \/>\nStal\u010di\u0173 skai\u010dius: 1<br \/>\nStal\u010diaus kreiptuvas: rutulinis guolis<br \/>\nKojel\u0117s\/koja: \u0105\u017euolo kojos<br \/>\nAp\u0161vietimas \u012ftrauktas: ne<br \/>\nStalvir\u0161is: laminuota med\u017eio dro\u017eli\u0173 plok\u0161t\u0117; 22 mm ir ABS; 1,00 mm<br \/>\nNaujas produktas, gamykloje supakuotas, skirtas savaranki\u0161kam surinkimui<\/p>","protected":false},"excerpt":{"rendered":"<p>Kolekcija: MATCH Modelis: MW-01 Spalva: Balta \/ \u0160viesaus \u0105\u017euolo Matmenys: Detal\u016bs matmenys pagal br\u0117\u017ein\u012f Dizainas: Modelio kodas: MW1BID Modelio charakteristikos: 1s Modelio svoris: 26 kg Stal\u010di\u0173 skai\u010dius: 1 Stal\u010diaus b\u0117gelis: su rutuliniu guoliu Kojel\u0117s\/koja: \u0105\u017euolo kojel\u0117s Ap\u0161vietimas: ne Stalvir\u0161is: laminuota med\u017eio dro\u017eli\u0173 plok\u0161t\u0117; 22 mm ir ABS; 1,00 mm Naujas produktas, supakuotas gamykloje, skirtas savaranki\u0161kam surinkimui<\/p>","protected":false},"featured_media":252152,"comment_status":"open","ping_status":"open","template":"","meta":[],"product_brand":[],"product_cat":[9256,1312,2454],"product_tag":[],"class_list":{"0":"post-252151","1":"product","2":"type-product","3":"status-publish","4":"has-post-thumbnail","6":"product_cat-furniture-system-match-lenart","7":"product_cat-desks","8":"product_cat-lenart","10":"first","11":"instock","12":"purchasable","13":"product-type-simple"},"_links":{"self":[{"href":"https:\/\/baldumarket.lt\/lt\/wp-json\/wp\/v2\/product\/252151","targetHints":{"allow":["GET"]}}],"collection":[{"href":"https:\/\/baldumarket.lt\/lt\/wp-json\/wp\/v2\/product"}],"about":[{"href":"https:\/\/baldumarket.lt\/lt\/wp-json\/wp\/v2\/types\/product"}],"replies":[{"embeddable":true,"href":"https:\/\/baldumarket.lt\/lt\/wp-json\/wp\/v2\/comments?post=252151"}],"wp:featuredmedia":[{"embeddable":true,"href":"https:\/\/baldumarket.lt\/lt\/wp-json\/wp\/v2\/media\/252152"}],"wp:attachment":[{"href":"https:\/\/baldumarket.lt\/lt\/wp-json\/wp\/v2\/media?parent=252151"}],"wp:term":[{"taxonomy":"product_brand","embeddable":true,"href":"https:\/\/baldumarket.lt\/lt\/wp-json\/wp\/v2\/product_brand?post=252151"},{"taxonomy":"product_cat","embeddable":true,"href":"https:\/\/baldumarket.lt\/lt\/wp-json\/wp\/v2\/product_cat?post=252151"},{"taxonomy":"product_tag","embeddable":true,"href":"https:\/\/baldumarket.lt\/lt\/wp-json\/wp\/v2\/product_tag?post=252151"}],"curies":[{"name":"wp","href":"https:\/\/api.w.org\/{rel}","templated":true}]}}