{"id":252143,"date":"2026-01-10T18:20:57","date_gmt":"2026-01-10T15:20:57","guid":{"rendered":"https:\/\/baldumarket.lt\/product\/biurko-match-mb-01-czarny\/"},"modified":"2026-02-11T18:31:45","modified_gmt":"2026-02-11T15:31:45","slug":"biurko-match-mb-01-czarny","status":"publish","type":"product","link":"https:\/\/baldumarket.lt\/lt\/product\/biurko-match-mb-01-czarny\/","title":{"rendered":"MATCH MB-01 stalas | Juodas"},"content":{"rendered":"<p>Kolekcija: MATCH<br \/>\nModelis: MB-01<br \/>\nSpalva: juoda<br \/>\nMatmenys: I\u0161sam\u016bs matmenys pagal br\u0117\u017ein\u012f<br \/>\nDizainas: Vientisas kodas: MB1K<br \/>\nKietosios savyb\u0117s: 2s<br \/>\nKietasis svoris: 28,5 kg<br \/>\nStal\u010di\u0173 skai\u010dius: 2<br \/>\nStal\u010diaus b\u0117gelis: rutulinis guolis<br \/>\nKojel\u0117\/kojel\u0117: profiliuotos metalin\u0117s kojel\u0117s<br \/>\nAp\u0161vietimas \u012ftrauktas: ne<br \/>\nStalvir\u0161is: laminuota med\u017eio dro\u017eli\u0173 plok\u0161t\u0117; 22 mm ir ABS; 1,00 mm<br \/>\nNaujas produktas, gamykloje supakuotas, skirtas savaranki\u0161kam surinkimui<\/p>","protected":false},"excerpt":{"rendered":"<p>Kolekcija: MATCH Modelis: MB-01 Spalva: Juoda Matmenys: Detal\u016bs matmenys pagal br\u0117\u017ein\u012f Dizainas: Kietojo t\u016brio kodas: MB1K Kietojo t\u016brio charakteristikos: 2s Kietojo t\u016brio svoris: 28,5 kg Stal\u010di\u0173 skai\u010dius: 2 Stal\u010diaus b\u0117gelis: su rutuliniu guoliu Kojel\u0117\/koja: profiliuotos metalin\u0117s kojel\u0117s Ap\u0161vietimas: n\u0117ra Stalvir\u0161is: laminuota med\u017eio dro\u017eli\u0173 plok\u0161t\u0117; 22 mm ir ABS; 1,00 mm Naujas produktas, supakuotas gamykloje, skirtas savaranki\u0161kam surinkimui<\/p>","protected":false},"featured_media":252144,"comment_status":"open","ping_status":"open","template":"","meta":[],"product_brand":[],"product_cat":[9256,1312,2454],"product_tag":[],"class_list":{"0":"post-252143","1":"product","2":"type-product","3":"status-publish","4":"has-post-thumbnail","6":"product_cat-furniture-system-match-lenart","7":"product_cat-desks","8":"product_cat-lenart","10":"first","11":"instock","12":"purchasable","13":"product-type-simple"},"_links":{"self":[{"href":"https:\/\/baldumarket.lt\/lt\/wp-json\/wp\/v2\/product\/252143","targetHints":{"allow":["GET"]}}],"collection":[{"href":"https:\/\/baldumarket.lt\/lt\/wp-json\/wp\/v2\/product"}],"about":[{"href":"https:\/\/baldumarket.lt\/lt\/wp-json\/wp\/v2\/types\/product"}],"replies":[{"embeddable":true,"href":"https:\/\/baldumarket.lt\/lt\/wp-json\/wp\/v2\/comments?post=252143"}],"wp:featuredmedia":[{"embeddable":true,"href":"https:\/\/baldumarket.lt\/lt\/wp-json\/wp\/v2\/media\/252144"}],"wp:attachment":[{"href":"https:\/\/baldumarket.lt\/lt\/wp-json\/wp\/v2\/media?parent=252143"}],"wp:term":[{"taxonomy":"product_brand","embeddable":true,"href":"https:\/\/baldumarket.lt\/lt\/wp-json\/wp\/v2\/product_brand?post=252143"},{"taxonomy":"product_cat","embeddable":true,"href":"https:\/\/baldumarket.lt\/lt\/wp-json\/wp\/v2\/product_cat?post=252143"},{"taxonomy":"product_tag","embeddable":true,"href":"https:\/\/baldumarket.lt\/lt\/wp-json\/wp\/v2\/product_tag?post=252143"}],"curies":[{"name":"wp","href":"https:\/\/api.w.org\/{rel}","templated":true}]}}