{"id":252127,"date":"2026-01-10T18:20:33","date_gmt":"2026-01-10T15:20:33","guid":{"rendered":"https:\/\/baldumarket.lt\/product\/regal-fitt-fl-01p-metalic-ciemny-metalic-jasny\/"},"modified":"2026-02-11T18:31:45","modified_gmt":"2026-02-11T15:31:45","slug":"regal-fitt-fl-01p-metalic-ciemny-metalic-jasny","status":"publish","type":"product","link":"https:\/\/baldumarket.lt\/lt\/product\/regal-fitt-fl-01p-metalic-ciemny-metalic-jasny\/","title":{"rendered":"FITT FL-01P Lentyna | Tamsaus metalo, \u0161viesaus metalo"},"content":{"rendered":"<p>Kolekcija: FITT<br \/>\nModelis: FL-01P<br \/>\nSpalva: Tamsi metalin\u0117 \/ \u0160viesi metalin\u0117<br \/>\nMatmenys: I\u0161sam\u016bs matmenys pagal br\u0117\u017ein\u012f<br \/>\nDizainas: Modelio kodas: FL1PMCJ<br \/>\nModelio savyb\u0117s: De\u0161in\u0117 lentyn\u0173 sistema su ap\u0161vietimu<br \/>\nModelio svoris: 67 kg<br \/>\n\u012eranga: 12 lentyn\u0173, 1 \u0161viestuvas<br \/>\nP\u0117dos\/koja: slysta<br \/>\nAp\u0161vietimas \u012ftrauktas: taip<br \/>\nAp\u0161vietimo tipas: LED<br \/>\nEnergijos klas\u0117: A++<br \/>\nStalvir\u0161is: laminuota med\u017eio dro\u017eli\u0173 plok\u0161t\u0117; 16 mm, 22 mm \/ ABS; 0,45 mm, 1,70 mm<br \/>\nLentynos svoris: 5 kg<br \/>\nNaujas produktas, gamykloje supakuotas, skirtas savaranki\u0161kam surinkimui<\/p>","protected":false},"excerpt":{"rendered":"<p>Kolekcija: FITT Modelis: FL-01P Spalva: Tamsi metalin\u0117 \/ \u0160viesi metalin\u0117 Matmenys: Detal\u016bs matmenys pagal br\u0117\u017ein\u012f Dizainas: Modelio kodas: FL1PMCJ Modelio ypatyb\u0117s: De\u0161in\u0117 lentyn\u0173 sistema su ap\u0161vietimu Modelio svoris: 67 kg \u012eranga: 12 lentyn\u0173, 1 \u0161viestuvas Kojel\u0117s\/koja: slystan\u010dios Ap\u0161vietimas: yra Ap\u0161vietimo tipas: LED Energijos klas\u0117: A++ Stalvir\u0161is: laminuota med\u017eio dro\u017eli\u0173 plok\u0161t\u0117; 16 mm, 22 mm \/ ABS; [\u2026]<\/p>","protected":false},"featured_media":252128,"comment_status":"open","ping_status":"open","template":"","meta":[],"product_brand":[],"product_cat":[2454,1987],"product_tag":[],"class_list":{"0":"post-252127","1":"product","2":"type-product","3":"status-publish","4":"has-post-thumbnail","6":"product_cat-lenart","7":"product_cat-shelving-units","9":"first","10":"instock","11":"purchasable","12":"product-type-simple"},"_links":{"self":[{"href":"https:\/\/baldumarket.lt\/lt\/wp-json\/wp\/v2\/product\/252127","targetHints":{"allow":["GET"]}}],"collection":[{"href":"https:\/\/baldumarket.lt\/lt\/wp-json\/wp\/v2\/product"}],"about":[{"href":"https:\/\/baldumarket.lt\/lt\/wp-json\/wp\/v2\/types\/product"}],"replies":[{"embeddable":true,"href":"https:\/\/baldumarket.lt\/lt\/wp-json\/wp\/v2\/comments?post=252127"}],"wp:featuredmedia":[{"embeddable":true,"href":"https:\/\/baldumarket.lt\/lt\/wp-json\/wp\/v2\/media\/252128"}],"wp:attachment":[{"href":"https:\/\/baldumarket.lt\/lt\/wp-json\/wp\/v2\/media?parent=252127"}],"wp:term":[{"taxonomy":"product_brand","embeddable":true,"href":"https:\/\/baldumarket.lt\/lt\/wp-json\/wp\/v2\/product_brand?post=252127"},{"taxonomy":"product_cat","embeddable":true,"href":"https:\/\/baldumarket.lt\/lt\/wp-json\/wp\/v2\/product_cat?post=252127"},{"taxonomy":"product_tag","embeddable":true,"href":"https:\/\/baldumarket.lt\/lt\/wp-json\/wp\/v2\/product_tag?post=252127"}],"curies":[{"name":"wp","href":"https:\/\/api.w.org\/{rel}","templated":true}]}}