{"id":252111,"date":"2026-01-10T18:20:27","date_gmt":"2026-01-10T15:20:27","guid":{"rendered":"https:\/\/baldumarket.lt\/product\/szafa-do-przedpokoju-quant-qg-01-1d-oswietlenie-led-dab-artisan-czarny\/"},"modified":"2026-02-11T18:31:45","modified_gmt":"2026-02-11T15:31:45","slug":"szafa-do-przedpokoju-quant-qg-01-1d-oswietlenie-led-dab-artisan-czarny","status":"publish","type":"product","link":"https:\/\/baldumarket.lt\/lt\/product\/szafa-do-przedpokoju-quant-qg-01-1d-oswietlenie-led-dab-artisan-czarny\/","title":{"rendered":"QUANT QG-01 1D prie\u0161kambario spinta | LED ap\u0161vietimas | Amatininkas \u0105\u017euolas, juoda"},"content":{"rendered":"<p>Kolekcija: QUANT Drabu\u017ein\u0117<br \/>\nModelis: QG-01 1D<br \/>\nSpalva: Artisan \u0105\u017euolas \/ juoda<br \/>\nMatmenys: Plotis: 60 cm<br \/>\nAuk\u0161tis: 200 cm<br \/>\nGylis: 40 cm<br \/>\nMatmen\u0173 tolerancija \u00b12%<br \/>\nDizainas: Stilinga vien\u0173 dur\u0173 spinta prie\u0161kambariui<br \/>\nNat\u016bralios ir subtilios spalvos<br \/>\nKorpusas ir priekin\u0117 dalis pagaminti i\u0161 patvarios laminuotos plok\u0161t\u0117s<br \/>\nOptimali sand\u0117liavimo erdv\u0117<br \/>\n\u012e komplekt\u0105 \u012feina LED ap\u0161vietimas (LED A++)<br \/>\nPatogus atidarymas spaud\u017eiant<br \/>\nEfektyv\u016bs pasl\u0117pti vyriai<br \/>\nPlonas juodas r\u0117melis<br \/>\nNaujas produktas, gamykloje supakuotas, skirtas savaranki\u0161kam surinkimui<\/p>","protected":false},"excerpt":{"rendered":"<p>Kolekcija: QUANT Drabu\u017ein\u0117 Modelis: QG-01 1D Spalva: Artisan Oak \/ Black Matmenys: Plotis: 60 cm Auk\u0161tis: 200 cm Gylis: 40 cm Matmen\u0173 tolerancija \u00b12% Dizainas: Stilinga vien\u0173 dur\u0173 spinta prie\u0161kambariui Nat\u016bralios ir subtilios spalvos Korpusas ir priekin\u0117 dalis pagaminti i\u0161 patvarios laminuotos plok\u0161t\u0117s Optimali daikt\u0173 laikymo vieta \u012e komplekt\u0105 \u012feina LED ap\u0161vietimas (LED A++) Patogus atidarymas spaud\u017eiant Efektyvus [\u2026]<\/p>","protected":false},"featured_media":252112,"comment_status":"open","ping_status":"open","template":"","meta":[],"product_brand":[],"product_cat":[9252,2454,1177],"product_tag":[],"class_list":{"0":"post-252111","1":"product","2":"type-product","3":"status-publish","4":"has-post-thumbnail","6":"product_cat-furniture-system-quant-lenart","7":"product_cat-lenart","8":"product_cat-wardrobes","10":"first","11":"instock","12":"purchasable","13":"product-type-simple"},"_links":{"self":[{"href":"https:\/\/baldumarket.lt\/lt\/wp-json\/wp\/v2\/product\/252111","targetHints":{"allow":["GET"]}}],"collection":[{"href":"https:\/\/baldumarket.lt\/lt\/wp-json\/wp\/v2\/product"}],"about":[{"href":"https:\/\/baldumarket.lt\/lt\/wp-json\/wp\/v2\/types\/product"}],"replies":[{"embeddable":true,"href":"https:\/\/baldumarket.lt\/lt\/wp-json\/wp\/v2\/comments?post=252111"}],"wp:featuredmedia":[{"embeddable":true,"href":"https:\/\/baldumarket.lt\/lt\/wp-json\/wp\/v2\/media\/252112"}],"wp:attachment":[{"href":"https:\/\/baldumarket.lt\/lt\/wp-json\/wp\/v2\/media?parent=252111"}],"wp:term":[{"taxonomy":"product_brand","embeddable":true,"href":"https:\/\/baldumarket.lt\/lt\/wp-json\/wp\/v2\/product_brand?post=252111"},{"taxonomy":"product_cat","embeddable":true,"href":"https:\/\/baldumarket.lt\/lt\/wp-json\/wp\/v2\/product_cat?post=252111"},{"taxonomy":"product_tag","embeddable":true,"href":"https:\/\/baldumarket.lt\/lt\/wp-json\/wp\/v2\/product_tag?post=252111"}],"curies":[{"name":"wp","href":"https:\/\/api.w.org\/{rel}","templated":true}]}}