{"id":252103,"date":"2026-01-10T18:20:23","date_gmt":"2026-01-10T15:20:23","guid":{"rendered":"https:\/\/baldumarket.lt\/product\/komoda-loftowa-quant-qg-02-2d1s-oswietlenie-led-dab-artisan-czarny\/"},"modified":"2026-02-11T18:31:45","modified_gmt":"2026-02-11T15:31:45","slug":"komoda-loftowa-quant-qg-02-2d1s-oswietlenie-led-dab-artisan-czarny","status":"publish","type":"product","link":"https:\/\/baldumarket.lt\/lt\/product\/komoda-loftowa-quant-qg-02-2d1s-oswietlenie-led-dab-artisan-czarny\/","title":{"rendered":"QUANT QG-02 2D1S pal\u0117p\u0117s komoda | LED ap\u0161vietimas | Amatininkas \u0105\u017euolas, juoda"},"content":{"rendered":"<p>Kolekcija: QUANT Drabu\u017ein\u0117<br \/>\nModelis: QG-02 2D1S<br \/>\nSpalva: Artisan \u0105\u017euolas \/ juoda<br \/>\nMatmenys: Plotis: 92 cm<br \/>\n\u016agis: 113 cm<br \/>\nGylis: 40 cm<br \/>\nMatmen\u0173 tolerancija \u00b12%<br \/>\nDizainas: Stilinga dviej\u0173 dur\u0173 komoda<br \/>\nNat\u016bralios ir subtilios spalvos<br \/>\nKorpusas ir priekin\u0117 dalis pagaminti i\u0161 patvarios laminuotos plok\u0161t\u0117s<br \/>\nOptimali sand\u0117liavimo erdv\u0117<br \/>\n\u012e komplekt\u0105 \u012feina LED ap\u0161vietimas (LED A++)<br \/>\nPatogus atidarymas su paspaudimo sistema<br \/>\nRutuliniai guoliai su \u0161velnaus u\u017edarymo sistema<br \/>\nEfektyv\u016bs pasl\u0117pti vyriai<br \/>\nPlonas juodas r\u0117melis<br \/>\nNaujas produktas, gamykloje supakuotas, skirtas savaranki\u0161kam surinkimui<\/p>","protected":false},"excerpt":{"rendered":"<p>Kolekcija: QUANT Spinta Modelis: QG-02 2D1S Spalva: Artisan Oak \/ Black Matmenys: Plotis: 92 cm Auk\u0161tis: 113 cm Gylis: 40 cm Matmen\u0173 tolerancija \u00b12% Dizainas: Stilinga dvidur\u0117 komoda Nat\u016bralios ir subtilios spalvos Korpusas ir priekin\u0117 dalis pagaminti i\u0161 patvarios laminuotos plok\u0161t\u0117s Optimali daikt\u0173 laikymo vieta \u012emontuotas LED ap\u0161vietimas (LED A++) Patogus atidarymas spustelint [\u2026]<\/p>","protected":false},"featured_media":252104,"comment_status":"open","ping_status":"open","template":"","meta":[],"product_brand":[],"product_cat":[9252,1173,2454],"product_tag":[],"class_list":{"0":"post-252103","1":"product","2":"type-product","3":"status-publish","4":"has-post-thumbnail","6":"product_cat-furniture-system-quant-lenart","7":"product_cat-chests-of-drawers","8":"product_cat-lenart","10":"first","11":"instock","12":"purchasable","13":"product-type-simple"},"_links":{"self":[{"href":"https:\/\/baldumarket.lt\/lt\/wp-json\/wp\/v2\/product\/252103","targetHints":{"allow":["GET"]}}],"collection":[{"href":"https:\/\/baldumarket.lt\/lt\/wp-json\/wp\/v2\/product"}],"about":[{"href":"https:\/\/baldumarket.lt\/lt\/wp-json\/wp\/v2\/types\/product"}],"replies":[{"embeddable":true,"href":"https:\/\/baldumarket.lt\/lt\/wp-json\/wp\/v2\/comments?post=252103"}],"wp:featuredmedia":[{"embeddable":true,"href":"https:\/\/baldumarket.lt\/lt\/wp-json\/wp\/v2\/media\/252104"}],"wp:attachment":[{"href":"https:\/\/baldumarket.lt\/lt\/wp-json\/wp\/v2\/media?parent=252103"}],"wp:term":[{"taxonomy":"product_brand","embeddable":true,"href":"https:\/\/baldumarket.lt\/lt\/wp-json\/wp\/v2\/product_brand?post=252103"},{"taxonomy":"product_cat","embeddable":true,"href":"https:\/\/baldumarket.lt\/lt\/wp-json\/wp\/v2\/product_cat?post=252103"},{"taxonomy":"product_tag","embeddable":true,"href":"https:\/\/baldumarket.lt\/lt\/wp-json\/wp\/v2\/product_tag?post=252103"}],"curies":[{"name":"wp","href":"https:\/\/api.w.org\/{rel}","templated":true}]}}