{"id":25208,"date":"2025-11-14T16:36:57","date_gmt":"2025-11-14T13:36:57","guid":{"rendered":"https:\/\/baldumarket.lt\/product\/quadratta-210x90x60\/"},"modified":"2026-03-24T16:40:21","modified_gmt":"2026-03-24T13:40:21","slug":"quadratta-210x90x60","status":"publish","type":"product","link":"https:\/\/baldumarket.lt\/lt\/product\/quadratta-210x90x60\/","title":{"rendered":"Keturkamp\u0117 210x90x60"},"content":{"rendered":"<p>\u201eQuadratta 210x90x60\u201c komplekt\u0105 sudaro 20 60 \u00d7 15 cm dyd\u017eio plok\u0161\u010di\u0173. \u201eQuadratta 60 \u00d7 15 cm\u201c sienos plok\u0161t\u0117 yra patvari d\u0117l MDF plok\u0161t\u0117s. \u0160is komponentas pasi\u017eymi dideliu atsparumu mechaniniams pa\u017eeidimams ir dideliu lengvumu, d\u0117l kurio ji neapkrauna sienos. Tod\u0117l nenuostabu, kad m\u016bs\u0173 gaminys gali atlaikyti prakti\u0161kai bet koki\u0105 nam\u0173 situacij\u0105 nesugadintas! Pagrindas u\u017epildytas 3 cm storio T21 put\u0173 sluoksniu. \u0160is apdorojimas suteikia plok\u0161tei malon\u0173 mink\u0161tum\u0105 ir lankstum\u0105. J\u0105 galite lengvai naudoti kaip patog\u0173 galv\u016bgal\u012f, kuris gra\u017eiai papildys j\u016bs\u0173 lov\u0105 ir leis jums jaustis patogiai atsiremdami \u012f anks\u010diau nemaloni\u0105 sien\u0105. \u201eQuadratta\u201c apmu\u0161tos plok\u0161t\u0117s yra aptrauktos moderniu, zom\u0161os stiliaus audiniu. Med\u017eiaga i\u0161siskiria ne tik malonia tekst\u016bra, bet ir dideliu patvarumu bei atsparumu dilimui, trin\u010diai ir pumpuravimuisi. Be to, ji pagaminta naudojant hidrofobin\u0119 technologij\u0105. Tai rei\u0161kia, kad ji nesugeria skys\u010di\u0173, tod\u0117l lengviau palaikyti higieni\u0161k\u0105 \u0161var\u0105. Apmu\u0161t\u0173 plok\u0161\u010di\u0173 montavimas yra greitas ir paprastas, nereikalaujant specializuotos \u012frangos. \u0160i panel\u0117 puikiai dera su kitais \u201eQuadratta\u201c kolekcijos baldais. Kiekvien\u0105 panel\u0119 galima \u012fsigyti kaip komplekt\u0105 arba atskirai.<\/p>","protected":false},"excerpt":{"rendered":"<p>\u201eQuadratta 210x90x60\u201c komplekt\u0105 sudaro 20 60 \u00d7 15 cm dyd\u017eio plok\u0161\u010di\u0173. \u201eQuadratta 60 \u00d7 15 cm\u201c sienos plok\u0161t\u0117 yra patvari d\u0117l MDF plok\u0161t\u0117s. \u0160i detal\u0117 pasi\u017eymi dideliu atsparumu mechaniniams pa\u017eeidimams ir nedideliu lengvumu, tod\u0117l neapkrauna sienos. Tod\u0117l nenuostabu, kad m\u016bs\u0173 produktas [\u2026]<\/p>","protected":false},"featured_media":25209,"comment_status":"open","ping_status":"open","template":"","meta":[],"product_brand":[],"product_cat":[2012,1137],"product_tag":[],"class_list":{"0":"post-25208","1":"product","2":"type-product","3":"status-publish","4":"has-post-thumbnail","6":"product_cat-eltap","7":"product_cat-upholstered-panels","9":"first","10":"instock","11":"purchasable","12":"product-type-variable","13":"wvs-archive-product-wrapper"},"_links":{"self":[{"href":"https:\/\/baldumarket.lt\/lt\/wp-json\/wp\/v2\/product\/25208","targetHints":{"allow":["GET"]}}],"collection":[{"href":"https:\/\/baldumarket.lt\/lt\/wp-json\/wp\/v2\/product"}],"about":[{"href":"https:\/\/baldumarket.lt\/lt\/wp-json\/wp\/v2\/types\/product"}],"replies":[{"embeddable":true,"href":"https:\/\/baldumarket.lt\/lt\/wp-json\/wp\/v2\/comments?post=25208"}],"wp:featuredmedia":[{"embeddable":true,"href":"https:\/\/baldumarket.lt\/lt\/wp-json\/wp\/v2\/media\/25209"}],"wp:attachment":[{"href":"https:\/\/baldumarket.lt\/lt\/wp-json\/wp\/v2\/media?parent=25208"}],"wp:term":[{"taxonomy":"product_brand","embeddable":true,"href":"https:\/\/baldumarket.lt\/lt\/wp-json\/wp\/v2\/product_brand?post=25208"},{"taxonomy":"product_cat","embeddable":true,"href":"https:\/\/baldumarket.lt\/lt\/wp-json\/wp\/v2\/product_cat?post=25208"},{"taxonomy":"product_tag","embeddable":true,"href":"https:\/\/baldumarket.lt\/lt\/wp-json\/wp\/v2\/product_tag?post=25208"}],"curies":[{"name":"wp","href":"https:\/\/api.w.org\/{rel}","templated":true}]}}