{"id":252079,"date":"2026-01-10T18:20:13","date_gmt":"2026-01-10T15:20:13","guid":{"rendered":"https:\/\/baldumarket.lt\/product\/lustro-prostokatne-w-ramie-quant-qg-05-92\/"},"modified":"2026-02-11T18:31:46","modified_gmt":"2026-02-11T15:31:46","slug":"lustro-prostokatne-w-ramie-quant-qg-05-92","status":"publish","type":"product","link":"https:\/\/baldumarket.lt\/lt\/product\/lustro-prostokatne-w-ramie-quant-qg-05-92\/","title":{"rendered":"Sta\u010diakampis veidrodis r\u0117melyje QUANT QG-05 92"},"content":{"rendered":"<p>Kolekcija: QUANT Drabu\u017ein\u0117<br \/>\nModelis: QG-05<br \/>\nSpalva: Artisan \u0105\u017euolas \/ juoda<br \/>\nMatmenys: Plotis: 92 cm<br \/>\nAuk\u0161tis: 75 cm<br \/>\nGylis: 2 cm<br \/>\nMatmen\u0173 tolerancija \u00b12%<br \/>\nDizainas: stilingas sta\u010diakampis veidrodis juodame r\u0117melyje<br \/>\nPuikiai tinka svetainei, miegamajam, prie\u0161kambariui ar \u012f\u0117jimui<br \/>\nKorpusas ir priekin\u0117 dalis pagaminti i\u0161 patvarios laminuotos plok\u0161t\u0117s<br \/>\n3 mm stiklas<br \/>\nNaujas produktas, gamykloje supakuotas, skirtas savaranki\u0161kam surinkimui<\/p>","protected":false},"excerpt":{"rendered":"<p>Kolekcija: QUANT Drabu\u017ein\u0117 Modelis: QG-05 Spalva: Artisan Oak \/ Black Matmenys: Plotis: 92 cm Auk\u0161tis: 75 cm Gylis: 2 cm Matmen\u0173 tolerancija \u00b12% Dizainas: Stilingas sta\u010diakampis veidrodis juodame r\u0117me Puikiai tinka svetainei, miegamajam, prie\u0161kambariui ar \u012f\u0117jimui Korpusas ir priekis pagaminti i\u0161 patvarios laminuotos plok\u0161t\u0117s 3 mm stiklo Naujas produktas, gamykloje supakuotas, skirtas surinkti patiems<\/p>","protected":false},"featured_media":252080,"comment_status":"open","ping_status":"open","template":"","meta":[],"product_brand":[],"product_cat":[9252,2454,1108],"product_tag":[],"class_list":{"0":"post-252079","1":"product","2":"type-product","3":"status-publish","4":"has-post-thumbnail","6":"product_cat-furniture-system-quant-lenart","7":"product_cat-lenart","8":"product_cat-mirrors","10":"first","11":"instock","12":"purchasable","13":"product-type-simple"},"_links":{"self":[{"href":"https:\/\/baldumarket.lt\/lt\/wp-json\/wp\/v2\/product\/252079","targetHints":{"allow":["GET"]}}],"collection":[{"href":"https:\/\/baldumarket.lt\/lt\/wp-json\/wp\/v2\/product"}],"about":[{"href":"https:\/\/baldumarket.lt\/lt\/wp-json\/wp\/v2\/types\/product"}],"replies":[{"embeddable":true,"href":"https:\/\/baldumarket.lt\/lt\/wp-json\/wp\/v2\/comments?post=252079"}],"wp:featuredmedia":[{"embeddable":true,"href":"https:\/\/baldumarket.lt\/lt\/wp-json\/wp\/v2\/media\/252080"}],"wp:attachment":[{"href":"https:\/\/baldumarket.lt\/lt\/wp-json\/wp\/v2\/media?parent=252079"}],"wp:term":[{"taxonomy":"product_brand","embeddable":true,"href":"https:\/\/baldumarket.lt\/lt\/wp-json\/wp\/v2\/product_brand?post=252079"},{"taxonomy":"product_cat","embeddable":true,"href":"https:\/\/baldumarket.lt\/lt\/wp-json\/wp\/v2\/product_cat?post=252079"},{"taxonomy":"product_tag","embeddable":true,"href":"https:\/\/baldumarket.lt\/lt\/wp-json\/wp\/v2\/product_tag?post=252079"}],"curies":[{"name":"wp","href":"https:\/\/api.w.org\/{rel}","templated":true}]}}