{"id":252055,"date":"2026-01-10T18:20:04","date_gmt":"2026-01-10T15:20:04","guid":{"rendered":"https:\/\/baldumarket.lt\/product\/witryna-rotto-rt-10-2w-dab-vincenza\/"},"modified":"2026-02-11T18:31:46","modified_gmt":"2026-02-11T15:31:46","slug":"witryna-rotto-rt-10-2w-dab-vincenza","status":"publish","type":"product","link":"https:\/\/baldumarket.lt\/lt\/product\/witryna-rotto-rt-10-2w-dab-vincenza\/","title":{"rendered":"ROTTO RT-10 2W vitrinin\u0117 spinta | Vincenza \u0105\u017euolas"},"content":{"rendered":"<p>Kolekcija: ROTTO<br \/>\nModelis: RT-10 2W<br \/>\nSpalva: Vincenza \u0105\u017euolas<br \/>\nMatmenys: Plotis: 107 cm<br \/>\n\u016agis: 141 cm<br \/>\nGylis: 45 cm<br \/>\nKojos auk\u0161tis: 15 cm<br \/>\nMatmen\u0173 tolerancija \u00b12%<br \/>\nDizainas: Auk\u0161ta dviej\u0173 dur\u0173 vitrina japoni\u0161ko stiliaus<br \/>\nMinimalistinis dizainas<br \/>\nNat\u016bralios spalvos ir unikalus interjeras<br \/>\n\u0160velniai suapvalinti kra\u0161tai<br \/>\nKorpusas ir priekin\u0117 dalis pagaminti i\u0161 patvarios laminuotos plok\u0161t\u0117s<br \/>\nApvalios metalin\u0117s kojel\u0117s juodos spalvos<br \/>\nPatogi atidarymo sistema spaud\u017eiant (prisilie\u010diant)<br \/>\nPrakti\u0161ki pasl\u0117pti vyriai<br \/>\nStiklinis priekis dekoratyviniams akcentams<br \/>\nPasirinktinai: LED ap\u0161vietimas u\u017e papildom\u0105 mokest\u012f<br \/>\nNaujas produktas, gamykloje supakuotas, skirtas savaranki\u0161kam surinkimui<\/p>","protected":false},"excerpt":{"rendered":"<p>Kolekcija: ROTTO Modelis: RT-10 2W Spalva: Vincenza \u0105\u017euolas Matmenys: Plotis: 107 cm Auk\u0161tis: 141 cm Gylis: 45 cm Kojeli\u0173 auk\u0161tis: 15 cm Matmen\u0173 tolerancija \u00b12% Dizainas: Auk\u0161ta dvidur\u0117 vitrina japoni\u0161ko stiliaus Minimalistinis dizainas Nat\u016brali spalva ir unikalus interjeras \u0160velniai u\u017eapvalinti kra\u0161tai Korpusas ir priekin\u0117 dalis pagaminti i\u0161 patvarios laminuotos plok\u0161t\u0117s Apvalios metalin\u0117s kojel\u0117s [\u2026]<\/p>","protected":false},"featured_media":252056,"comment_status":"open","ping_status":"open","template":"","meta":[],"product_brand":[],"product_cat":[9272,2454,2006],"product_tag":[],"class_list":{"0":"post-252055","1":"product","2":"type-product","3":"status-publish","4":"has-post-thumbnail","6":"product_cat-furniture-system-rotto-lenart","7":"product_cat-lenart","8":"product_cat-vitrines","10":"first","11":"instock","12":"purchasable","13":"product-type-simple"},"_links":{"self":[{"href":"https:\/\/baldumarket.lt\/lt\/wp-json\/wp\/v2\/product\/252055","targetHints":{"allow":["GET"]}}],"collection":[{"href":"https:\/\/baldumarket.lt\/lt\/wp-json\/wp\/v2\/product"}],"about":[{"href":"https:\/\/baldumarket.lt\/lt\/wp-json\/wp\/v2\/types\/product"}],"replies":[{"embeddable":true,"href":"https:\/\/baldumarket.lt\/lt\/wp-json\/wp\/v2\/comments?post=252055"}],"wp:featuredmedia":[{"embeddable":true,"href":"https:\/\/baldumarket.lt\/lt\/wp-json\/wp\/v2\/media\/252056"}],"wp:attachment":[{"href":"https:\/\/baldumarket.lt\/lt\/wp-json\/wp\/v2\/media?parent=252055"}],"wp:term":[{"taxonomy":"product_brand","embeddable":true,"href":"https:\/\/baldumarket.lt\/lt\/wp-json\/wp\/v2\/product_brand?post=252055"},{"taxonomy":"product_cat","embeddable":true,"href":"https:\/\/baldumarket.lt\/lt\/wp-json\/wp\/v2\/product_cat?post=252055"},{"taxonomy":"product_tag","embeddable":true,"href":"https:\/\/baldumarket.lt\/lt\/wp-json\/wp\/v2\/product_tag?post=252055"}],"curies":[{"name":"wp","href":"https:\/\/api.w.org\/{rel}","templated":true}]}}