{"id":252047,"date":"2026-01-10T18:20:00","date_gmt":"2026-01-10T15:20:00","guid":{"rendered":"https:\/\/baldumarket.lt\/product\/komoda-frezowana-trend-tg-04-4d-oswietlenie-led-bez-piaskowy-czarny\/"},"modified":"2026-02-11T18:31:46","modified_gmt":"2026-02-11T15:31:46","slug":"komoda-frezowana-trend-tg-04-4d-oswietlenie-led-bez-piaskowy-czarny","status":"publish","type":"product","link":"https:\/\/baldumarket.lt\/lt\/product\/komoda-frezowana-trend-tg-04-4d-oswietlenie-led-bez-piaskowy-czarny\/","title":{"rendered":"TREND TG-04 4D frezuota komoda | LED ap\u0161vietimas | Sm\u0117lio spalvos, juoda"},"content":{"rendered":"<p>Kolekcija: TREND Drabu\u017ein\u0117<br \/>\nModelis: TG-04 4D<br \/>\nSpalva: sm\u0117lio spalvos \/ juoda<br \/>\nMatmenys: Plotis: 153 cm<br \/>\nAuk\u0161tis: 105 cm<br \/>\nGylis: 40 cm<br \/>\nMatmen\u0173 tolerancija \u00b12%<br \/>\nDizainas: moderni keturi\u0173 dur\u0173 spinta<br \/>\nNesenstan\u010dios ir subtilios spalvos<br \/>\nDekoratyvus ir stilingas frezuotas fasadas<br \/>\nKorpusas ir priekin\u0117 dalis pagaminti i\u0161 patvarios laminuotos plok\u0161t\u0117s<br \/>\nOptimali sand\u0117liavimo erdv\u0117<br \/>\n\u012e komplekt\u0105 \u012feina atmosferinis LED ap\u0161vietimas (LED profilis A++)<br \/>\nEfektyv\u016bs pasl\u0117pti u\u017espaud\u017eiami vyriai<br \/>\nPatogus atidarymas su paspaudimo sistema<br \/>\nJuodos metalin\u0117s kojel\u0117s<br \/>\nNaujas produktas, gamykloje supakuotas, skirtas savaranki\u0161kam surinkimui<\/p>","protected":false},"excerpt":{"rendered":"<p>Kolekcija: TREND Drabu\u017ein\u0117 Modelis: TG-04 4D Spalva: Sm\u0117lio sm\u0117lio \/ juoda Matmenys: Plotis: 153 cm Auk\u0161tis: 105 cm Gylis: 40 cm Matmen\u0173 tolerancija \u00b12% Dizainas: Moderni keturi\u0173 dur\u0173 spinta Nesenstan\u010dios ir subtilios spalvos Dekoratyvus ir stilingas frezuotas priekis Korpusas ir priekis pagaminti i\u0161 patvarios laminuotos plok\u0161t\u0117s Optimali daikt\u0173 laikymo vieta \u012e komplekt\u0105 \u012feina atmosferinis LED ap\u0161vietimas (LED profilis [\u2026]<\/p>","protected":false},"featured_media":252048,"comment_status":"open","ping_status":"open","template":"","meta":[],"product_brand":[],"product_cat":[9268,1173,2454],"product_tag":[],"class_list":{"0":"post-252047","1":"product","2":"type-product","3":"status-publish","4":"has-post-thumbnail","6":"product_cat-furniture-system-trend-lenart","7":"product_cat-chests-of-drawers","8":"product_cat-lenart","10":"first","11":"instock","12":"purchasable","13":"product-type-simple"},"_links":{"self":[{"href":"https:\/\/baldumarket.lt\/lt\/wp-json\/wp\/v2\/product\/252047","targetHints":{"allow":["GET"]}}],"collection":[{"href":"https:\/\/baldumarket.lt\/lt\/wp-json\/wp\/v2\/product"}],"about":[{"href":"https:\/\/baldumarket.lt\/lt\/wp-json\/wp\/v2\/types\/product"}],"replies":[{"embeddable":true,"href":"https:\/\/baldumarket.lt\/lt\/wp-json\/wp\/v2\/comments?post=252047"}],"wp:featuredmedia":[{"embeddable":true,"href":"https:\/\/baldumarket.lt\/lt\/wp-json\/wp\/v2\/media\/252048"}],"wp:attachment":[{"href":"https:\/\/baldumarket.lt\/lt\/wp-json\/wp\/v2\/media?parent=252047"}],"wp:term":[{"taxonomy":"product_brand","embeddable":true,"href":"https:\/\/baldumarket.lt\/lt\/wp-json\/wp\/v2\/product_brand?post=252047"},{"taxonomy":"product_cat","embeddable":true,"href":"https:\/\/baldumarket.lt\/lt\/wp-json\/wp\/v2\/product_cat?post=252047"},{"taxonomy":"product_tag","embeddable":true,"href":"https:\/\/baldumarket.lt\/lt\/wp-json\/wp\/v2\/product_tag?post=252047"}],"curies":[{"name":"wp","href":"https:\/\/api.w.org\/{rel}","templated":true}]}}