{"id":252023,"date":"2026-01-10T18:19:43","date_gmt":"2026-01-10T15:19:43","guid":{"rendered":"https:\/\/baldumarket.lt\/product\/komoda-z-oswietleniem-epiro-ep-04-kaszmir-dab-ciemny\/"},"modified":"2026-02-11T18:31:46","modified_gmt":"2026-02-11T15:31:46","slug":"komoda-z-oswietleniem-epiro-ep-04-kaszmir-dab-ciemny","status":"publish","type":"product","link":"https:\/\/baldumarket.lt\/lt\/product\/komoda-z-oswietleniem-epiro-ep-04-kaszmir-dab-ciemny\/","title":{"rendered":"EPIRO EP-04 komoda su ap\u0161vietimu | Ka\u0161myro, tamsaus \u0105\u017euolo spalvos"},"content":{"rendered":"<p>Kolekcija: EPIRO<br \/>\nModelis: EP-04 1D1W3S<br \/>\nSpalva: Ka\u0161myras \/ Tamsus \u0105\u017euolas<br \/>\nMatmenys: Plotis: 161 cm<br \/>\nAuk\u0161tis: 83 cm<br \/>\nGylis: 41 cm<br \/>\nKojos auk\u0161tis: 18 cm<br \/>\nMatmen\u0173 tolerancija \u00b12%<br \/>\nDizainas: Moderni dviej\u0173 dur\u0173 komoda su 3 stal\u010diais<br \/>\nSubtilus ir nesenstantis spalv\u0173 derinys<br \/>\nMinimalistinis dizainas<br \/>\nKorpusas ir priekin\u0117 dalis pagaminti i\u0161 patvarios laminuotos plok\u0161t\u0117s<br \/>\nApvalios metalin\u0117s kojel\u0117s juodos spalvos<br \/>\nPatogi atidarymo sistema spaud\u017eiant (prisilie\u010diant)<br \/>\nPrakti\u0161ki pasl\u0117pti u\u017espaud\u017eiami vyriai<br \/>\nStiklinis priekis dekoratyviniams akcentams<br \/>\n4 mm gr\u016bdintas stiklas, atsparus sm\u016bgiams ir juodas<br \/>\nAp\u0161vietimas \u012ftrauktas (LED profilis)<br \/>\nNaujas produktas, gamykloje supakuotas, skirtas savaranki\u0161kam surinkimui<\/p>","protected":false},"excerpt":{"rendered":"<p>Kolekcija: EPIRO Modelis: EP-04 1D1W3S Spalva: Ka\u0161myro \/ Tamsaus \u0105\u017euolo Matmenys: Plotis: 161 cm Auk\u0161tis: 83 cm Gylis: 41 cm Kojeli\u0173 auk\u0161tis: 18 cm Matmen\u0173 tolerancija \u00b12% Dizainas: Moderni dvidur\u0117 komoda su 3 stal\u010diais Nesenstantis ir subtilus spalv\u0173 derinys Minimalistinis dizainas Korpusas ir priekin\u0117 dalis pagaminti i\u0161 patvarios laminuotos plok\u0161t\u0117s Apvalios metalin\u0117s kojel\u0117s [\u2026]<\/p>","protected":false},"featured_media":252024,"comment_status":"open","ping_status":"open","template":"","meta":[],"product_brand":[],"product_cat":[9275,1173,2454],"product_tag":[],"class_list":{"0":"post-252023","1":"product","2":"type-product","3":"status-publish","4":"has-post-thumbnail","6":"product_cat-furniture-system-epiro-lenart","7":"product_cat-chests-of-drawers","8":"product_cat-lenart","10":"first","11":"instock","12":"purchasable","13":"product-type-simple"},"_links":{"self":[{"href":"https:\/\/baldumarket.lt\/lt\/wp-json\/wp\/v2\/product\/252023","targetHints":{"allow":["GET"]}}],"collection":[{"href":"https:\/\/baldumarket.lt\/lt\/wp-json\/wp\/v2\/product"}],"about":[{"href":"https:\/\/baldumarket.lt\/lt\/wp-json\/wp\/v2\/types\/product"}],"replies":[{"embeddable":true,"href":"https:\/\/baldumarket.lt\/lt\/wp-json\/wp\/v2\/comments?post=252023"}],"wp:featuredmedia":[{"embeddable":true,"href":"https:\/\/baldumarket.lt\/lt\/wp-json\/wp\/v2\/media\/252024"}],"wp:attachment":[{"href":"https:\/\/baldumarket.lt\/lt\/wp-json\/wp\/v2\/media?parent=252023"}],"wp:term":[{"taxonomy":"product_brand","embeddable":true,"href":"https:\/\/baldumarket.lt\/lt\/wp-json\/wp\/v2\/product_brand?post=252023"},{"taxonomy":"product_cat","embeddable":true,"href":"https:\/\/baldumarket.lt\/lt\/wp-json\/wp\/v2\/product_cat?post=252023"},{"taxonomy":"product_tag","embeddable":true,"href":"https:\/\/baldumarket.lt\/lt\/wp-json\/wp\/v2\/product_tag?post=252023"}],"curies":[{"name":"wp","href":"https:\/\/api.w.org\/{rel}","templated":true}]}}