{"id":251991,"date":"2026-01-10T18:19:11","date_gmt":"2026-01-10T15:19:11","guid":{"rendered":"https:\/\/baldumarket.lt\/product\/komoda-wysoka-rotto-rt-01-2d-dab-vincenza-eukaliptus\/"},"modified":"2026-02-11T18:31:47","modified_gmt":"2026-02-11T15:31:47","slug":"komoda-wysoka-rotto-rt-01-2d-dab-vincenza-eukaliptus","status":"publish","type":"product","link":"https:\/\/baldumarket.lt\/lt\/product\/komoda-wysoka-rotto-rt-01-2d-dab-vincenza-eukaliptus\/","title":{"rendered":"ROTTO RT-01 auk\u0161ta komoda su 2 stal\u010diais | Vincenza \u0105\u017euolas, eukaliptas"},"content":{"rendered":"<p>Kolekcija: ROTTO<br \/>\nModelis: RT-01 2D<br \/>\nSpalva: Vincenza \u0105\u017euolas \/ eukaliptas<br \/>\nMatmenys: Plotis: 107 cm<br \/>\n\u016agis: 142 cm<br \/>\nGylis: 46 cm<br \/>\nKojos auk\u0161tis: 20 cm<br \/>\nMatmen\u0173 tolerancija \u00b12%<br \/>\nDizainas: Auk\u0161ta dviej\u0173 dur\u0173 komoda japoni\u0161ko stiliaus<br \/>\nMinimalistinis dizainas<br \/>\nNat\u016brali spalva ir unikalus \u017ealias interjeras<br \/>\n\u0160velniai suapvalinti kra\u0161tai<br \/>\nKorpusas ir priekin\u0117 dalis pagaminti i\u0161 patvarios laminuotos plok\u0161t\u0117s<br \/>\nApvalios metalin\u0117s kojel\u0117s juodos spalvos<br \/>\nPatogi atidarymo sistema spaud\u017eiant (prisilie\u010diant)<br \/>\nPrakti\u0161ki pasl\u0117pti vyriai<br \/>\nNaujas produktas, gamykloje supakuotas, skirtas savaranki\u0161kam surinkimui<\/p>","protected":false},"excerpt":{"rendered":"<p>Kolekcija: ROTTO Modelis: RT-01 2D Spalva: Vincenza \u0105\u017euolas \/ Eukaliptas Matmenys: Plotis: 107 cm Auk\u0161tis: 142 cm Gylis: 46 cm Kojeli\u0173 auk\u0161tis: 20 cm Matmen\u0173 tolerancija \u00b12% Dizainas: Auk\u0161ta dvidur\u0117 komoda japoni\u0161ko stiliaus Minimalistinis dizainas Nat\u016brali spalva ir unikalus \u017ealios spalvos interjeras \u0160velniai u\u017eapvalinti kra\u0161tai Korpusas ir priekin\u0117 dalis [\u2026]<\/p>","protected":false},"featured_media":251992,"comment_status":"open","ping_status":"open","template":"","meta":[],"product_brand":[],"product_cat":[9272,1173,2454],"product_tag":[],"class_list":{"0":"post-251991","1":"product","2":"type-product","3":"status-publish","4":"has-post-thumbnail","6":"product_cat-furniture-system-rotto-lenart","7":"product_cat-chests-of-drawers","8":"product_cat-lenart","10":"first","11":"instock","12":"purchasable","13":"product-type-simple"},"_links":{"self":[{"href":"https:\/\/baldumarket.lt\/lt\/wp-json\/wp\/v2\/product\/251991","targetHints":{"allow":["GET"]}}],"collection":[{"href":"https:\/\/baldumarket.lt\/lt\/wp-json\/wp\/v2\/product"}],"about":[{"href":"https:\/\/baldumarket.lt\/lt\/wp-json\/wp\/v2\/types\/product"}],"replies":[{"embeddable":true,"href":"https:\/\/baldumarket.lt\/lt\/wp-json\/wp\/v2\/comments?post=251991"}],"wp:featuredmedia":[{"embeddable":true,"href":"https:\/\/baldumarket.lt\/lt\/wp-json\/wp\/v2\/media\/251992"}],"wp:attachment":[{"href":"https:\/\/baldumarket.lt\/lt\/wp-json\/wp\/v2\/media?parent=251991"}],"wp:term":[{"taxonomy":"product_brand","embeddable":true,"href":"https:\/\/baldumarket.lt\/lt\/wp-json\/wp\/v2\/product_brand?post=251991"},{"taxonomy":"product_cat","embeddable":true,"href":"https:\/\/baldumarket.lt\/lt\/wp-json\/wp\/v2\/product_cat?post=251991"},{"taxonomy":"product_tag","embeddable":true,"href":"https:\/\/baldumarket.lt\/lt\/wp-json\/wp\/v2\/product_tag?post=251991"}],"curies":[{"name":"wp","href":"https:\/\/api.w.org\/{rel}","templated":true}]}}