{"id":251975,"date":"2026-01-10T18:19:04","date_gmt":"2026-01-10T15:19:04","guid":{"rendered":"https:\/\/baldumarket.lt\/product\/szafa-przesuwna-trend-ts-01-2d-lustro-oswietlenie-led-bez-piaskowy-czarny\/"},"modified":"2026-02-11T18:31:47","modified_gmt":"2026-02-11T15:31:47","slug":"szafa-przesuwna-trend-ts-01-2d-lustro-oswietlenie-led-bez-piaskowy-czarny","status":"publish","type":"product","link":"https:\/\/baldumarket.lt\/lt\/product\/szafa-przesuwna-trend-ts-01-2d-lustro-oswietlenie-led-bez-piaskowy-czarny\/","title":{"rendered":"TREND TS-01 2D stumdoma spinta | Veidrodis, LED ap\u0161vietimas | Sm\u0117lio spalvos, juoda"},"content":{"rendered":"<p>Kolekcija: TREND miegamasis<br \/>\nModelis: TS-01 2D<br \/>\nSpalva: sm\u0117lio spalvos \/ juoda<br \/>\nMatmenys: Plotis: 200 cm<br \/>\n\u016agis: 222 cm<br \/>\nGylis: 63 cm<br \/>\nMatmen\u0173 tolerancija \u00b12%<br \/>\nDizainas: Moderni stumdoma spinta miegamajam arba svetainei<br \/>\nNesenstan\u010dios ir subtilios spalvos, subtilios detal\u0117s<br \/>\nKorpusas ir priekin\u0117 dalis pagaminti i\u0161 patvarios laminuotos plok\u0161t\u0117s<br \/>\nOptimali sand\u0117liavimo erdv\u0117: 1x b\u0117gelis, 9x lentynos<br \/>\n\u012e komplekt\u0105 \u012feina atmosferinis LED ap\u0161vietimas (A++ LED juostel\u0117)<br \/>\nGumuotas priekis su 3 mm storio veidrod\u0117liu<br \/>\nAliuminio spintos priekin\u0117 kreipian\u010dioji<br \/>\nKojel\u0117s\/p\u0117dos su slydikliais ir var\u017etais<br \/>\nNaujas produktas, gamykloje supakuotas, skirtas savaranki\u0161kam surinkimui<\/p>","protected":false},"excerpt":{"rendered":"<p>Kolekcija: TREND Miegamasis Modelis: TS-01 2D Spalva: Sm\u0117lio sm\u0117lio \/ juoda Matmenys: Plotis: 200 cm Auk\u0161tis: 222 cm Gylis: 63 cm Matmen\u0173 tolerancija \u00b12% Dizainas: Moderni stumdoma spinta miegamajam arba svetainei Nesenstan\u010dios ir subtilios spalvos, subtilios detal\u0117s Korpusas ir priekin\u0117 dalis pagaminti i\u0161 patvarios laminuotos plok\u0161t\u0117s Optimali daikt\u0173 laikymo vieta: 1x b\u0117gelis, 9x lentynos [\u2026]<\/p>","protected":false},"featured_media":251976,"comment_status":"open","ping_status":"open","template":"","meta":[],"product_brand":[],"product_cat":[9268,2454,1177],"product_tag":[],"class_list":{"0":"post-251975","1":"product","2":"type-product","3":"status-publish","4":"has-post-thumbnail","6":"product_cat-furniture-system-trend-lenart","7":"product_cat-lenart","8":"product_cat-wardrobes","10":"first","11":"instock","12":"purchasable","13":"product-type-simple"},"_links":{"self":[{"href":"https:\/\/baldumarket.lt\/lt\/wp-json\/wp\/v2\/product\/251975","targetHints":{"allow":["GET"]}}],"collection":[{"href":"https:\/\/baldumarket.lt\/lt\/wp-json\/wp\/v2\/product"}],"about":[{"href":"https:\/\/baldumarket.lt\/lt\/wp-json\/wp\/v2\/types\/product"}],"replies":[{"embeddable":true,"href":"https:\/\/baldumarket.lt\/lt\/wp-json\/wp\/v2\/comments?post=251975"}],"wp:featuredmedia":[{"embeddable":true,"href":"https:\/\/baldumarket.lt\/lt\/wp-json\/wp\/v2\/media\/251976"}],"wp:attachment":[{"href":"https:\/\/baldumarket.lt\/lt\/wp-json\/wp\/v2\/media?parent=251975"}],"wp:term":[{"taxonomy":"product_brand","embeddable":true,"href":"https:\/\/baldumarket.lt\/lt\/wp-json\/wp\/v2\/product_brand?post=251975"},{"taxonomy":"product_cat","embeddable":true,"href":"https:\/\/baldumarket.lt\/lt\/wp-json\/wp\/v2\/product_cat?post=251975"},{"taxonomy":"product_tag","embeddable":true,"href":"https:\/\/baldumarket.lt\/lt\/wp-json\/wp\/v2\/product_tag?post=251975"}],"curies":[{"name":"wp","href":"https:\/\/api.w.org\/{rel}","templated":true}]}}