{"id":251967,"date":"2026-01-10T18:19:01","date_gmt":"2026-01-10T15:19:01","guid":{"rendered":"https:\/\/baldumarket.lt\/product\/szafa-przesuwna-arti-ar-27-3d-240cm-lustro-oswietlenie-led-dab-shetland\/"},"modified":"2026-02-11T18:31:47","modified_gmt":"2026-02-11T15:31:47","slug":"szafa-przesuwna-arti-ar-27-3d-240cm-lustro-oswietlenie-led-dab-shetland","status":"publish","type":"product","link":"https:\/\/baldumarket.lt\/lt\/product\/szafa-przesuwna-arti-ar-27-3d-240cm-lustro-oswietlenie-led-dab-shetland\/","title":{"rendered":"ARTI AR-27 3D stumdoma spinta | 240 cm | Veidrodis, LED ap\u0161vietimas | \u0160etlando \u0105\u017euolas"},"content":{"rendered":"<p>Kolekcija: ARTI<br \/>\nModelis: AR-27 3D<br \/>\nSpalva: \u0160etlando \u0105\u017euolas<br \/>\nMatmenys: Plotis: 240 cm<br \/>\n\u016agis: 218 cm<br \/>\nGylis: 59 cm<br \/>\nMatmen\u0173 tolerancija \u00b12%<br \/>\nDizainas: Moderni trij\u0173 dur\u0173 stumdoma spinta<br \/>\nKorpusas ir priekin\u0117 dalis pagaminti i\u0161 patvarios laminuotos plok\u0161t\u0117s<br \/>\nOptimali sand\u0117liavimo erdv\u0117<br \/>\nVeidrodis ant priekini\u0173 dur\u0173 (3 mm stiklas)<br \/>\n\u012etrauktas atmosferinis LED ap\u0161vietimas<br \/>\nAliuminio spintos priekin\u0117 kreipian\u010dioji<br \/>\nKojos\/p\u0117dos su slydikliais<br \/>\nPrakti\u0161kos metalin\u0117s rankenos<br \/>\nNaujas produktas, gamykloje supakuotas, skirtas savaranki\u0161kam surinkimui<\/p>","protected":false},"excerpt":{"rendered":"<p>Kolekcija: ARTI Modelis: AR-27 3D Spalva: \u0160etlando \u0105\u017euolas Matmenys: Plotis: 240 cm Auk\u0161tis: 218 cm Gylis: 59 cm Matmen\u0173 tolerancija \u00b12% Dizainas: Moderni trij\u0173 dur\u0173 stumdoma spinta Korpusas ir priekis pagaminti i\u0161 patvarios laminuotos plok\u0161t\u0117s Optimali daikt\u0173 laikymo vieta Veidrodis ant priekini\u0173 dur\u0173 (3 mm stiklas) \u012etrauktas atmosferinis LED ap\u0161vietimas Aliuminin\u0117 spintos priekin\u0117 kreipian\u010dioji Kojel\u0117s\/p\u0117del\u0117s su slydikliais [\u2026]<\/p>","protected":false},"featured_media":251968,"comment_status":"open","ping_status":"open","template":"","meta":[],"product_brand":[],"product_cat":[9265,2454,1177],"product_tag":[],"class_list":{"0":"post-251967","1":"product","2":"type-product","3":"status-publish","4":"has-post-thumbnail","6":"product_cat-furniture-system-arti-lenart","7":"product_cat-lenart","8":"product_cat-wardrobes","10":"first","11":"instock","12":"purchasable","13":"product-type-simple"},"_links":{"self":[{"href":"https:\/\/baldumarket.lt\/lt\/wp-json\/wp\/v2\/product\/251967","targetHints":{"allow":["GET"]}}],"collection":[{"href":"https:\/\/baldumarket.lt\/lt\/wp-json\/wp\/v2\/product"}],"about":[{"href":"https:\/\/baldumarket.lt\/lt\/wp-json\/wp\/v2\/types\/product"}],"replies":[{"embeddable":true,"href":"https:\/\/baldumarket.lt\/lt\/wp-json\/wp\/v2\/comments?post=251967"}],"wp:featuredmedia":[{"embeddable":true,"href":"https:\/\/baldumarket.lt\/lt\/wp-json\/wp\/v2\/media\/251968"}],"wp:attachment":[{"href":"https:\/\/baldumarket.lt\/lt\/wp-json\/wp\/v2\/media?parent=251967"}],"wp:term":[{"taxonomy":"product_brand","embeddable":true,"href":"https:\/\/baldumarket.lt\/lt\/wp-json\/wp\/v2\/product_brand?post=251967"},{"taxonomy":"product_cat","embeddable":true,"href":"https:\/\/baldumarket.lt\/lt\/wp-json\/wp\/v2\/product_cat?post=251967"},{"taxonomy":"product_tag","embeddable":true,"href":"https:\/\/baldumarket.lt\/lt\/wp-json\/wp\/v2\/product_tag?post=251967"}],"curies":[{"name":"wp","href":"https:\/\/api.w.org\/{rel}","templated":true}]}}