{"id":251959,"date":"2026-01-10T18:18:58","date_gmt":"2026-01-10T15:18:58","guid":{"rendered":"https:\/\/baldumarket.lt\/product\/szafa-czterodrzwiowa-enna-en-06-4d-250cm-lustro-oswietlenie-led-bezowy-czarny\/"},"modified":"2026-02-11T18:31:47","modified_gmt":"2026-02-11T15:31:47","slug":"szafa-czterodrzwiowa-enna-en-06-4d-250cm-lustro-oswietlenie-led-bezowy-czarny","status":"publish","type":"product","link":"https:\/\/baldumarket.lt\/lt\/product\/szafa-czterodrzwiowa-enna-en-06-4d-250cm-lustro-oswietlenie-led-bezowy-czarny\/","title":{"rendered":"ENNA EN-06 4D keturi\u0173 dur\u0173 spinta | 250 cm | Veidrodis, LED ap\u0161vietimas | Sm\u0117lio, juodos spalvos"},"content":{"rendered":"<p>Kolekcija: ENNA miegamasis<br \/>\nModelis: EN-06 4D<br \/>\nSpalva: sm\u0117lio \/ juoda<br \/>\nMatmenys: Plotis: 251 cm<br \/>\n\u016agis: 215 cm<br \/>\nGylis: 64 cm<br \/>\nMatmen\u0173 tolerancija \u00b12%<br \/>\nDizainas: moderni keturi\u0173 dur\u0173 spinta miegamajam arba svetainei<br \/>\nSubtilus ir nesenstantis spalv\u0173 derinys<br \/>\nKorpusas ir priekin\u0117 dalis pagaminti i\u0161 patvarios laminuotos plok\u0161t\u0117s<br \/>\nOptimali sand\u0117liavimo erdv\u0117<br \/>\n\u012e komplekt\u0105 \u012feina atmosferinis LED ap\u0161vietimas (A++ LED juostel\u0117)<br \/>\nVeidrodis ant priekini\u0173 dur\u0173 (3 mm stiklas)<br \/>\nAliuminio spintos priekin\u0117 kreipian\u010dioji<br \/>\nMDF juostos rankena<br \/>\nPrakti\u0161ki \u0161velnaus u\u017edarymo vyriai<br \/>\nKojos\/p\u0117dos su slydikliais<br \/>\nNaujas produktas, gamykloje supakuotas, skirtas savaranki\u0161kam surinkimui<\/p>","protected":false},"excerpt":{"rendered":"<p>Collection: ENNA Bedroom Model: EN-06 4D Color: Beige \/ Black Dimensions: Width: 251 cm Height: 215 cm Depth: 64 cm Dimension tolerance \u00b12% Design: Modern four-door wardrobe for the bedroom or living room Timeless and subtle color combination Body and front made of durable laminated board Optimal storage space Atmospheric LED lighting included (A++ LED [&hellip;]<\/p>","protected":false},"featured_media":251960,"comment_status":"open","ping_status":"open","template":"","meta":[],"product_brand":[],"product_cat":[9276,2454,1177],"product_tag":[],"class_list":{"0":"post-251959","1":"product","2":"type-product","3":"status-publish","4":"has-post-thumbnail","6":"product_cat-furniture-system-enna-lenart","7":"product_cat-lenart","8":"product_cat-wardrobes","10":"first","11":"instock","12":"purchasable","13":"product-type-simple"},"_links":{"self":[{"href":"https:\/\/baldumarket.lt\/lt\/wp-json\/wp\/v2\/product\/251959","targetHints":{"allow":["GET"]}}],"collection":[{"href":"https:\/\/baldumarket.lt\/lt\/wp-json\/wp\/v2\/product"}],"about":[{"href":"https:\/\/baldumarket.lt\/lt\/wp-json\/wp\/v2\/types\/product"}],"replies":[{"embeddable":true,"href":"https:\/\/baldumarket.lt\/lt\/wp-json\/wp\/v2\/comments?post=251959"}],"wp:featuredmedia":[{"embeddable":true,"href":"https:\/\/baldumarket.lt\/lt\/wp-json\/wp\/v2\/media\/251960"}],"wp:attachment":[{"href":"https:\/\/baldumarket.lt\/lt\/wp-json\/wp\/v2\/media?parent=251959"}],"wp:term":[{"taxonomy":"product_brand","embeddable":true,"href":"https:\/\/baldumarket.lt\/lt\/wp-json\/wp\/v2\/product_brand?post=251959"},{"taxonomy":"product_cat","embeddable":true,"href":"https:\/\/baldumarket.lt\/lt\/wp-json\/wp\/v2\/product_cat?post=251959"},{"taxonomy":"product_tag","embeddable":true,"href":"https:\/\/baldumarket.lt\/lt\/wp-json\/wp\/v2\/product_tag?post=251959"}],"curies":[{"name":"wp","href":"https:\/\/api.w.org\/{rel}","templated":true}]}}