{"id":251943,"date":"2026-01-10T18:18:51","date_gmt":"2026-01-10T15:18:51","guid":{"rendered":"https:\/\/baldumarket.lt\/product\/komoda-z-szufladami-enna-en-04-1d3s-oswietlenie-led-bezowy-czarny\/"},"modified":"2026-02-11T18:31:47","modified_gmt":"2026-02-11T15:31:47","slug":"komoda-z-szufladami-enna-en-04-1d3s-oswietlenie-led-bezowy-czarny","status":"publish","type":"product","link":"https:\/\/baldumarket.lt\/lt\/product\/komoda-z-szufladami-enna-en-04-1d3s-oswietlenie-led-bezowy-czarny\/","title":{"rendered":"ENNA EN-04 1D3S Komoda | LED ap\u0161vietimas | Sm\u0117lio, Juoda"},"content":{"rendered":"<p>Kolekcija: ENNA miegamasis<br \/>\nModelis: EN-04 1D3S<br \/>\nSpalva: sm\u0117lio \/ juoda<br \/>\nMatmenys: Plotis: 136 cm<br \/>\nAuk\u0161tis: 91 cm<br \/>\nGylis: 49 cm<br \/>\nMatmen\u0173 tolerancija \u00b12%<br \/>\nDizainas: Moderni komoda<br \/>\nSubtilus ir nesenstantis spalv\u0173 derinys<br \/>\nApvalios juodos metalin\u0117s rankenos<br \/>\nKorpusas ir priekin\u0117 dalis pagaminti i\u0161 patvarios laminuotos plok\u0161t\u0117s<br \/>\nOptimali sand\u0117liavimo erdv\u0117<br \/>\n\u012e komplekt\u0105 \u012feina atmosferinis LED ap\u0161vietimas (A++ LED juostel\u0117)<br \/>\nPrakti\u0161ki rutulini\u0173 guoli\u0173 b\u0117geliai<br \/>\n\u0160velniai u\u017esidarantys pasl\u0117pti vyriai<br \/>\nKojos\/p\u0117dos su slydikliais<br \/>\nNaujas produktas, gamykloje supakuotas, skirtas savaranki\u0161kam surinkimui<\/p>","protected":false},"excerpt":{"rendered":"<p>Collection: ENNA Bedroom Model: EN-04 1D3S Color: Beige \/ Black Dimensions: Width: 136 cm Height: 91 cm Depth: 49 cm Dimension tolerance \u00b12% Design: Modern chest of drawers Timeless and subtle color combination Rounded black metal handles Body and front made of durable laminated board Optimal storage space Atmospheric LED lighting included (A++ LED strip) [&hellip;]<\/p>","protected":false},"featured_media":251944,"comment_status":"open","ping_status":"open","template":"","meta":[],"product_brand":[],"product_cat":[9276,1173,2454],"product_tag":[],"class_list":{"0":"post-251943","1":"product","2":"type-product","3":"status-publish","4":"has-post-thumbnail","6":"product_cat-furniture-system-enna-lenart","7":"product_cat-chests-of-drawers","8":"product_cat-lenart","10":"first","11":"instock","12":"purchasable","13":"product-type-simple"},"_links":{"self":[{"href":"https:\/\/baldumarket.lt\/lt\/wp-json\/wp\/v2\/product\/251943","targetHints":{"allow":["GET"]}}],"collection":[{"href":"https:\/\/baldumarket.lt\/lt\/wp-json\/wp\/v2\/product"}],"about":[{"href":"https:\/\/baldumarket.lt\/lt\/wp-json\/wp\/v2\/types\/product"}],"replies":[{"embeddable":true,"href":"https:\/\/baldumarket.lt\/lt\/wp-json\/wp\/v2\/comments?post=251943"}],"wp:featuredmedia":[{"embeddable":true,"href":"https:\/\/baldumarket.lt\/lt\/wp-json\/wp\/v2\/media\/251944"}],"wp:attachment":[{"href":"https:\/\/baldumarket.lt\/lt\/wp-json\/wp\/v2\/media?parent=251943"}],"wp:term":[{"taxonomy":"product_brand","embeddable":true,"href":"https:\/\/baldumarket.lt\/lt\/wp-json\/wp\/v2\/product_brand?post=251943"},{"taxonomy":"product_cat","embeddable":true,"href":"https:\/\/baldumarket.lt\/lt\/wp-json\/wp\/v2\/product_cat?post=251943"},{"taxonomy":"product_tag","embeddable":true,"href":"https:\/\/baldumarket.lt\/lt\/wp-json\/wp\/v2\/product_tag?post=251943"}],"curies":[{"name":"wp","href":"https:\/\/api.w.org\/{rel}","templated":true}]}}