{"id":251927,"date":"2026-01-10T18:18:39","date_gmt":"2026-01-10T15:18:39","guid":{"rendered":"https:\/\/baldumarket.lt\/product\/szafa-do-przedpokoju-trend-tg-01-1d1k-oswietlenie-led-bez-piaskowy-czarny\/"},"modified":"2026-02-11T18:31:47","modified_gmt":"2026-02-11T15:31:47","slug":"szafa-do-przedpokoju-trend-tg-01-1d1k-oswietlenie-led-bez-piaskowy-czarny","status":"publish","type":"product","link":"https:\/\/baldumarket.lt\/lt\/product\/szafa-do-przedpokoju-trend-tg-01-1d1k-oswietlenie-led-bez-piaskowy-czarny\/","title":{"rendered":"TREND TG-01 1D1K Prie\u0161kambario spinta | LED ap\u0161vietimas | Sm\u0117lio spalvos, juoda"},"content":{"rendered":"<p>Kolekcija: TREND Drabu\u017ein\u0117<br \/>\nModelis: TG-01 1D1K<br \/>\nSpalva: sm\u0117lio spalvos \/ juoda<br \/>\nMatmenys: Plotis: 65 cm<br \/>\nAuk\u0161tis: 210 cm<br \/>\nGylis: 40 cm<br \/>\nMatmen\u0173 tolerancija \u00b12%<br \/>\nDizainas: Moderni, siaura vien\u0173 dur\u0173 spinta prie\u0161kambariui<br \/>\nNesenstan\u010dios ir subtilios spalvos<br \/>\nDekoratyvus ir stilingas frezuotas fasadas<br \/>\nKorpusas ir priekin\u0117 dalis pagaminti i\u0161 patvarios laminuotos plok\u0161t\u0117s<br \/>\nOptimaliai organizuota sand\u0117liavimo erdv\u0117<br \/>\n\u012e komplekt\u0105 \u012feina atmosferinis LED ap\u0161vietimas (LED A++ profilis)<br \/>\nPatogus atidarymas su paspaudimo sistema<br \/>\nEfektyv\u016bs pasl\u0117pti u\u017espaud\u017eiami vyriai<br \/>\nJuodos metalin\u0117s kojel\u0117s<br \/>\nNaujas produktas, gamykloje supakuotas, skirtas savaranki\u0161kam surinkimui<\/p>","protected":false},"excerpt":{"rendered":"<p>Kolekcija: TREND Spinta Modelis: TG-01 1D1K Spalva: Sm\u0117lio sm\u0117lio \/ juoda Matmenys: Plotis: 65 cm Auk\u0161tis: 210 cm Gylis: 40 cm Matmen\u0173 tolerancija \u00b12% Dizainas: Moderni, siaura vien\u0173 dur\u0173 spinta prie\u0161kambariui Nesenstan\u010dios ir subtilios spalvos Dekoratyvus ir stilingas frezuotas priekis Korpusas ir priekis pagaminti i\u0161 patvarios laminuotos plok\u0161t\u0117s Optimaliai organizuota daikt\u0173 laikymo vieta Atmosferinis LED [\u2026]<\/p>","protected":false},"featured_media":251928,"comment_status":"open","ping_status":"open","template":"","meta":[],"product_brand":[],"product_cat":[9268,2454,1177],"product_tag":[],"class_list":{"0":"post-251927","1":"product","2":"type-product","3":"status-publish","4":"has-post-thumbnail","6":"product_cat-furniture-system-trend-lenart","7":"product_cat-lenart","8":"product_cat-wardrobes","10":"first","11":"instock","12":"purchasable","13":"product-type-simple"},"_links":{"self":[{"href":"https:\/\/baldumarket.lt\/lt\/wp-json\/wp\/v2\/product\/251927","targetHints":{"allow":["GET"]}}],"collection":[{"href":"https:\/\/baldumarket.lt\/lt\/wp-json\/wp\/v2\/product"}],"about":[{"href":"https:\/\/baldumarket.lt\/lt\/wp-json\/wp\/v2\/types\/product"}],"replies":[{"embeddable":true,"href":"https:\/\/baldumarket.lt\/lt\/wp-json\/wp\/v2\/comments?post=251927"}],"wp:featuredmedia":[{"embeddable":true,"href":"https:\/\/baldumarket.lt\/lt\/wp-json\/wp\/v2\/media\/251928"}],"wp:attachment":[{"href":"https:\/\/baldumarket.lt\/lt\/wp-json\/wp\/v2\/media?parent=251927"}],"wp:term":[{"taxonomy":"product_brand","embeddable":true,"href":"https:\/\/baldumarket.lt\/lt\/wp-json\/wp\/v2\/product_brand?post=251927"},{"taxonomy":"product_cat","embeddable":true,"href":"https:\/\/baldumarket.lt\/lt\/wp-json\/wp\/v2\/product_cat?post=251927"},{"taxonomy":"product_tag","embeddable":true,"href":"https:\/\/baldumarket.lt\/lt\/wp-json\/wp\/v2\/product_tag?post=251927"}],"curies":[{"name":"wp","href":"https:\/\/api.w.org\/{rel}","templated":true}]}}