{"id":25192,"date":"2025-11-14T16:36:27","date_gmt":"2025-11-14T13:36:27","guid":{"rendered":"https:\/\/baldumarket.lt\/product\/quadratta-180x180\/"},"modified":"2026-03-24T16:40:28","modified_gmt":"2026-03-24T13:40:28","slug":"quadratta-180x180","status":"publish","type":"product","link":"https:\/\/baldumarket.lt\/lt\/product\/quadratta-180x180\/","title":{"rendered":"Keturkampis 180\u00d7180"},"content":{"rendered":"<p>\u201eQuadratta 180\u00d7180\u201c komplekt\u0105 sudaro 24 plok\u0161t\u0117s, kuri\u0173 matmenys \u2013 30x30 cm (12 dali\u0173) ir 60x30 cm (12 dali\u0173). Apmu\u0161ta \u201eQuadratta\u201c plok\u0161t\u0117 yra mink\u0161ta ir lanksti, ta\u010diau itin patvari. Jos pagrindas pagamintas i\u0161 patvarios MDF plok\u0161t\u0117s ir trij\u0173 centimetr\u0173 storio T21 putplas\u010dio sluoksnio. D\u0117l to gaminys ne tik puikiai atrodo, bet ir atlaiko kasdien\u012f naudojim\u0105. Jas pamils ir t\u0117vai, ir vaikai! Sienin\u0117s plok\u0161t\u0117s pavir\u0161ius yra saugiai mink\u0161tas, apsaugantis \u017eaisming\u0105 ma\u017eyl\u012f nuo traum\u0173. Ji taip pat apsaugo j\u012f nuo s\u0105ly\u010dio su nemaloniai \u0161alta siena, suteikdama b\u016btin\u0105 komfort\u0105. \u201eQuadratta\u201c sien\u0173 plok\u0161\u010di\u0173 pavir\u0161ius pagamintas i\u0161 esteti\u0161kai patrauklaus ir patvaraus, zom\u0161\u0105 primenan\u010dio audinio. Maloni liesti tekst\u016bra ir didelis atsparumas dilimui bei trin\u010diai u\u017etikrina, kad gaminys steb\u0117tinai ilgai i\u0161laikys savo nepriekai\u0161ting\u0105 i\u0161vaizd\u0105. Be to, naudojama med\u017eiaga pasi\u017eymi hidrofobin\u0117mis savyb\u0117mis. Tai rei\u0161kia, kad ji nesugeria skys\u010di\u0173 ar ne\u0161varum\u0173, tod\u0117l galite lengvai palaikyti vis\u0105 bald\u0105 \u0161var\u0173. Apmu\u0161t\u0173 plok\u0161\u010di\u0173 montavimas yra paprastas, nereikalaujantis specialios \u012frangos, be to, tai greita ir paprasta. Kiekvien\u0105 panel\u0119 galima \u012fsigyti kaip komplekt\u0105 arba atskirai.<\/p>","protected":false},"excerpt":{"rendered":"<p>\u201eQuadratta 180\u00d7180\u201c komplekt\u0105 sudaro 24 panel\u0117s, kuri\u0173 matmenys \u2013 30x30 cm (12 dali\u0173) ir 60x30 cm (12 dali\u0173). \u201eQuadratta\u201c apmu\u0161ta panel\u0117 yra mink\u0161ta ir lanksti, ta\u010diau itin patvari. Jos pagrindas pagamintas i\u0161 patvarios MDF plok\u0161t\u0117s ir trij\u0173 centimetr\u0173 storio T21 putplas\u010dio sluoksnio. D\u0117l to gaminys ne tik puikiai atrodo, bet ir yra atsparus kasdieniam naudojimui. [\u2026]<\/p>","protected":false},"featured_media":25193,"comment_status":"open","ping_status":"open","template":"","meta":[],"product_brand":[],"product_cat":[2012,1137],"product_tag":[],"class_list":{"0":"post-25192","1":"product","2":"type-product","3":"status-publish","4":"has-post-thumbnail","6":"product_cat-eltap","7":"product_cat-upholstered-panels","9":"first","10":"instock","11":"purchasable","12":"product-type-variable","13":"wvs-archive-product-wrapper"},"_links":{"self":[{"href":"https:\/\/baldumarket.lt\/lt\/wp-json\/wp\/v2\/product\/25192","targetHints":{"allow":["GET"]}}],"collection":[{"href":"https:\/\/baldumarket.lt\/lt\/wp-json\/wp\/v2\/product"}],"about":[{"href":"https:\/\/baldumarket.lt\/lt\/wp-json\/wp\/v2\/types\/product"}],"replies":[{"embeddable":true,"href":"https:\/\/baldumarket.lt\/lt\/wp-json\/wp\/v2\/comments?post=25192"}],"wp:featuredmedia":[{"embeddable":true,"href":"https:\/\/baldumarket.lt\/lt\/wp-json\/wp\/v2\/media\/25193"}],"wp:attachment":[{"href":"https:\/\/baldumarket.lt\/lt\/wp-json\/wp\/v2\/media?parent=25192"}],"wp:term":[{"taxonomy":"product_brand","embeddable":true,"href":"https:\/\/baldumarket.lt\/lt\/wp-json\/wp\/v2\/product_brand?post=25192"},{"taxonomy":"product_cat","embeddable":true,"href":"https:\/\/baldumarket.lt\/lt\/wp-json\/wp\/v2\/product_cat?post=25192"},{"taxonomy":"product_tag","embeddable":true,"href":"https:\/\/baldumarket.lt\/lt\/wp-json\/wp\/v2\/product_tag?post=25192"}],"curies":[{"name":"wp","href":"https:\/\/api.w.org\/{rel}","templated":true}]}}