{"id":251903,"date":"2026-01-10T18:18:29","date_gmt":"2026-01-10T15:18:29","guid":{"rendered":"https:\/\/baldumarket.lt\/product\/stol-do-jadalni-okragly-rotto-rt-09-120cm-dab-vincenza\/"},"modified":"2026-02-11T18:31:47","modified_gmt":"2026-02-11T15:31:47","slug":"stol-do-jadalni-okragly-rotto-rt-09-120cm-dab-vincenza","status":"publish","type":"product","link":"https:\/\/baldumarket.lt\/lt\/product\/stol-do-jadalni-okragly-rotto-rt-09-120cm-dab-vincenza\/","title":{"rendered":"ROTTO RT-09 apvalus valgomojo stalas | 120 cm | Vincenza \u0105\u017euolas"},"content":{"rendered":"<p>Kolekcija: ROTTO<br \/>\nModelis: RT-09 120 cm<br \/>\nSpalva: Vincenza \u0105\u017euolas<br \/>\nMatmenys: Stalvir\u0161io skersmuo: 120 cm<br \/>\nAuk\u0161tis: 77 cm<br \/>\nMatmen\u0173 tolerancija \u00b12%<br \/>\nDizainas: apvalus japoni\u0161ko stiliaus valgomojo stalas<br \/>\nPuikiai tinka 4\u20136 \u017emon\u0117ms<br \/>\nMinimalistinis dizainas<br \/>\nNat\u016brali spalva ir juodos detal\u0117s<br \/>\n\u0160iltas Vincenza \u0105\u017euolo stalvir\u0161is<br \/>\n\u0160velniai suapvalinti kra\u0161tai<br \/>\nApvali forma vizualiai padidina erdv\u0119 ir palengvina bendravim\u0105.<br \/>\nKorpusas ir priekin\u0117 dalis pagaminti i\u0161 patvarios laminuotos plok\u0161t\u0117s<br \/>\nMink\u0161tas pagrindas\/koja su dekoratyvin\u0117mis juostel\u0117mis<br \/>\nNaujas produktas, gamykloje supakuotas, skirtas savaranki\u0161kam surinkimui<\/p>","protected":false},"excerpt":{"rendered":"<p>Kolekcija: ROTTO Modelis: RT-09 120 cm Spalva: Vincenza Oak Matmenys: Stalvir\u0161io skersmuo: 120 cm Auk\u0161tis: 77 cm Matmen\u0173 tolerancija \u00b12% Dizainas: Apvalus japoni\u0161ko stiliaus valgomojo stalas Puikiai tinka 4-6 \u017emon\u0117ms Minimalistinis dizainas Nat\u016brali spalva ir juodos detal\u0117s \u0160iltas Vincenza Oak stalvir\u0161is \u0160velniai u\u017eapvalinti kra\u0161tai Apvali forma vizualiai padidina erdv\u0119 ir palengvina pokalb\u012f Korpusas ir priekin\u0117 dalis [\u2026]<\/p>","protected":false},"featured_media":251904,"comment_status":"open","ping_status":"open","template":"","meta":[],"product_brand":[],"product_cat":[9272,2454,1934],"product_tag":[],"class_list":{"0":"post-251903","1":"product","2":"type-product","3":"status-publish","4":"has-post-thumbnail","6":"product_cat-furniture-system-rotto-lenart","7":"product_cat-lenart","8":"product_cat-tables","10":"first","11":"instock","12":"purchasable","13":"product-type-simple"},"_links":{"self":[{"href":"https:\/\/baldumarket.lt\/lt\/wp-json\/wp\/v2\/product\/251903","targetHints":{"allow":["GET"]}}],"collection":[{"href":"https:\/\/baldumarket.lt\/lt\/wp-json\/wp\/v2\/product"}],"about":[{"href":"https:\/\/baldumarket.lt\/lt\/wp-json\/wp\/v2\/types\/product"}],"replies":[{"embeddable":true,"href":"https:\/\/baldumarket.lt\/lt\/wp-json\/wp\/v2\/comments?post=251903"}],"wp:featuredmedia":[{"embeddable":true,"href":"https:\/\/baldumarket.lt\/lt\/wp-json\/wp\/v2\/media\/251904"}],"wp:attachment":[{"href":"https:\/\/baldumarket.lt\/lt\/wp-json\/wp\/v2\/media?parent=251903"}],"wp:term":[{"taxonomy":"product_brand","embeddable":true,"href":"https:\/\/baldumarket.lt\/lt\/wp-json\/wp\/v2\/product_brand?post=251903"},{"taxonomy":"product_cat","embeddable":true,"href":"https:\/\/baldumarket.lt\/lt\/wp-json\/wp\/v2\/product_cat?post=251903"},{"taxonomy":"product_tag","embeddable":true,"href":"https:\/\/baldumarket.lt\/lt\/wp-json\/wp\/v2\/product_tag?post=251903"}],"curies":[{"name":"wp","href":"https:\/\/api.w.org\/{rel}","templated":true}]}}