{"id":251887,"date":"2026-01-10T18:18:22","date_gmt":"2026-01-10T15:18:22","guid":{"rendered":"https:\/\/baldumarket.lt\/product\/lozko-z-pojemnikiem-trend-ts-03-180x200-oswietlenie-led-bez-piaskowy-czarny\/"},"modified":"2026-02-11T18:31:48","modified_gmt":"2026-02-11T15:31:48","slug":"lozko-z-pojemnikiem-trend-ts-03-180x200-oswietlenie-led-bez-piaskowy-czarny","status":"publish","type":"product","link":"https:\/\/baldumarket.lt\/lt\/product\/lozko-z-pojemnikiem-trend-ts-03-180x200-oswietlenie-led-bez-piaskowy-czarny\/","title":{"rendered":"TREND TS-03 lova su daiktad\u0117\u017ee | 180&#215;200 | LED ap\u0161vietimas | Sm\u0117lio spalvos, juoda"},"content":{"rendered":"<p>Kolekcija: TREND miegamasis<br \/>\nModelis: TS-03 180\u00d7200<br \/>\nSpalva: sm\u0117lio spalvos \/ juoda<br \/>\n\u010ciu\u017einys: N\u0117ra \/ Papildomai galima \u012fsigyti variantuose<br \/>\nMatmenys: Plotis: 190 cm<br \/>\n\u016agis: 214 cm<br \/>\nGylis: 95 cm<br \/>\nKojos auk\u0161tis: 14 cm<br \/>\nMatmen\u0173 tolerancija \u00b12%<br \/>\nDizainas: moderni miegamojo lova<br \/>\nPrakti\u0161ka patalyn\u0117s laikymo vieta<br \/>\nMetalinis r\u0117mas su medin\u0117mis lentjuost\u0117mis komplekte<br \/>\nNesenstan\u010dios ir subtilios spalvos<br \/>\nDekoratyvinis grioveli\u0173 atlo\u0161as<br \/>\nKorpusas ir r\u0117mas pagaminti i\u0161 patvarios laminuotos plok\u0161t\u0117s<br \/>\n\u012e komplekt\u0105 \u012feina atmosferinis LED ap\u0161vietimas (A++ LED juostel\u0117)<br \/>\nMetalinio profilio rankena<br \/>\nJuodos metalin\u0117s kojel\u0117s<br \/>\nLova komplektuojama be \u010diu\u017einio<br \/>\nProduktas yra naujas, gamykloje supakuotas ir reikalauja savaranki\u0161ko surinkimo<\/p>","protected":false},"excerpt":{"rendered":"<p>Collection: TREND Bedroom Model: TS-03 180&#215;200 Color: Sand Beige \/ Black Mattress: None \/ Optional available in the variants Dimensions: Width: 190 cm Height: 214 cm Depth: 95 cm Leg height: 14 cm Dimension tolerance \u00b12% Design: Modern bedroom bed Practical bedding storage Metal frame with wooden slats included Timeless and subtle colors Decorative grooved [&hellip;]<\/p>","protected":false},"featured_media":251888,"comment_status":"open","ping_status":"open","template":"","meta":[],"product_brand":[],"product_cat":[9268,505,2454],"product_tag":[],"class_list":{"0":"post-251887","1":"product","2":"type-product","3":"status-publish","4":"has-post-thumbnail","6":"product_cat-furniture-system-trend-lenart","7":"product_cat-bedroom-beds","8":"product_cat-lenart","10":"first","11":"instock","12":"purchasable","13":"product-type-simple"},"_links":{"self":[{"href":"https:\/\/baldumarket.lt\/lt\/wp-json\/wp\/v2\/product\/251887","targetHints":{"allow":["GET"]}}],"collection":[{"href":"https:\/\/baldumarket.lt\/lt\/wp-json\/wp\/v2\/product"}],"about":[{"href":"https:\/\/baldumarket.lt\/lt\/wp-json\/wp\/v2\/types\/product"}],"replies":[{"embeddable":true,"href":"https:\/\/baldumarket.lt\/lt\/wp-json\/wp\/v2\/comments?post=251887"}],"wp:featuredmedia":[{"embeddable":true,"href":"https:\/\/baldumarket.lt\/lt\/wp-json\/wp\/v2\/media\/251888"}],"wp:attachment":[{"href":"https:\/\/baldumarket.lt\/lt\/wp-json\/wp\/v2\/media?parent=251887"}],"wp:term":[{"taxonomy":"product_brand","embeddable":true,"href":"https:\/\/baldumarket.lt\/lt\/wp-json\/wp\/v2\/product_brand?post=251887"},{"taxonomy":"product_cat","embeddable":true,"href":"https:\/\/baldumarket.lt\/lt\/wp-json\/wp\/v2\/product_cat?post=251887"},{"taxonomy":"product_tag","embeddable":true,"href":"https:\/\/baldumarket.lt\/lt\/wp-json\/wp\/v2\/product_tag?post=251887"}],"curies":[{"name":"wp","href":"https:\/\/api.w.org\/{rel}","templated":true}]}}