{"id":251863,"date":"2026-01-10T18:18:12","date_gmt":"2026-01-10T15:18:12","guid":{"rendered":"https:\/\/baldumarket.lt\/product\/stol-rozkladany-plot-pt-01-149-269-dab-jasny\/"},"modified":"2026-02-11T18:31:48","modified_gmt":"2026-02-11T15:31:48","slug":"stol-rozkladany-plot-pt-01-149-269-dab-jasny","status":"publish","type":"product","link":"https:\/\/baldumarket.lt\/lt\/product\/stol-rozkladany-plot-pt-01-149-269-dab-jasny\/","title":{"rendered":"SKLYPAS PT-01 i\u0161skleid\u017eiamas stalas | 149-269 | \u0160viesaus \u0105\u017euolo"},"content":{"rendered":"<p>Kolekcija: PLOT<br \/>\nModelis: PT-01<br \/>\nSpalva: \u0161viesus \u0105\u017euolas<br \/>\nMatmenys: Plotis: 149\u2013269 cm<br \/>\nAuk\u0161tis: 77 cm<br \/>\nGylis: 85 cm<br \/>\nMatmen\u0173 tolerancija \u00b12%<br \/>\nDizainas: modernus i\u0161skleid\u017eiamas valgomojo stalas<br \/>\nSta\u010diakamp\u0117 forma<br \/>\nIdealiai tinka tiek ma\u017eesn\u0117ms, tiek didesn\u0117ms erdv\u0117ms<br \/>\nNesenstantis ir universalus dizainas<br \/>\nNat\u016bralaus med\u017eio gro\u017eis<br \/>\nKorpusas pagamintas i\u0161 patvarios laminuotos plok\u0161t\u0117s<br \/>\nFunkcinis prailginimo mechanizmas su sinchroniniu kreipikliu<br \/>\nStalvir\u0161is atsparus kasdieniam naudojimui ir \u012fbr\u0117\u017eimams<br \/>\nRinkinyje yra 3 \u012fd\u0117klai, kuri\u0173 matmenys 40 \u00d7 85 cm<br \/>\nMedin\u0117s kojel\u0117s stabilumui<br \/>\nNaujas produktas, gamykloje supakuotas, skirtas savaranki\u0161kam surinkimui<\/p>","protected":false},"excerpt":{"rendered":"<p>Kolekcija: PLOT Modelis: PT-01 Spalva: \u0160viesaus \u0105\u017euolo Matmenys: Plotis: 149-269 cm Auk\u0161tis: 77 cm Gylis: 85 cm Matmen\u0173 tolerancija \u00b12% Dizainas: Modernus i\u0161skleid\u017eiamas valgomojo stalas Sta\u010diakamp\u0117 forma Idealiai tinka tiek ma\u017eesn\u0117ms, tiek didesn\u0117ms erdv\u0117ms Nesenstantis ir universalus dizainas Nat\u016bralaus med\u017eio gro\u017eis Korpusas pagamintas i\u0161 patvarios laminuotos plok\u0161t\u0117s Funkcinis i\u0161pl\u0117timo mechanizmas su sinchroniniu kreipikliu Stalvir\u0161is [\u2026]<\/p>","protected":false},"featured_media":251864,"comment_status":"open","ping_status":"open","template":"","meta":[],"product_brand":[],"product_cat":[2454,1934],"product_tag":[],"class_list":{"0":"post-251863","1":"product","2":"type-product","3":"status-publish","4":"has-post-thumbnail","6":"product_cat-lenart","7":"product_cat-tables","9":"first","10":"instock","11":"purchasable","12":"product-type-simple"},"_links":{"self":[{"href":"https:\/\/baldumarket.lt\/lt\/wp-json\/wp\/v2\/product\/251863","targetHints":{"allow":["GET"]}}],"collection":[{"href":"https:\/\/baldumarket.lt\/lt\/wp-json\/wp\/v2\/product"}],"about":[{"href":"https:\/\/baldumarket.lt\/lt\/wp-json\/wp\/v2\/types\/product"}],"replies":[{"embeddable":true,"href":"https:\/\/baldumarket.lt\/lt\/wp-json\/wp\/v2\/comments?post=251863"}],"wp:featuredmedia":[{"embeddable":true,"href":"https:\/\/baldumarket.lt\/lt\/wp-json\/wp\/v2\/media\/251864"}],"wp:attachment":[{"href":"https:\/\/baldumarket.lt\/lt\/wp-json\/wp\/v2\/media?parent=251863"}],"wp:term":[{"taxonomy":"product_brand","embeddable":true,"href":"https:\/\/baldumarket.lt\/lt\/wp-json\/wp\/v2\/product_brand?post=251863"},{"taxonomy":"product_cat","embeddable":true,"href":"https:\/\/baldumarket.lt\/lt\/wp-json\/wp\/v2\/product_cat?post=251863"},{"taxonomy":"product_tag","embeddable":true,"href":"https:\/\/baldumarket.lt\/lt\/wp-json\/wp\/v2\/product_tag?post=251863"}],"curies":[{"name":"wp","href":"https:\/\/api.w.org\/{rel}","templated":true}]}}